{"id":1272,"date":"2020-07-23T18:05:46","date_gmt":"2020-07-23T18:05:46","guid":{"rendered":"http:\/\/www.nembutalscams.com\/?page_id=1272"},"modified":"2020-10-22T11:38:40","modified_gmt":"2020-10-22T11:38:40","slug":"history","status":"publish","type":"page","link":"https:\/\/www.nembutalscams.com\/de\/about-nembutal\/history\/","title":{"rendered":"Geschichte"},"content":{"rendered":"<p>Obwohl sich Barbiturate als hocheffiziente Schlafmittel herausstellten, gab es ein Problem mit einer wichtigen Nebenwirkung bei \u00dcberdosierung: der Tod.<\/p>\n<p>Dies galt um so mehr wenn die Tabletten mit Alkohol eingenommen wurden.<\/p>\n<p>Viele ber\u00fchmt Personen sind (einige willk\u00fcrlich andere versehentlich) an einer \u00dcberdosis Barbituraten gestorben. Marilyn Monroe, Judy Garland und Jimmy Hendrix sind nur einige davon.<\/p>\n<p>Das Mythos der Abrbituraten wurde weiters in <a href=\"https:\/\/www.amazon.com\/dp\/0802125344?tag=duckduckgo-exp-b-20&amp;linkCode=osi&amp;th=1&amp;psc=1\" target=\"_blank\" rel=\"noopener noreferrer\">B\u00fcchern<\/a> und <a href=\"https:\/\/www.youtube.com\/watch?v=tebz5KKBHZs\" target=\"_blank\" rel=\"noopener noreferrer\">Filme<\/a> wie &#8220;<em>The Valley of the Dolls&#8221;<\/em> verst\u00e4rkt.<\/p>\n<p>Es war nur eine Frage der Zeit bis \u00c4rzte Barbiturate mit sichereren, verf\u00fcgbaren Alternativen (Benzodiazepine) ersetzen w\u00fcrden.<\/p>\n<p>Nembutal wurde 1998 von der Liste der verschreibbaren Medikamente gestrichen. Amztal folgte im Jahr 2003.<\/p>\n<p>Heutzutage wird nur mehr das langsam wirkende Barbiturat Phenobarbital von \u00c4rzten verschrieben.<\/p>\n<p>Phonobarbital hat seine Nische in der Medizin als Antikonvulsivum, ist jedoch eine schwacher Ersatz wenn es darum geht einen zuverl\u00e4ssigen, friedlichen Tod herbeizuf\u00fchren.<\/p>\n<p><strong><br \/>\nVeterin\u00e4re Verwendung von Barbituraten<\/strong><\/p>\n<p>Die veterin\u00e4re Verwendung von Barbituraten dauert von den 1930er Jahren konstant an, und dient als An\u00e4sthetikum bei chirurgischen Eingriffen oder zur Einschl\u00e4ferung der Tiere.<\/p>\n<p>Eine hohe Dosis, intraven\u00f6s verabreicht, f\u00fchrt zu einem raschen und friedlichen Tod des Tieres.<\/p>\n<p>Die gr\u00fcn gef\u00e4rbte Form des Arzneimittels wird mit den Namen Lethabarb oder Valabarb vermarktet und ist als &#8216;gr\u00fcner Traum&#8217; bekannt.<\/p>\n<p>Die rosa gef\u00e4rbte Form wird mit dem Namen Dolethal vermarktet.<\/p>\n<p><img loading=\"lazy\" class=\" wp-image-1312 aligncenter\" src=\"http:\/\/www.nembutalscams.com\/wp-content\/uploads\/Valley-of-the-dolls-208x300.jpeg\" alt=\"\" width=\"306\" height=\"441\" srcset=\"https:\/\/www.nembutalscams.com\/wp-content\/uploads\/Valley-of-the-dolls-208x300.jpeg 208w, https:\/\/www.nembutalscams.com\/wp-content\/uploads\/Valley-of-the-dolls.jpeg 670w\" sizes=\"(max-width: 306px) 100vw, 306px\" \/><\/p>","protected":false},"excerpt":{"rendered":"<p>Obwohl sich Barbiturate als hocheffiziente Schlafmittel herausstellten, gab es ein Problem mit einer wichtigen Nebenwirkung bei \u00dcberdosierung: der Tod. Dies galt um so mehr wenn die Tabletten mit Alkohol eingenommen wurden. Viele ber\u00fchmt Personen&#46;&#46;&#46;<\/p>\n","protected":false},"author":1,"featured_media":1237,"parent":1266,"menu_order":0,"comment_status":"closed","ping_status":"closed","template":"","meta":[],"yoast_head":"<!-- This site is optimized with the Yoast SEO plugin v16.0.2 - https:\/\/yoast.com\/wordpress\/plugins\/seo\/ -->\n<title>Geschichte - Betrug mit Nembutal<\/title>\n<link rel=\"canonical\" href=\"https:\/\/www.nembutalscams.com\/about-nembutal\/history\/\" \/>\n<meta property=\"og:locale\" content=\"de_DE\" \/>\n<meta property=\"og:type\" content=\"article\" \/>\n<meta property=\"og:title\" content=\"[:en]History[:de]Geschichte[:fr]Histoire[:nl]Geschiedenis[:it]Storia[:es]Historia[:] - Betrug mit Nembutal\" \/>\n<meta property=\"og:description\" content=\"Obwohl sich Barbiturate als hocheffiziente Schlafmittel herausstellten, gab es ein Problem mit einer wichtigen Nebenwirkung bei \u00dcberdosierung: der Tod. Dies galt um so mehr wenn die Tabletten mit Alkohol eingenommen wurden. Viele ber\u00fchmt Personen&#046;&#046;&#046;\" \/>\n<meta property=\"og:url\" content=\"https:\/\/www.nembutalscams.com\/about-nembutal\/history\/\" \/>\n<meta property=\"og:site_name\" content=\"Betrug mit Nembutal\" \/>\n<meta property=\"article:modified_time\" content=\"2020-10-22T11:38:40+00:00\" \/>\n<meta property=\"og:image\" content=\"https:\/\/www.nembutalscams.com\/wp-content\/uploads\/featured_img_new6.png\" \/>\n\t<meta property=\"og:image:width\" content=\"700\" \/>\n\t<meta property=\"og:image:height\" content=\"170\" \/>\n<meta name=\"twitter:card\" content=\"summary_large_image\" \/>\n<meta name=\"twitter:label1\" content=\"Gesch\u00e4tzte Lesezeit\">\n\t<meta name=\"twitter:data1\" content=\"8 Minuten\">\n<script type=\"application\/ld+json\" class=\"yoast-schema-graph\">{\"@context\":\"https:\/\/schema.org\",\"@graph\":[{\"@type\":\"WebSite\",\"@id\":\"https:\/\/www.nembutalscams.com\/en\/#website\",\"url\":\"https:\/\/www.nembutalscams.com\/en\/\",\"name\":\"Betrug mit Nembutal\",\"description\":\"Nembutal Scams Neighbourhood Watch\",\"potentialAction\":[{\"@type\":\"SearchAction\",\"target\":\"https:\/\/www.nembutalscams.com\/en\/?s={search_term_string}\",\"query-input\":\"required name=search_term_string\"}],\"inLanguage\":\"de-DE\"},{\"@type\":\"ImageObject\",\"@id\":\"https:\/\/www.nembutalscams.com\/about-nembutal\/history\/#primaryimage\",\"inLanguage\":\"de-DE\",\"url\":\"https:\/\/www.nembutalscams.com\/wp-content\/uploads\/featured_img_new6.png\",\"width\":700,\"height\":170},{\"@type\":\"WebPage\",\"@id\":\"https:\/\/www.nembutalscams.com\/about-nembutal\/history\/#webpage\",\"url\":\"https:\/\/www.nembutalscams.com\/about-nembutal\/history\/\",\"name\":\"[:en]History[:de]Geschichte[:fr]Histoire[:nl]Geschiedenis[:it]Storia[:es]Historia[:] - Betrug mit Nembutal\",\"isPartOf\":{\"@id\":\"https:\/\/www.nembutalscams.com\/en\/#website\"},\"primaryImageOfPage\":{\"@id\":\"https:\/\/www.nembutalscams.com\/about-nembutal\/history\/#primaryimage\"},\"datePublished\":\"2020-07-23T18:05:46+00:00\",\"dateModified\":\"2020-10-22T11:38:40+00:00\",\"breadcrumb\":{\"@id\":\"https:\/\/www.nembutalscams.com\/about-nembutal\/history\/#breadcrumb\"},\"inLanguage\":\"de-DE\",\"potentialAction\":[{\"@type\":\"ReadAction\",\"target\":[\"https:\/\/www.nembutalscams.com\/about-nembutal\/history\/\"]}]},{\"@type\":\"BreadcrumbList\",\"@id\":\"https:\/\/www.nembutalscams.com\/about-nembutal\/history\/#breadcrumb\",\"itemListElement\":[{\"@type\":\"ListItem\",\"position\":1,\"item\":{\"@type\":\"WebPage\",\"@id\":\"https:\/\/www.nembutalscams.com\/\",\"url\":\"https:\/\/www.nembutalscams.com\/\",\"name\":\"Home\"}},{\"@type\":\"ListItem\",\"position\":2,\"item\":{\"@type\":\"WebPage\",\"@id\":\"https:\/\/www.nembutalscams.com\/about-nembutal\/\",\"url\":\"https:\/\/www.nembutalscams.com\/about-nembutal\/\",\"name\":\"About Nembutal\"}},{\"@type\":\"ListItem\",\"position\":3,\"item\":{\"@type\":\"WebPage\",\"@id\":\"https:\/\/www.nembutalscams.com\/about-nembutal\/history\/\",\"url\":\"https:\/\/www.nembutalscams.com\/about-nembutal\/history\/\",\"name\":\"History\"}}]}]}<\/script>\n<!-- \/ Yoast SEO plugin. -->","_links":{"self":[{"href":"https:\/\/www.nembutalscams.com\/de\/wp-json\/wp\/v2\/pages\/1272"}],"collection":[{"href":"https:\/\/www.nembutalscams.com\/de\/wp-json\/wp\/v2\/pages"}],"about":[{"href":"https:\/\/www.nembutalscams.com\/de\/wp-json\/wp\/v2\/types\/page"}],"author":[{"embeddable":true,"href":"https:\/\/www.nembutalscams.com\/de\/wp-json\/wp\/v2\/users\/1"}],"replies":[{"embeddable":true,"href":"https:\/\/www.nembutalscams.com\/de\/wp-json\/wp\/v2\/comments?post=1272"}],"version-history":[{"count":19,"href":"https:\/\/www.nembutalscams.com\/de\/wp-json\/wp\/v2\/pages\/1272\/revisions"}],"predecessor-version":[{"id":1755,"href":"https:\/\/www.nembutalscams.com\/de\/wp-json\/wp\/v2\/pages\/1272\/revisions\/1755"}],"up":[{"embeddable":true,"href":"https:\/\/www.nembutalscams.com\/de\/wp-json\/wp\/v2\/pages\/1266"}],"wp:featuredmedia":[{"embeddable":true,"href":"https:\/\/www.nembutalscams.com\/de\/wp-json\/wp\/v2\/media\/1237"}],"wp:attachment":[{"href":"https:\/\/www.nembutalscams.com\/de\/wp-json\/wp\/v2\/media?parent=1272"}],"curies":[{"name":"wp","href":"https:\/\/api.w.org\/{rel}","templated":true}]}}