{"id":1283,"date":"2020-07-23T18:09:12","date_gmt":"2020-07-23T18:09:12","guid":{"rendered":"http:\/\/www.nembutalscams.com\/?page_id=1283"},"modified":"2020-10-24T08:06:08","modified_gmt":"2020-10-24T08:06:08","slug":"background","status":"publish","type":"page","link":"https:\/\/www.nembutalscams.com\/de\/about-this-site\/background\/","title":{"rendered":"Exit International"},"content":{"rendered":"<p><\/p>\n<table>\n<tbody>\n<tr>\n<td>\n<p><div id=\"attachment_1346\" style=\"width: 310px\" class=\"wp-caption alignleft\"><img aria-describedby=\"caption-attachment-1346\" loading=\"lazy\" class=\"size-medium wp-image-1346\" src=\"https:\/\/www.nembutalscams.com\/wp-content\/uploads\/Philip-and-PPH-300x166.jpeg\" alt=\"\" width=\"300\" height=\"166\" srcset=\"https:\/\/www.nembutalscams.com\/wp-content\/uploads\/Philip-and-PPH-300x166.jpeg 300w, https:\/\/www.nembutalscams.com\/wp-content\/uploads\/Philip-and-PPH-1024x566.jpeg 1024w, https:\/\/www.nembutalscams.com\/wp-content\/uploads\/Philip-and-PPH-768x424.jpeg 768w, https:\/\/www.nembutalscams.com\/wp-content\/uploads\/Philip-and-PPH-1536x849.jpeg 1536w, https:\/\/www.nembutalscams.com\/wp-content\/uploads\/Philip-and-PPH.jpeg 1777w\" sizes=\"(max-width: 300px) 100vw, 300px\" \/><p id=\"caption-attachment-1346\" class=\"wp-caption-text\">Exit Gr\u00fcnder, Dr. Philip Nitschke<\/p><\/div><\/td>\n<td>Die Nembutalscams.com Webseite geh\u00f6rt und wird von Exit International betrieben.<\/p>\n<p>Exit International wurde 1997 von Dr. Philip Nitschke gegr\u00fcndet.<\/p>\n<p>Weiter Infos \u00fcber Exit International finden Sie in englischer Sprache unter <a href=\"https:\/\/www.exitinternational.net\">www.exitinternational.net<\/a><\/td>\n<\/tr>\n<\/tbody>\n<\/table>\n<p><\/p>","protected":false},"excerpt":{"rendered":"<p>Die Nembutalscams.com Webseite geh\u00f6rt und wird von Exit International betrieben. Exit International wurde 1997 von Dr. Philip Nitschke gegr\u00fcndet. Weiter Infos \u00fcber Exit International finden Sie in englischer Sprache unter www.exitinternational.net<\/p>\n","protected":false},"author":1,"featured_media":1237,"parent":1281,"menu_order":0,"comment_status":"closed","ping_status":"closed","template":"","meta":[],"yoast_head":"<!-- This site is optimized with the Yoast SEO plugin v16.0.2 - https:\/\/yoast.com\/wordpress\/plugins\/seo\/ -->\n<title>Exit International - Betrug mit Nembutal<\/title>\n<link rel=\"canonical\" href=\"https:\/\/www.nembutalscams.com\/about-this-site\/background\/\" \/>\n<meta property=\"og:locale\" content=\"de_DE\" \/>\n<meta property=\"og:type\" content=\"article\" \/>\n<meta property=\"og:title\" content=\"[:en]Background[:de]Exit International[:fr]\u00c0 propos d&#039;Exit International[:nl]Achtergrond[:it]Su Exit International[:es]Sobre Exit International[:] - Betrug mit Nembutal\" \/>\n<meta property=\"og:description\" content=\"Die Nembutalscams.com Webseite geh\u00f6rt und wird von Exit International betrieben. Exit International wurde 1997 von Dr. Philip Nitschke gegr\u00fcndet. Weiter Infos \u00fcber Exit International finden Sie in englischer Sprache unter www.exitinternational.net\" \/>\n<meta property=\"og:url\" content=\"https:\/\/www.nembutalscams.com\/about-this-site\/background\/\" \/>\n<meta property=\"og:site_name\" content=\"Betrug mit Nembutal\" \/>\n<meta property=\"article:modified_time\" content=\"2020-10-24T08:06:08+00:00\" \/>\n<meta property=\"og:image\" content=\"https:\/\/www.nembutalscams.com\/wp-content\/uploads\/featured_img_new6.png\" \/>\n\t<meta property=\"og:image:width\" content=\"700\" \/>\n\t<meta property=\"og:image:height\" content=\"170\" \/>\n<meta name=\"twitter:card\" content=\"summary_large_image\" \/>\n<meta name=\"twitter:label1\" content=\"Gesch\u00e4tzte Lesezeit\">\n\t<meta name=\"twitter:data1\" content=\"1 Minute\">\n<script type=\"application\/ld+json\" class=\"yoast-schema-graph\">{\"@context\":\"https:\/\/schema.org\",\"@graph\":[{\"@type\":\"WebSite\",\"@id\":\"https:\/\/www.nembutalscams.com\/en\/#website\",\"url\":\"https:\/\/www.nembutalscams.com\/en\/\",\"name\":\"Betrug mit Nembutal\",\"description\":\"Nembutal Scams Neighbourhood Watch\",\"potentialAction\":[{\"@type\":\"SearchAction\",\"target\":\"https:\/\/www.nembutalscams.com\/en\/?s={search_term_string}\",\"query-input\":\"required name=search_term_string\"}],\"inLanguage\":\"de-DE\"},{\"@type\":\"ImageObject\",\"@id\":\"https:\/\/www.nembutalscams.com\/about-this-site\/background\/#primaryimage\",\"inLanguage\":\"de-DE\",\"url\":\"https:\/\/www.nembutalscams.com\/wp-content\/uploads\/featured_img_new6.png\",\"width\":700,\"height\":170},{\"@type\":\"WebPage\",\"@id\":\"https:\/\/www.nembutalscams.com\/about-this-site\/background\/#webpage\",\"url\":\"https:\/\/www.nembutalscams.com\/about-this-site\/background\/\",\"name\":\"[:en]Background[:de]Exit International[:fr]\\u00c0 propos d'Exit International[:nl]Achtergrond[:it]Su Exit International[:es]Sobre Exit International[:] - Betrug mit Nembutal\",\"isPartOf\":{\"@id\":\"https:\/\/www.nembutalscams.com\/en\/#website\"},\"primaryImageOfPage\":{\"@id\":\"https:\/\/www.nembutalscams.com\/about-this-site\/background\/#primaryimage\"},\"datePublished\":\"2020-07-23T18:09:12+00:00\",\"dateModified\":\"2020-10-24T08:06:08+00:00\",\"breadcrumb\":{\"@id\":\"https:\/\/www.nembutalscams.com\/about-this-site\/background\/#breadcrumb\"},\"inLanguage\":\"de-DE\",\"potentialAction\":[{\"@type\":\"ReadAction\",\"target\":[\"https:\/\/www.nembutalscams.com\/about-this-site\/background\/\"]}]},{\"@type\":\"BreadcrumbList\",\"@id\":\"https:\/\/www.nembutalscams.com\/about-this-site\/background\/#breadcrumb\",\"itemListElement\":[{\"@type\":\"ListItem\",\"position\":1,\"item\":{\"@type\":\"WebPage\",\"@id\":\"https:\/\/www.nembutalscams.com\/\",\"url\":\"https:\/\/www.nembutalscams.com\/\",\"name\":\"Home\"}},{\"@type\":\"ListItem\",\"position\":2,\"item\":{\"@type\":\"WebPage\",\"@id\":\"https:\/\/www.nembutalscams.com\/about-this-site\/\",\"url\":\"https:\/\/www.nembutalscams.com\/about-this-site\/\",\"name\":\"About this site\"}},{\"@type\":\"ListItem\",\"position\":3,\"item\":{\"@type\":\"WebPage\",\"@id\":\"https:\/\/www.nembutalscams.com\/about-this-site\/background\/\",\"url\":\"https:\/\/www.nembutalscams.com\/about-this-site\/background\/\",\"name\":\"Background\"}}]}]}<\/script>\n<!-- \/ Yoast SEO plugin. -->","_links":{"self":[{"href":"https:\/\/www.nembutalscams.com\/de\/wp-json\/wp\/v2\/pages\/1283"}],"collection":[{"href":"https:\/\/www.nembutalscams.com\/de\/wp-json\/wp\/v2\/pages"}],"about":[{"href":"https:\/\/www.nembutalscams.com\/de\/wp-json\/wp\/v2\/types\/page"}],"author":[{"embeddable":true,"href":"https:\/\/www.nembutalscams.com\/de\/wp-json\/wp\/v2\/users\/1"}],"replies":[{"embeddable":true,"href":"https:\/\/www.nembutalscams.com\/de\/wp-json\/wp\/v2\/comments?post=1283"}],"version-history":[{"count":16,"href":"https:\/\/www.nembutalscams.com\/de\/wp-json\/wp\/v2\/pages\/1283\/revisions"}],"predecessor-version":[{"id":1765,"href":"https:\/\/www.nembutalscams.com\/de\/wp-json\/wp\/v2\/pages\/1283\/revisions\/1765"}],"up":[{"embeddable":true,"href":"https:\/\/www.nembutalscams.com\/de\/wp-json\/wp\/v2\/pages\/1281"}],"wp:featuredmedia":[{"embeddable":true,"href":"https:\/\/www.nembutalscams.com\/de\/wp-json\/wp\/v2\/media\/1237"}],"wp:attachment":[{"href":"https:\/\/www.nembutalscams.com\/de\/wp-json\/wp\/v2\/media?parent=1283"}],"curies":[{"name":"wp","href":"https:\/\/api.w.org\/{rel}","templated":true}]}}