{"id":1285,"date":"2020-07-23T18:09:34","date_gmt":"2020-07-23T18:09:34","guid":{"rendered":"http:\/\/www.nembutalscams.com\/?page_id=1285"},"modified":"2020-10-22T12:14:51","modified_gmt":"2020-10-22T12:14:51","slug":"exit-international","status":"publish","type":"page","link":"https:\/\/www.nembutalscams.com\/de\/about-this-site\/exit-international\/","title":{"rendered":"\u00dcber diese Webseite"},"content":{"rendered":"<p>Die Nembutalscams.com Webseite wurde gegr\u00fcndet, um \u00e4ltere und kranke Menschen vor Betr\u00fcgern im Internet zu sch\u00fctzen.<\/p>\n<p>Die Nembutalscams.com Webseite soll eine Gemeinscht werden, in der sich Leute gegenseitig vor Betr\u00fcgern warnen.<\/p>\n<p>Betr\u00fcger geben sich regelm\u00e4\u00dfig als Philip Nitschke aus oder behaupten sie w\u00e4ren Exit International.<\/p>\n<p>Mit dieser Webseite hoffen wir, dass die Betr\u00fcgereien einged\u00e4mmt werden k\u00f6nnen.<\/p>\n<hr \/>\n<h3 style=\"text-align: center;\">Wie Webseiten von Betr\u00fcgern aussehen k\u00f6nnen<\/h3>\n<p style=\"text-align: center;\"><em>(Klicken Sie auf die Bilder zum vergr\u00f6\u00dfern)<\/em><\/p>\n<p>\n\t\t<style type=\"text\/css\">\n\t\t\t#gallery-2 {\n\t\t\t\tmargin: auto;\n\t\t\t}\n\t\t\t#gallery-2 .gallery-item {\n\t\t\t\tfloat: left;\n\t\t\t\tmargin-top: 10px;\n\t\t\t\ttext-align: center;\n\t\t\t\twidth: 20%;\n\t\t\t}\n\t\t\t#gallery-2 img {\n\t\t\t\tborder: 2px solid #cfcfcf;\n\t\t\t}\n\t\t\t#gallery-2 .gallery-caption {\n\t\t\t\tmargin-left: 0;\n\t\t\t}\n\t\t\t\/* see gallery_shortcode() in wp-includes\/media.php *\/\n\t\t<\/style>\n\t\t<div id='gallery-2' class='gallery galleryid-1285 gallery-columns-5 gallery-size-thumbnail'><dl class='gallery-item'>\n\t\t\t<dt class='gallery-icon landscape'>\n\t\t\t\t<a href='https:\/\/www.nembutalscams.com\/wp-content\/uploads\/NembutalScam1.jpg'><img width=\"150\" height=\"150\" src=\"https:\/\/www.nembutalscams.com\/wp-content\/uploads\/NembutalScam1-150x150.jpg\" class=\"attachment-thumbnail size-thumbnail\" alt=\"\" loading=\"lazy\" srcset=\"https:\/\/www.nembutalscams.com\/wp-content\/uploads\/NembutalScam1-150x150.jpg 150w, https:\/\/www.nembutalscams.com\/wp-content\/uploads\/NembutalScam1-80x80.jpg 80w, https:\/\/www.nembutalscams.com\/wp-content\/uploads\/NembutalScam1-320x320.jpg 320w\" sizes=\"(max-width: 150px) 100vw, 150px\" \/><\/a>\n\t\t\t<\/dt><\/dl><dl class='gallery-item'>\n\t\t\t<dt class='gallery-icon landscape'>\n\t\t\t\t<a href='https:\/\/www.nembutalscams.com\/wp-content\/uploads\/NembutalScam11.jpg'><img width=\"150\" height=\"150\" src=\"https:\/\/www.nembutalscams.com\/wp-content\/uploads\/NembutalScam11-150x150.jpg\" class=\"attachment-thumbnail size-thumbnail\" alt=\"\" loading=\"lazy\" srcset=\"https:\/\/www.nembutalscams.com\/wp-content\/uploads\/NembutalScam11-150x150.jpg 150w, https:\/\/www.nembutalscams.com\/wp-content\/uploads\/NembutalScam11-80x80.jpg 80w, https:\/\/www.nembutalscams.com\/wp-content\/uploads\/NembutalScam11-320x320.jpg 320w\" sizes=\"(max-width: 150px) 100vw, 150px\" \/><\/a>\n\t\t\t<\/dt><\/dl><dl class='gallery-item'>\n\t\t\t<dt class='gallery-icon landscape'>\n\t\t\t\t<a href='https:\/\/www.nembutalscams.com\/wp-content\/uploads\/NembutalScam12.jpg'><img width=\"150\" height=\"150\" src=\"https:\/\/www.nembutalscams.com\/wp-content\/uploads\/NembutalScam12-150x150.jpg\" class=\"attachment-thumbnail size-thumbnail\" alt=\"\" loading=\"lazy\" srcset=\"https:\/\/www.nembutalscams.com\/wp-content\/uploads\/NembutalScam12-150x150.jpg 150w, https:\/\/www.nembutalscams.com\/wp-content\/uploads\/NembutalScam12-80x80.jpg 80w, https:\/\/www.nembutalscams.com\/wp-content\/uploads\/NembutalScam12-320x320.jpg 320w\" sizes=\"(max-width: 150px) 100vw, 150px\" \/><\/a>\n\t\t\t<\/dt><\/dl><dl class='gallery-item'>\n\t\t\t<dt class='gallery-icon landscape'>\n\t\t\t\t<a href='https:\/\/www.nembutalscams.com\/wp-content\/uploads\/NembutalScam10.jpg'><img width=\"150\" height=\"150\" src=\"https:\/\/www.nembutalscams.com\/wp-content\/uploads\/NembutalScam10-150x150.jpg\" class=\"attachment-thumbnail size-thumbnail\" alt=\"\" loading=\"lazy\" srcset=\"https:\/\/www.nembutalscams.com\/wp-content\/uploads\/NembutalScam10-150x150.jpg 150w, https:\/\/www.nembutalscams.com\/wp-content\/uploads\/NembutalScam10-80x80.jpg 80w, https:\/\/www.nembutalscams.com\/wp-content\/uploads\/NembutalScam10-320x320.jpg 320w\" sizes=\"(max-width: 150px) 100vw, 150px\" \/><\/a>\n\t\t\t<\/dt><\/dl><dl class='gallery-item'>\n\t\t\t<dt class='gallery-icon landscape'>\n\t\t\t\t<a href='https:\/\/www.nembutalscams.com\/wp-content\/uploads\/NembutalScam9.jpg'><img width=\"150\" height=\"150\" src=\"https:\/\/www.nembutalscams.com\/wp-content\/uploads\/NembutalScam9-150x150.jpg\" class=\"attachment-thumbnail size-thumbnail\" alt=\"\" loading=\"lazy\" srcset=\"https:\/\/www.nembutalscams.com\/wp-content\/uploads\/NembutalScam9-150x150.jpg 150w, https:\/\/www.nembutalscams.com\/wp-content\/uploads\/NembutalScam9-80x80.jpg 80w, https:\/\/www.nembutalscams.com\/wp-content\/uploads\/NembutalScam9-320x320.jpg 320w\" sizes=\"(max-width: 150px) 100vw, 150px\" \/><\/a>\n\t\t\t<\/dt><\/dl><br style=\"clear: both\" \/><dl class='gallery-item'>\n\t\t\t<dt class='gallery-icon landscape'>\n\t\t\t\t<a href='https:\/\/www.nembutalscams.com\/wp-content\/uploads\/18.jpg'><img width=\"150\" height=\"150\" src=\"https:\/\/www.nembutalscams.com\/wp-content\/uploads\/18-150x150.jpg\" class=\"attachment-thumbnail size-thumbnail\" alt=\"\" loading=\"lazy\" srcset=\"https:\/\/www.nembutalscams.com\/wp-content\/uploads\/18-150x150.jpg 150w, https:\/\/www.nembutalscams.com\/wp-content\/uploads\/18-80x80.jpg 80w, https:\/\/www.nembutalscams.com\/wp-content\/uploads\/18-320x320.jpg 320w\" sizes=\"(max-width: 150px) 100vw, 150px\" \/><\/a>\n\t\t\t<\/dt><\/dl><dl class='gallery-item'>\n\t\t\t<dt class='gallery-icon landscape'>\n\t\t\t\t<a href='https:\/\/www.nembutalscams.com\/wp-content\/uploads\/16.jpg'><img width=\"150\" height=\"150\" src=\"https:\/\/www.nembutalscams.com\/wp-content\/uploads\/16-150x150.jpg\" class=\"attachment-thumbnail size-thumbnail\" alt=\"\" loading=\"lazy\" srcset=\"https:\/\/www.nembutalscams.com\/wp-content\/uploads\/16-150x150.jpg 150w, https:\/\/www.nembutalscams.com\/wp-content\/uploads\/16-80x80.jpg 80w, https:\/\/www.nembutalscams.com\/wp-content\/uploads\/16-320x320.jpg 320w\" sizes=\"(max-width: 150px) 100vw, 150px\" \/><\/a>\n\t\t\t<\/dt><\/dl><dl class='gallery-item'>\n\t\t\t<dt class='gallery-icon landscape'>\n\t\t\t\t<a href='https:\/\/www.nembutalscams.com\/wp-content\/uploads\/17.jpg'><img width=\"150\" height=\"150\" src=\"https:\/\/www.nembutalscams.com\/wp-content\/uploads\/17-150x150.jpg\" class=\"attachment-thumbnail size-thumbnail\" alt=\"\" loading=\"lazy\" srcset=\"https:\/\/www.nembutalscams.com\/wp-content\/uploads\/17-150x150.jpg 150w, https:\/\/www.nembutalscams.com\/wp-content\/uploads\/17-80x80.jpg 80w, https:\/\/www.nembutalscams.com\/wp-content\/uploads\/17-320x320.jpg 320w\" sizes=\"(max-width: 150px) 100vw, 150px\" \/><\/a>\n\t\t\t<\/dt><\/dl><dl class='gallery-item'>\n\t\t\t<dt class='gallery-icon landscape'>\n\t\t\t\t<a href='https:\/\/www.nembutalscams.com\/wp-content\/uploads\/13.jpg'><img width=\"150\" height=\"150\" src=\"https:\/\/www.nembutalscams.com\/wp-content\/uploads\/13-150x150.jpg\" class=\"attachment-thumbnail size-thumbnail\" alt=\"\" loading=\"lazy\" srcset=\"https:\/\/www.nembutalscams.com\/wp-content\/uploads\/13-150x150.jpg 150w, https:\/\/www.nembutalscams.com\/wp-content\/uploads\/13-80x80.jpg 80w, https:\/\/www.nembutalscams.com\/wp-content\/uploads\/13-320x320.jpg 320w\" sizes=\"(max-width: 150px) 100vw, 150px\" \/><\/a>\n\t\t\t<\/dt><\/dl><dl class='gallery-item'>\n\t\t\t<dt class='gallery-icon landscape'>\n\t\t\t\t<a href='https:\/\/www.nembutalscams.com\/wp-content\/uploads\/14.jpg'><img width=\"150\" height=\"150\" src=\"https:\/\/www.nembutalscams.com\/wp-content\/uploads\/14-150x150.jpg\" class=\"attachment-thumbnail size-thumbnail\" alt=\"\" loading=\"lazy\" srcset=\"https:\/\/www.nembutalscams.com\/wp-content\/uploads\/14-150x150.jpg 150w, https:\/\/www.nembutalscams.com\/wp-content\/uploads\/14-80x80.jpg 80w, https:\/\/www.nembutalscams.com\/wp-content\/uploads\/14-320x320.jpg 320w\" sizes=\"(max-width: 150px) 100vw, 150px\" \/><\/a>\n\t\t\t<\/dt><\/dl><br style=\"clear: both\" \/><dl class='gallery-item'>\n\t\t\t<dt class='gallery-icon landscape'>\n\t\t\t\t<a href='https:\/\/www.nembutalscams.com\/wp-content\/uploads\/NembutalScam8.jpg'><img width=\"150\" height=\"150\" src=\"https:\/\/www.nembutalscams.com\/wp-content\/uploads\/NembutalScam8-150x150.jpg\" class=\"attachment-thumbnail size-thumbnail\" alt=\"\" loading=\"lazy\" srcset=\"https:\/\/www.nembutalscams.com\/wp-content\/uploads\/NembutalScam8-150x150.jpg 150w, https:\/\/www.nembutalscams.com\/wp-content\/uploads\/NembutalScam8-80x80.jpg 80w, https:\/\/www.nembutalscams.com\/wp-content\/uploads\/NembutalScam8-320x320.jpg 320w\" sizes=\"(max-width: 150px) 100vw, 150px\" \/><\/a>\n\t\t\t<\/dt><\/dl><dl class='gallery-item'>\n\t\t\t<dt class='gallery-icon landscape'>\n\t\t\t\t<a href='https:\/\/www.nembutalscams.com\/wp-content\/uploads\/NembutalScam6.jpg'><img width=\"150\" height=\"150\" src=\"https:\/\/www.nembutalscams.com\/wp-content\/uploads\/NembutalScam6-150x150.jpg\" class=\"attachment-thumbnail size-thumbnail\" alt=\"\" loading=\"lazy\" srcset=\"https:\/\/www.nembutalscams.com\/wp-content\/uploads\/NembutalScam6-150x150.jpg 150w, https:\/\/www.nembutalscams.com\/wp-content\/uploads\/NembutalScam6-80x80.jpg 80w, https:\/\/www.nembutalscams.com\/wp-content\/uploads\/NembutalScam6-320x320.jpg 320w\" sizes=\"(max-width: 150px) 100vw, 150px\" \/><\/a>\n\t\t\t<\/dt><\/dl><dl class='gallery-item'>\n\t\t\t<dt class='gallery-icon landscape'>\n\t\t\t\t<a href='https:\/\/www.nembutalscams.com\/wp-content\/uploads\/NembutalScam4.jpg'><img width=\"150\" height=\"150\" src=\"https:\/\/www.nembutalscams.com\/wp-content\/uploads\/NembutalScam4-150x150.jpg\" class=\"attachment-thumbnail size-thumbnail\" alt=\"\" loading=\"lazy\" srcset=\"https:\/\/www.nembutalscams.com\/wp-content\/uploads\/NembutalScam4-150x150.jpg 150w, https:\/\/www.nembutalscams.com\/wp-content\/uploads\/NembutalScam4-80x80.jpg 80w, https:\/\/www.nembutalscams.com\/wp-content\/uploads\/NembutalScam4-320x320.jpg 320w\" sizes=\"(max-width: 150px) 100vw, 150px\" \/><\/a>\n\t\t\t<\/dt><\/dl><dl class='gallery-item'>\n\t\t\t<dt class='gallery-icon landscape'>\n\t\t\t\t<a href='https:\/\/www.nembutalscams.com\/wp-content\/uploads\/NembutalScam3.jpg'><img width=\"150\" height=\"150\" src=\"https:\/\/www.nembutalscams.com\/wp-content\/uploads\/NembutalScam3-150x150.jpg\" class=\"attachment-thumbnail size-thumbnail\" alt=\"\" loading=\"lazy\" srcset=\"https:\/\/www.nembutalscams.com\/wp-content\/uploads\/NembutalScam3-150x150.jpg 150w, https:\/\/www.nembutalscams.com\/wp-content\/uploads\/NembutalScam3-80x80.jpg 80w, https:\/\/www.nembutalscams.com\/wp-content\/uploads\/NembutalScam3-320x320.jpg 320w\" sizes=\"(max-width: 150px) 100vw, 150px\" \/><\/a>\n\t\t\t<\/dt><\/dl><dl class='gallery-item'>\n\t\t\t<dt class='gallery-icon landscape'>\n\t\t\t\t<a href='https:\/\/www.nembutalscams.com\/wp-content\/uploads\/NembutalScam2.jpg'><img width=\"150\" height=\"150\" src=\"https:\/\/www.nembutalscams.com\/wp-content\/uploads\/NembutalScam2-150x150.jpg\" class=\"attachment-thumbnail size-thumbnail\" alt=\"Scam Sites\" loading=\"lazy\" srcset=\"https:\/\/www.nembutalscams.com\/wp-content\/uploads\/NembutalScam2-150x150.jpg 150w, https:\/\/www.nembutalscams.com\/wp-content\/uploads\/NembutalScam2-80x80.jpg 80w, https:\/\/www.nembutalscams.com\/wp-content\/uploads\/NembutalScam2-320x320.jpg 320w\" sizes=\"(max-width: 150px) 100vw, 150px\" \/><\/a>\n\t\t\t<\/dt><\/dl><br style=\"clear: both\" \/>\n\t\t<\/div>\n<\/p>","protected":false},"excerpt":{"rendered":"<p>Die Nembutalscams.com Webseite wurde gegr\u00fcndet, um \u00e4ltere und kranke Menschen vor Betr\u00fcgern im Internet zu sch\u00fctzen. Die Nembutalscams.com Webseite soll eine Gemeinscht werden, in der sich Leute gegenseitig vor Betr\u00fcgern warnen. Betr\u00fcger geben sich&#46;&#46;&#46;<\/p>\n","protected":false},"author":1,"featured_media":1237,"parent":1281,"menu_order":0,"comment_status":"closed","ping_status":"closed","template":"","meta":[],"yoast_head":"<!-- This site is optimized with the Yoast SEO plugin v16.0.2 - https:\/\/yoast.com\/wordpress\/plugins\/seo\/ -->\n<title>\u00dcber diese Webseite - Betrug mit Nembutal<\/title>\n<link rel=\"canonical\" href=\"https:\/\/www.nembutalscams.com\/about-this-site\/exit-international\/\" \/>\n<meta property=\"og:locale\" content=\"de_DE\" \/>\n<meta property=\"og:type\" content=\"article\" \/>\n<meta property=\"og:title\" content=\"[:en]About Site[:de]\u00dcber diese Webseite[:fr]\u00c0 propos de ce site[:nl]Over de website[:it]Su questo sito[:es]Sobre el sitio[:] - Betrug mit Nembutal\" \/>\n<meta property=\"og:description\" content=\"Die Nembutalscams.com Webseite wurde gegr\u00fcndet, um \u00e4ltere und kranke Menschen vor Betr\u00fcgern im Internet zu sch\u00fctzen. Die Nembutalscams.com Webseite soll eine Gemeinscht werden, in der sich Leute gegenseitig vor Betr\u00fcgern warnen. Betr\u00fcger geben sich&#046;&#046;&#046;\" \/>\n<meta property=\"og:url\" content=\"https:\/\/www.nembutalscams.com\/about-this-site\/exit-international\/\" \/>\n<meta property=\"og:site_name\" content=\"Betrug mit Nembutal\" \/>\n<meta property=\"article:modified_time\" content=\"2020-10-22T12:14:51+00:00\" \/>\n<meta property=\"og:image\" content=\"https:\/\/www.nembutalscams.com\/wp-content\/uploads\/featured_img_new6.png\" \/>\n\t<meta property=\"og:image:width\" content=\"700\" \/>\n\t<meta property=\"og:image:height\" content=\"170\" \/>\n<meta name=\"twitter:card\" content=\"summary_large_image\" \/>\n<meta name=\"twitter:label1\" content=\"Gesch\u00e4tzte Lesezeit\">\n\t<meta name=\"twitter:data1\" content=\"3 Minuten\">\n<script type=\"application\/ld+json\" class=\"yoast-schema-graph\">{\"@context\":\"https:\/\/schema.org\",\"@graph\":[{\"@type\":\"WebSite\",\"@id\":\"https:\/\/www.nembutalscams.com\/en\/#website\",\"url\":\"https:\/\/www.nembutalscams.com\/en\/\",\"name\":\"Betrug mit Nembutal\",\"description\":\"Nembutal Scams Neighbourhood Watch\",\"potentialAction\":[{\"@type\":\"SearchAction\",\"target\":\"https:\/\/www.nembutalscams.com\/en\/?s={search_term_string}\",\"query-input\":\"required name=search_term_string\"}],\"inLanguage\":\"de-DE\"},{\"@type\":\"ImageObject\",\"@id\":\"https:\/\/www.nembutalscams.com\/about-this-site\/exit-international\/#primaryimage\",\"inLanguage\":\"de-DE\",\"url\":\"https:\/\/www.nembutalscams.com\/wp-content\/uploads\/featured_img_new6.png\",\"width\":700,\"height\":170},{\"@type\":\"WebPage\",\"@id\":\"https:\/\/www.nembutalscams.com\/about-this-site\/exit-international\/#webpage\",\"url\":\"https:\/\/www.nembutalscams.com\/about-this-site\/exit-international\/\",\"name\":\"[:en]About Site[:de]\\u00dcber diese Webseite[:fr]\\u00c0 propos de ce site[:nl]Over de website[:it]Su questo sito[:es]Sobre el sitio[:] - Betrug mit Nembutal\",\"isPartOf\":{\"@id\":\"https:\/\/www.nembutalscams.com\/en\/#website\"},\"primaryImageOfPage\":{\"@id\":\"https:\/\/www.nembutalscams.com\/about-this-site\/exit-international\/#primaryimage\"},\"datePublished\":\"2020-07-23T18:09:34+00:00\",\"dateModified\":\"2020-10-22T12:14:51+00:00\",\"breadcrumb\":{\"@id\":\"https:\/\/www.nembutalscams.com\/about-this-site\/exit-international\/#breadcrumb\"},\"inLanguage\":\"de-DE\",\"potentialAction\":[{\"@type\":\"ReadAction\",\"target\":[\"https:\/\/www.nembutalscams.com\/about-this-site\/exit-international\/\"]}]},{\"@type\":\"BreadcrumbList\",\"@id\":\"https:\/\/www.nembutalscams.com\/about-this-site\/exit-international\/#breadcrumb\",\"itemListElement\":[{\"@type\":\"ListItem\",\"position\":1,\"item\":{\"@type\":\"WebPage\",\"@id\":\"https:\/\/www.nembutalscams.com\/\",\"url\":\"https:\/\/www.nembutalscams.com\/\",\"name\":\"Home\"}},{\"@type\":\"ListItem\",\"position\":2,\"item\":{\"@type\":\"WebPage\",\"@id\":\"https:\/\/www.nembutalscams.com\/about-this-site\/\",\"url\":\"https:\/\/www.nembutalscams.com\/about-this-site\/\",\"name\":\"About this site\"}},{\"@type\":\"ListItem\",\"position\":3,\"item\":{\"@type\":\"WebPage\",\"@id\":\"https:\/\/www.nembutalscams.com\/about-this-site\/exit-international\/\",\"url\":\"https:\/\/www.nembutalscams.com\/about-this-site\/exit-international\/\",\"name\":\"About Site\"}}]}]}<\/script>\n<!-- \/ Yoast SEO plugin. -->","_links":{"self":[{"href":"https:\/\/www.nembutalscams.com\/de\/wp-json\/wp\/v2\/pages\/1285"}],"collection":[{"href":"https:\/\/www.nembutalscams.com\/de\/wp-json\/wp\/v2\/pages"}],"about":[{"href":"https:\/\/www.nembutalscams.com\/de\/wp-json\/wp\/v2\/types\/page"}],"author":[{"embeddable":true,"href":"https:\/\/www.nembutalscams.com\/de\/wp-json\/wp\/v2\/users\/1"}],"replies":[{"embeddable":true,"href":"https:\/\/www.nembutalscams.com\/de\/wp-json\/wp\/v2\/comments?post=1285"}],"version-history":[{"count":15,"href":"https:\/\/www.nembutalscams.com\/de\/wp-json\/wp\/v2\/pages\/1285\/revisions"}],"predecessor-version":[{"id":1764,"href":"https:\/\/www.nembutalscams.com\/de\/wp-json\/wp\/v2\/pages\/1285\/revisions\/1764"}],"up":[{"embeddable":true,"href":"https:\/\/www.nembutalscams.com\/de\/wp-json\/wp\/v2\/pages\/1281"}],"wp:featuredmedia":[{"embeddable":true,"href":"https:\/\/www.nembutalscams.com\/de\/wp-json\/wp\/v2\/media\/1237"}],"wp:attachment":[{"href":"https:\/\/www.nembutalscams.com\/de\/wp-json\/wp\/v2\/media?parent=1285"}],"curies":[{"name":"wp","href":"https:\/\/api.w.org\/{rel}","templated":true}]}}