{"id":1272,"date":"2020-07-23T18:05:46","date_gmt":"2020-07-23T18:05:46","guid":{"rendered":"http:\/\/www.nembutalscams.com\/?page_id=1272"},"modified":"2020-10-22T11:38:40","modified_gmt":"2020-10-22T11:38:40","slug":"history","status":"publish","type":"page","link":"https:\/\/www.nembutalscams.com\/es\/about-nembutal\/history\/","title":{"rendered":"Historia"},"content":{"rendered":"<p>Si bien se determin\u00f3 que los barbit\u00faricos eran tabletas para dormir muy eficaces, un problema importante fue el efecto secundario muy grave asociado a su sobredosis: la muerte.<\/p>\n<p>Esto se descubri\u00f3 que era especialmente cierto si las p\u00edldoras se tomaban con alcohol.<\/p>\n<p>Muchas personas famosas han muerto &#8211; algunas deliberadamente, otras inadvertidamente &#8211; por una sobredosis de barbit\u00faricos. Marilyn Monroe, Judy Garland y Jimmy Hendrix son algunos.<\/p>\n<p>Conocidas tambi\u00e9n como &#8216;Pink Ladies&#8217;, &#8216;Yellow Bullets&#8217;, &#8216;Peanuts&#8217; y &#8216;Dolls&#8217;, era s\u00f3lo cuesti\u00f3n de tiempo hasta que los barbit\u00faricos se deshicieran de la profesi\u00f3n m\u00e9dica y se dispusiera de nuevas y m\u00e1s seguras pastillas para dormir (las benzodiacepinas).<\/p>\n<p>Nembutal fue retirado con poca antelaci\u00f3n del programa de prescripci\u00f3n en 1998, y Amytal sigui\u00f3 el ejemplo en 2003.<\/p>\n<p>En la actualidad, el \u00fanico barbit\u00farico que suelen recetar los m\u00e9dicos es el fenobarbital de acci\u00f3n lenta.<\/p>\n<p>El fenobarbital ocupa un lugar destacado en la medicina como anticonvulsivo, pero es un sustituto deficiente de los barbit\u00faricos espec\u00edficos de las pastillas para dormir en lo que respecta a proporcionar una muerte fiable y pac\u00edfica.<\/p>\n<p>&nbsp;<\/p>\n<p><strong>Uso de barbit\u00faricos en la pr\u00e1ctica veterinaria<\/strong><\/p>\n<p>El uso veterinario de los barbit\u00faricos ha persistido desde el decenio de 1930, en el que se utilizan como anestesia durante las operaciones y para la eutanasia de los animales.<\/p>\n<p>Una gran dosis administrada por v\u00eda intravenosa, r\u00e1pida y pac\u00edficamente termina con la vida de un animal.<\/p>\n<p>Esta forma de la droga te\u00f1ida de verde se comercializa como Lethabarb o Valabarb y se conoce como &#8220;el sue\u00f1o verde&#8221;.<\/p>\n<p>La forma de color rosa de la droga veterinaria se comercializa como Dolethal.<\/p>\n<p><img loading=\"lazy\" class=\" wp-image-1312 aligncenter\" src=\"http:\/\/www.nembutalscams.com\/wp-content\/uploads\/Valley-of-the-dolls-208x300.jpeg\" alt=\"\" width=\"306\" height=\"441\" srcset=\"https:\/\/www.nembutalscams.com\/wp-content\/uploads\/Valley-of-the-dolls-208x300.jpeg 208w, https:\/\/www.nembutalscams.com\/wp-content\/uploads\/Valley-of-the-dolls.jpeg 670w\" sizes=\"(max-width: 306px) 100vw, 306px\" \/><\/p>","protected":false},"excerpt":{"rendered":"<p>Si bien se determin\u00f3 que los barbit\u00faricos eran tabletas para dormir muy eficaces, un problema importante fue el efecto secundario muy grave asociado a su sobredosis: la muerte. Esto se descubri\u00f3 que era especialmente&#46;&#46;&#46;<\/p>\n","protected":false},"author":1,"featured_media":1237,"parent":1266,"menu_order":0,"comment_status":"closed","ping_status":"closed","template":"","meta":[],"yoast_head":"<!-- This site is optimized with the Yoast SEO plugin v16.0.2 - https:\/\/yoast.com\/wordpress\/plugins\/seo\/ -->\n<title>Historia - Estafas con Nembutal<\/title>\n<link rel=\"canonical\" href=\"https:\/\/www.nembutalscams.com\/about-nembutal\/history\/\" \/>\n<meta property=\"og:locale\" content=\"es_ES\" \/>\n<meta property=\"og:type\" content=\"article\" \/>\n<meta property=\"og:title\" content=\"[:en]History[:de]Geschichte[:fr]Histoire[:nl]Geschiedenis[:it]Storia[:es]Historia[:] - Estafas con Nembutal\" \/>\n<meta property=\"og:description\" content=\"Si bien se determin\u00f3 que los barbit\u00faricos eran tabletas para dormir muy eficaces, un problema importante fue el efecto secundario muy grave asociado a su sobredosis: la muerte. Esto se descubri\u00f3 que era especialmente&#046;&#046;&#046;\" \/>\n<meta property=\"og:url\" content=\"https:\/\/www.nembutalscams.com\/about-nembutal\/history\/\" \/>\n<meta property=\"og:site_name\" content=\"Estafas con Nembutal\" \/>\n<meta property=\"article:modified_time\" content=\"2020-10-22T11:38:40+00:00\" \/>\n<meta property=\"og:image\" content=\"https:\/\/www.nembutalscams.com\/wp-content\/uploads\/featured_img_new6.png\" \/>\n\t<meta property=\"og:image:width\" content=\"700\" \/>\n\t<meta property=\"og:image:height\" content=\"170\" \/>\n<meta name=\"twitter:card\" content=\"summary_large_image\" \/>\n<meta name=\"twitter:label1\" content=\"Tiempo de lectura\">\n\t<meta name=\"twitter:data1\" content=\"8 minutos\">\n<script type=\"application\/ld+json\" class=\"yoast-schema-graph\">{\"@context\":\"https:\/\/schema.org\",\"@graph\":[{\"@type\":\"WebSite\",\"@id\":\"https:\/\/www.nembutalscams.com\/en\/#website\",\"url\":\"https:\/\/www.nembutalscams.com\/en\/\",\"name\":\"Nembutal Scams\",\"description\":\"Nembutal Scams Neighbourhood Watch\",\"potentialAction\":[{\"@type\":\"SearchAction\",\"target\":\"https:\/\/www.nembutalscams.com\/en\/?s={search_term_string}\",\"query-input\":\"required name=search_term_string\"}],\"inLanguage\":\"es\"},{\"@type\":\"ImageObject\",\"@id\":\"https:\/\/www.nembutalscams.com\/about-nembutal\/history\/#primaryimage\",\"inLanguage\":\"es\",\"url\":\"https:\/\/www.nembutalscams.com\/wp-content\/uploads\/featured_img_new6.png\",\"width\":700,\"height\":170},{\"@type\":\"WebPage\",\"@id\":\"https:\/\/www.nembutalscams.com\/about-nembutal\/history\/#webpage\",\"url\":\"https:\/\/www.nembutalscams.com\/about-nembutal\/history\/\",\"name\":\"[:en]History[:de]Geschichte[:fr]Histoire[:nl]Geschiedenis[:it]Storia[:es]Historia[:] - Estafas con Nembutal\",\"isPartOf\":{\"@id\":\"https:\/\/www.nembutalscams.com\/en\/#website\"},\"primaryImageOfPage\":{\"@id\":\"https:\/\/www.nembutalscams.com\/about-nembutal\/history\/#primaryimage\"},\"datePublished\":\"2020-07-23T18:05:46+00:00\",\"dateModified\":\"2020-10-22T11:38:40+00:00\",\"breadcrumb\":{\"@id\":\"https:\/\/www.nembutalscams.com\/about-nembutal\/history\/#breadcrumb\"},\"inLanguage\":\"es\",\"potentialAction\":[{\"@type\":\"ReadAction\",\"target\":[\"https:\/\/www.nembutalscams.com\/about-nembutal\/history\/\"]}]},{\"@type\":\"BreadcrumbList\",\"@id\":\"https:\/\/www.nembutalscams.com\/about-nembutal\/history\/#breadcrumb\",\"itemListElement\":[{\"@type\":\"ListItem\",\"position\":1,\"item\":{\"@type\":\"WebPage\",\"@id\":\"https:\/\/www.nembutalscams.com\/\",\"url\":\"https:\/\/www.nembutalscams.com\/\",\"name\":\"Home\"}},{\"@type\":\"ListItem\",\"position\":2,\"item\":{\"@type\":\"WebPage\",\"@id\":\"https:\/\/www.nembutalscams.com\/about-nembutal\/\",\"url\":\"https:\/\/www.nembutalscams.com\/about-nembutal\/\",\"name\":\"About Nembutal\"}},{\"@type\":\"ListItem\",\"position\":3,\"item\":{\"@type\":\"WebPage\",\"@id\":\"https:\/\/www.nembutalscams.com\/about-nembutal\/history\/\",\"url\":\"https:\/\/www.nembutalscams.com\/about-nembutal\/history\/\",\"name\":\"History\"}}]}]}<\/script>\n<!-- \/ Yoast SEO plugin. -->","_links":{"self":[{"href":"https:\/\/www.nembutalscams.com\/es\/wp-json\/wp\/v2\/pages\/1272"}],"collection":[{"href":"https:\/\/www.nembutalscams.com\/es\/wp-json\/wp\/v2\/pages"}],"about":[{"href":"https:\/\/www.nembutalscams.com\/es\/wp-json\/wp\/v2\/types\/page"}],"author":[{"embeddable":true,"href":"https:\/\/www.nembutalscams.com\/es\/wp-json\/wp\/v2\/users\/1"}],"replies":[{"embeddable":true,"href":"https:\/\/www.nembutalscams.com\/es\/wp-json\/wp\/v2\/comments?post=1272"}],"version-history":[{"count":19,"href":"https:\/\/www.nembutalscams.com\/es\/wp-json\/wp\/v2\/pages\/1272\/revisions"}],"predecessor-version":[{"id":1755,"href":"https:\/\/www.nembutalscams.com\/es\/wp-json\/wp\/v2\/pages\/1272\/revisions\/1755"}],"up":[{"embeddable":true,"href":"https:\/\/www.nembutalscams.com\/es\/wp-json\/wp\/v2\/pages\/1266"}],"wp:featuredmedia":[{"embeddable":true,"href":"https:\/\/www.nembutalscams.com\/es\/wp-json\/wp\/v2\/media\/1237"}],"wp:attachment":[{"href":"https:\/\/www.nembutalscams.com\/es\/wp-json\/wp\/v2\/media?parent=1272"}],"curies":[{"name":"wp","href":"https:\/\/api.w.org\/{rel}","templated":true}]}}