{"id":1277,"date":"2020-07-23T18:07:01","date_gmt":"2020-07-23T18:07:01","guid":{"rendered":"http:\/\/www.nembutalscams.com\/?page_id=1277"},"modified":"2020-10-22T11:43:34","modified_gmt":"2020-10-22T11:43:34","slug":"black-market","status":"publish","type":"page","link":"https:\/\/www.nembutalscams.com\/es\/about-nembutal\/black-market\/","title":{"rendered":"Nembutal y el mercado negro"},"content":{"rendered":"<p>En la d\u00e9cada de 1960, Nembutal fue explotado como una droga de adicci\u00f3n.<\/p>\n<p>Ajustando cuidadosamente la dosis, se descubri\u00f3 que Nembutal proporcionaba un estado sopor\u00edfero y tranquilo. Por eso los barbit\u00faricos se conocieron como &#8220;sedantes&#8221;.<\/p>\n<p>Como sedantes, a menudo se mezclaban con drogas como las anfetaminas.<\/p>\n<p>Con s\u00f3lo un peque\u00f1o margen de seguridad en la dosis entre el sue\u00f1o deseado y la euforia, hab\u00eda un peligro considerable en su uso.<\/p>\n<p>Hoy en d\u00eda, Nembutal es una droga que s\u00f3lo se toma una vez (para una muerte pac\u00edfica).<\/p>\n<p>Una persona s\u00f3lo necesita una dosis de Nembutal.<\/p>\n<p>Por esta raz\u00f3n, Nembutal no se presta a ser comercializado en la calle como una droga del mercado negro (de la misma manera que las drogas como la coca\u00edna, el fentanilo y las &#8220;drogas de fiesta&#8221;, etc.).<\/p>\n<p>En lo que respecta a Nembutal, hay muy pocas fuentes genuinas, incluso en la red oscura.<\/p>\n<p>Esta falta de comercio en el mercado negro de Nembutal, es un factor que impulsa la estafa de Nembutal.<\/p>\n<p>Los estafadores no son comerciantes del mercado negro porque nunca proporcionan un producto.<\/p>\n<p>En su lugar, los estafadores enga\u00f1an, estafan y roban sin ofrecer nada a cambio.<\/p>\n<p>Y como los estafadores no proporcionan ninguna droga, \u00bfquiz\u00e1s por eso los federales van tras los verdaderos proveedores?<\/p>\n<p><div id=\"attachment_1323\" style=\"width: 310px\" class=\"wp-caption aligncenter\"><img aria-describedby=\"caption-attachment-1323\" loading=\"lazy\" class=\"size-medium wp-image-1323\" src=\"http:\/\/www.nembutalscams.com\/wp-content\/uploads\/Silk-Road-Seizure-300x223.jpeg\" alt=\"\" width=\"300\" height=\"223\" srcset=\"https:\/\/www.nembutalscams.com\/wp-content\/uploads\/Silk-Road-Seizure-300x223.jpeg 300w, https:\/\/www.nembutalscams.com\/wp-content\/uploads\/Silk-Road-Seizure-768x571.jpeg 768w, https:\/\/www.nembutalscams.com\/wp-content\/uploads\/Silk-Road-Seizure.jpeg 968w\" sizes=\"(max-width: 300px) 100vw, 300px\" \/><p id=\"caption-attachment-1323\" class=\"wp-caption-text\">Silk Road Seizure<\/p><\/div><\/p>","protected":false},"excerpt":{"rendered":"<p>En la d\u00e9cada de 1960, Nembutal fue explotado como una droga de adicci\u00f3n. Ajustando cuidadosamente la dosis, se descubri\u00f3 que Nembutal proporcionaba un estado sopor\u00edfero y tranquilo. Por eso los barbit\u00faricos se conocieron como&#46;&#46;&#46;<\/p>\n","protected":false},"author":1,"featured_media":1237,"parent":1266,"menu_order":0,"comment_status":"closed","ping_status":"closed","template":"","meta":[],"yoast_head":"<!-- This site is optimized with the Yoast SEO plugin v16.0.2 - https:\/\/yoast.com\/wordpress\/plugins\/seo\/ -->\n<title>Nembutal y el mercado negro - Estafas con Nembutal<\/title>\n<link rel=\"canonical\" href=\"https:\/\/www.nembutalscams.com\/about-nembutal\/black-market\/\" \/>\n<meta property=\"og:locale\" content=\"es_ES\" \/>\n<meta property=\"og:type\" content=\"article\" \/>\n<meta property=\"og:title\" content=\"[:en]Nembutal &amp; the Black Market[:de]Nembutal &amp; the Black Market[:fr]Le Nembutal et le march\u00e9 noir[:nl]Nembutal &amp; de zwarte markt[:it]Nembutal e il mercato nero[:es]Nembutal y el mercado negro[:] - Estafas con Nembutal\" \/>\n<meta property=\"og:description\" content=\"En la d\u00e9cada de 1960, Nembutal fue explotado como una droga de adicci\u00f3n. Ajustando cuidadosamente la dosis, se descubri\u00f3 que Nembutal proporcionaba un estado sopor\u00edfero y tranquilo. Por eso los barbit\u00faricos se conocieron como&#046;&#046;&#046;\" \/>\n<meta property=\"og:url\" content=\"https:\/\/www.nembutalscams.com\/about-nembutal\/black-market\/\" \/>\n<meta property=\"og:site_name\" content=\"Estafas con Nembutal\" \/>\n<meta property=\"article:modified_time\" content=\"2020-10-22T11:43:34+00:00\" \/>\n<meta property=\"og:image\" content=\"https:\/\/www.nembutalscams.com\/wp-content\/uploads\/featured_img_new6.png\" \/>\n\t<meta property=\"og:image:width\" content=\"700\" \/>\n\t<meta property=\"og:image:height\" content=\"170\" \/>\n<meta name=\"twitter:card\" content=\"summary_large_image\" \/>\n<meta name=\"twitter:label1\" content=\"Tiempo de lectura\">\n\t<meta name=\"twitter:data1\" content=\"6 minutos\">\n<script type=\"application\/ld+json\" class=\"yoast-schema-graph\">{\"@context\":\"https:\/\/schema.org\",\"@graph\":[{\"@type\":\"WebSite\",\"@id\":\"https:\/\/www.nembutalscams.com\/en\/#website\",\"url\":\"https:\/\/www.nembutalscams.com\/en\/\",\"name\":\"Nembutal Scams\",\"description\":\"Nembutal Scams Neighbourhood Watch\",\"potentialAction\":[{\"@type\":\"SearchAction\",\"target\":\"https:\/\/www.nembutalscams.com\/en\/?s={search_term_string}\",\"query-input\":\"required name=search_term_string\"}],\"inLanguage\":\"es\"},{\"@type\":\"ImageObject\",\"@id\":\"https:\/\/www.nembutalscams.com\/about-nembutal\/black-market\/#primaryimage\",\"inLanguage\":\"es\",\"url\":\"https:\/\/www.nembutalscams.com\/wp-content\/uploads\/featured_img_new6.png\",\"width\":700,\"height\":170},{\"@type\":\"WebPage\",\"@id\":\"https:\/\/www.nembutalscams.com\/about-nembutal\/black-market\/#webpage\",\"url\":\"https:\/\/www.nembutalscams.com\/about-nembutal\/black-market\/\",\"name\":\"[:en]Nembutal & the Black Market[:de]Nembutal & the Black Market[:fr]Le Nembutal et le march\\u00e9 noir[:nl]Nembutal & de zwarte markt[:it]Nembutal e il mercato nero[:es]Nembutal y el mercado negro[:] - Estafas con Nembutal\",\"isPartOf\":{\"@id\":\"https:\/\/www.nembutalscams.com\/en\/#website\"},\"primaryImageOfPage\":{\"@id\":\"https:\/\/www.nembutalscams.com\/about-nembutal\/black-market\/#primaryimage\"},\"datePublished\":\"2020-07-23T18:07:01+00:00\",\"dateModified\":\"2020-10-22T11:43:34+00:00\",\"breadcrumb\":{\"@id\":\"https:\/\/www.nembutalscams.com\/about-nembutal\/black-market\/#breadcrumb\"},\"inLanguage\":\"es\",\"potentialAction\":[{\"@type\":\"ReadAction\",\"target\":[\"https:\/\/www.nembutalscams.com\/about-nembutal\/black-market\/\"]}]},{\"@type\":\"BreadcrumbList\",\"@id\":\"https:\/\/www.nembutalscams.com\/about-nembutal\/black-market\/#breadcrumb\",\"itemListElement\":[{\"@type\":\"ListItem\",\"position\":1,\"item\":{\"@type\":\"WebPage\",\"@id\":\"https:\/\/www.nembutalscams.com\/\",\"url\":\"https:\/\/www.nembutalscams.com\/\",\"name\":\"Home\"}},{\"@type\":\"ListItem\",\"position\":2,\"item\":{\"@type\":\"WebPage\",\"@id\":\"https:\/\/www.nembutalscams.com\/about-nembutal\/\",\"url\":\"https:\/\/www.nembutalscams.com\/about-nembutal\/\",\"name\":\"About Nembutal\"}},{\"@type\":\"ListItem\",\"position\":3,\"item\":{\"@type\":\"WebPage\",\"@id\":\"https:\/\/www.nembutalscams.com\/about-nembutal\/black-market\/\",\"url\":\"https:\/\/www.nembutalscams.com\/about-nembutal\/black-market\/\",\"name\":\"Nembutal &#038; the Black Market\"}}]}]}<\/script>\n<!-- \/ Yoast SEO plugin. -->","_links":{"self":[{"href":"https:\/\/www.nembutalscams.com\/es\/wp-json\/wp\/v2\/pages\/1277"}],"collection":[{"href":"https:\/\/www.nembutalscams.com\/es\/wp-json\/wp\/v2\/pages"}],"about":[{"href":"https:\/\/www.nembutalscams.com\/es\/wp-json\/wp\/v2\/types\/page"}],"author":[{"embeddable":true,"href":"https:\/\/www.nembutalscams.com\/es\/wp-json\/wp\/v2\/users\/1"}],"replies":[{"embeddable":true,"href":"https:\/\/www.nembutalscams.com\/es\/wp-json\/wp\/v2\/comments?post=1277"}],"version-history":[{"count":11,"href":"https:\/\/www.nembutalscams.com\/es\/wp-json\/wp\/v2\/pages\/1277\/revisions"}],"predecessor-version":[{"id":1757,"href":"https:\/\/www.nembutalscams.com\/es\/wp-json\/wp\/v2\/pages\/1277\/revisions\/1757"}],"up":[{"embeddable":true,"href":"https:\/\/www.nembutalscams.com\/es\/wp-json\/wp\/v2\/pages\/1266"}],"wp:featuredmedia":[{"embeddable":true,"href":"https:\/\/www.nembutalscams.com\/es\/wp-json\/wp\/v2\/media\/1237"}],"wp:attachment":[{"href":"https:\/\/www.nembutalscams.com\/es\/wp-json\/wp\/v2\/media?parent=1277"}],"curies":[{"name":"wp","href":"https:\/\/api.w.org\/{rel}","templated":true}]}}