{"id":359,"date":"2020-06-14T13:32:53","date_gmt":"2020-06-14T11:32:53","guid":{"rendered":"http:\/\/www.nembutalscams.com\/?page_id=359"},"modified":"2020-10-22T12:09:39","modified_gmt":"2020-10-22T12:09:39","slug":"list-of-scammers-phone-numbers","status":"publish","type":"page","link":"https:\/\/www.nembutalscams.com\/es\/list-scammers\/list-of-scammers-phone-numbers\/","title":{"rendered":"Lista de n\u00fameros de tel\u00e9fono"},"content":{"rendered":"<div class=\"wrap pdb-list pdb-instance-1 participants-database\" id=\"participants-list-1\">\n    <table class=\"wp-list-table widefat fixed pages list-container\" >\n\n              \n\n    \n      <thead>\n        <tr>\n          <th class=\"date_recorded\" scope=\"col\"><\/th><th class=\"scam_number\" scope=\"col\">N\u00famero de tel\u00e9fono del estafador<\/th><th class=\"details\" scope=\"col\">Detalles<\/th>        <\/tr>\n      <\/thead>\n\n      <tbody>\n                    <tr>\n    \n              <td class=\"date_recorded-field\">\n      enero 13, 2026              <\/td>\n\n          \n              <td class=\"scam_number-field\">\n      +44 7447 025920              <\/td>\n\n          \n              <td class=\"details-field\">\n      <a href=\"https:\/\/www.nembutalscams.com\/es\/scammer\/nembutal-2\/\"  >Detalles<\/a>              <\/td>\n\n                    <\/tr>\n            <tr>\n    \n              <td class=\"date_recorded-field\">\n      diciembre 21, 2025              <\/td>\n\n          \n              <td class=\"scam_number-field\">\n      +45 31 81 53 90              <\/td>\n\n          \n              <td class=\"details-field\">\n      <a href=\"https:\/\/www.nembutalscams.com\/es\/scammer\/end-of-life-insight-2\/\"  >Detalles<\/a>              <\/td>\n\n                    <\/tr>\n            <tr>\n    \n              <td class=\"date_recorded-field\">\n      julio 10, 2025              <\/td>\n\n          \n              <td class=\"scam_number-field\">\n      +491521 0537304              <\/td>\n\n          \n              <td class=\"details-field\">\n      <a href=\"https:\/\/www.nembutalscams.com\/es\/scammer\/nembutalgroup-comde\/\"  >Detalles<\/a>              <\/td>\n\n                    <\/tr>\n            <tr>\n    \n              <td class=\"date_recorded-field\">\n      mayo 26, 2025              <\/td>\n\n          \n              <td class=\"scam_number-field\">\n      WhatsApp +491521 3306661              <\/td>\n\n          \n              <td class=\"details-field\">\n      <a href=\"https:\/\/www.nembutalscams.com\/es\/scammer\/nembutalkaufen\/\"  >Detalles<\/a>              <\/td>\n\n                    <\/tr>\n            <tr>\n    \n              <td class=\"date_recorded-field\">\n      mayo 22, 2025              <\/td>\n\n          \n              <td class=\"scam_number-field\">\n      +31622338314              <\/td>\n\n          \n              <td class=\"details-field\">\n      <a href=\"https:\/\/www.nembutalscams.com\/es\/scammer\/nembutalboutique-com\/\"  >Detalles<\/a>              <\/td>\n\n                    <\/tr>\n            <tr>\n    \n              <td class=\"date_recorded-field\">\n      mayo 5, 2025              <\/td>\n\n          \n              <td class=\"scam_number-field\">\n      +33 7 58 83 94 16              <\/td>\n\n          \n              <td class=\"details-field\">\n      <a href=\"https:\/\/www.nembutalscams.com\/es\/scammer\/acheternembutal-com\/\"  >Detalles<\/a>              <\/td>\n\n                    <\/tr>\n            <tr>\n    \n              <td class=\"date_recorded-field\">\n      abril 22, 2025              <\/td>\n\n          \n              <td class=\"scam_number-field\">\n      +44 7460 942353              <\/td>\n\n          \n              <td class=\"details-field\">\n      <a href=\"https:\/\/www.nembutalscams.com\/es\/scammer\/nembutal-mann\/\"  >Detalles<\/a>              <\/td>\n\n                    <\/tr>\n            <tr>\n    \n              <td class=\"date_recorded-field\">\n      febrero 28, 2025              <\/td>\n\n          \n              <td class=\"scam_number-field\">\n      7804437938              <\/td>\n\n          \n              <td class=\"details-field\">\n      <a href=\"https:\/\/www.nembutalscams.com\/es\/scammer\/tetuh-simon\/\"  >Detalles<\/a>              <\/td>\n\n                    <\/tr>\n            <tr>\n    \n              <td class=\"date_recorded-field\">\n      enero 30, 2025              <\/td>\n\n          \n              <td class=\"scam_number-field\">\n      +33 7 58 18 41 39              <\/td>\n\n          \n              <td class=\"details-field\">\n      <a href=\"https:\/\/www.nembutalscams.com\/es\/scammer\/joshua\/\"  >Detalles<\/a>              <\/td>\n\n                    <\/tr>\n            <tr>\n    \n              <td class=\"date_recorded-field\">\n      diciembre 4, 2024              <\/td>\n\n          \n              <td class=\"scam_number-field\">\n      (+1) 508 656-0448              <\/td>\n\n          \n              <td class=\"details-field\">\n      <a href=\"https:\/\/www.nembutalscams.com\/es\/scammer\/rare-powders-store\/\"  >Detalles<\/a>              <\/td>\n\n                    <\/tr>\n            <tr>\n    \n              <td class=\"date_recorded-field\">\n      diciembre 1, 2024              <\/td>\n\n          \n              <td class=\"scam_number-field\">\n      +237 6 53 16 07 81              <\/td>\n\n          \n              <td class=\"details-field\">\n      <a href=\"https:\/\/www.nembutalscams.com\/es\/scammer\/alphaapotheek\/\"  >Detalles<\/a>              <\/td>\n\n                    <\/tr>\n            <tr>\n    \n              <td class=\"date_recorded-field\">\n      noviembre 25, 2024              <\/td>\n\n          \n              <td class=\"scam_number-field\">\n      +44 7466 731327              <\/td>\n\n          \n              <td class=\"details-field\">\n      <a href=\"https:\/\/www.nembutalscams.com\/es\/scammer\/dewan-johnson\/\"  >Detalles<\/a>              <\/td>\n\n                    <\/tr>\n            <tr>\n    \n              <td class=\"date_recorded-field\">\n      noviembre 24, 2024              <\/td>\n\n          \n              <td class=\"scam_number-field\">\n      1 240-428-0441              <\/td>\n\n          \n              <td class=\"details-field\">\n      <a href=\"https:\/\/www.nembutalscams.com\/es\/scammer\/dr-yan\/\"  >Detalles<\/a>              <\/td>\n\n                    <\/tr>\n            <tr>\n    \n              <td class=\"date_recorded-field\">\n      noviembre 24, 2024              <\/td>\n\n          \n              <td class=\"scam_number-field\">\n      1 267 792 1470              <\/td>\n\n          \n              <td class=\"details-field\">\n      <a href=\"https:\/\/www.nembutalscams.com\/es\/scammer\/silver-corporation-international\/\"  >Detalles<\/a>              <\/td>\n\n                    <\/tr>\n            <tr>\n    \n              <td class=\"date_recorded-field\">\n      noviembre 22, 2024              <\/td>\n\n          \n              <td class=\"scam_number-field\">\n      +33 7 59 37 72 97              <\/td>\n\n          \n              <td class=\"details-field\">\n      <a href=\"https:\/\/www.nembutalscams.com\/es\/scammer\/exit-vital\/\"  >Detalles<\/a>              <\/td>\n\n                    <\/tr>\n            <tr>\n    \n              <td class=\"date_recorded-field\">\n      noviembre 22, 2024              <\/td>\n\n          \n              <td class=\"scam_number-field\">\n      +1 (404) 939-4762              <\/td>\n\n          \n              <td class=\"details-field\">\n      <a href=\"https:\/\/www.nembutalscams.com\/es\/scammer\/derile-oscar\/\"  >Detalles<\/a>              <\/td>\n\n                    <\/tr>\n            <tr>\n    \n              <td class=\"date_recorded-field\">\n      noviembre 13, 2024              <\/td>\n\n          \n              <td class=\"scam_number-field\">\n      +4915212561255              <\/td>\n\n          \n              <td class=\"details-field\">\n      <a href=\"https:\/\/www.nembutalscams.com\/es\/scammer\/la-casa-de-la-medicina\/\"  >Detalles<\/a>              <\/td>\n\n                    <\/tr>\n            <tr>\n    \n              <td class=\"date_recorded-field\">\n      noviembre 5, 2024              <\/td>\n\n          \n              <td class=\"scam_number-field\">\n      Iban LT1532500097297194413              <\/td>\n\n          \n              <td class=\"details-field\">\n      <a href=\"https:\/\/www.nembutalscams.com\/es\/scammer\/fredo-myars\/\"  >Detalles<\/a>              <\/td>\n\n                    <\/tr>\n            <tr>\n    \n              <td class=\"date_recorded-field\">\n      octubre 27, 2024              <\/td>\n\n          \n              <td class=\"scam_number-field\">\n      +31 6 45886273  ,   +49 15219525851              <\/td>\n\n          \n              <td class=\"details-field\">\n      <a href=\"https:\/\/www.nembutalscams.com\/es\/scammer\/nembutalgroup-comnl\/\"  >Detalles<\/a>              <\/td>\n\n                    <\/tr>\n            <tr>\n    \n              <td class=\"date_recorded-field\">\n      octubre 22, 2024              <\/td>\n\n          \n              <td class=\"scam_number-field\">\n      +1 (337) 414-0278              <\/td>\n\n          \n              <td class=\"details-field\">\n      <a href=\"https:\/\/www.nembutalscams.com\/es\/scammer\/nembutal-shop-2\/\"  >Detalles<\/a>              <\/td>\n\n                    <\/tr>\n            <tr>\n    \n              <td class=\"date_recorded-field\">\n      octubre 12, 2024              <\/td>\n\n          \n              <td class=\"scam_number-field\">\n      +237 673238751              <\/td>\n\n          \n              <td class=\"details-field\">\n      <a href=\"https:\/\/www.nembutalscams.com\/es\/scammer\/nembutal-spare-bottle\/\"  >Detalles<\/a>              <\/td>\n\n                    <\/tr>\n            <tr>\n    \n              <td class=\"date_recorded-field\">\n      septiembre 23, 2024              <\/td>\n\n          \n              <td class=\"scam_number-field\">\n      +1 252 327 0310              <\/td>\n\n          \n              <td class=\"details-field\">\n      <a href=\"https:\/\/www.nembutalscams.com\/es\/scammer\/suicide-directory\/\"  >Detalles<\/a>              <\/td>\n\n                    <\/tr>\n            <tr>\n    \n              <td class=\"date_recorded-field\">\n      septiembre 6, 2024              <\/td>\n\n          \n              <td class=\"scam_number-field\">\n      1 (281) 699-6023              <\/td>\n\n          \n              <td class=\"details-field\">\n      <a href=\"https:\/\/www.nembutalscams.com\/es\/scammer\/670ce18ec8085\/\"  >Detalles<\/a>              <\/td>\n\n                    <\/tr>\n            <tr>\n    \n              <td class=\"date_recorded-field\">\n      agosto 15, 2024              <\/td>\n\n          \n              <td class=\"scam_number-field\">\n      +19092952024              <\/td>\n\n          \n              <td class=\"details-field\">\n      <a href=\"https:\/\/www.nembutalscams.com\/es\/scammer\/medsunit1gmail-com\/\"  >Detalles<\/a>              <\/td>\n\n                    <\/tr>\n            <tr>\n    \n              <td class=\"date_recorded-field\">\n      julio 14, 2024              <\/td>\n\n          \n              <td class=\"scam_number-field\">\n      +919150228347              <\/td>\n\n          \n              <td class=\"details-field\">\n      <a href=\"https:\/\/www.nembutalscams.com\/es\/scammer\/669a36cf928d2\/\"  >Detalles<\/a>              <\/td>\n\n                    <\/tr>\n            <tr>\n    \n              <td class=\"date_recorded-field\">\n      junio 13, 2024              <\/td>\n\n          \n              <td class=\"scam_number-field\">\n      +1-587-882-4607              <\/td>\n\n          \n              <td class=\"details-field\">\n      <a href=\"https:\/\/www.nembutalscams.com\/es\/scammer\/alchemist-elements\/\"  >Detalles<\/a>              <\/td>\n\n                    <\/tr>\n            <tr>\n    \n              <td class=\"date_recorded-field\">\n      marzo 26, 2024              <\/td>\n\n          \n              <td class=\"scam_number-field\">\n      2404280441, 6262340188, 237683387739,              <\/td>\n\n          \n              <td class=\"details-field\">\n      <a href=\"https:\/\/www.nembutalscams.com\/es\/scammer\/willis-m-darknetstore-shan-hai-desmond-mbia-emo\/\"  >Detalles<\/a>              <\/td>\n\n                    <\/tr>\n            <tr>\n    \n              <td class=\"date_recorded-field\">\n      marzo 5, 2024              <\/td>\n\n          \n              <td class=\"scam_number-field\">\n      237 673797918              <\/td>\n\n          \n              <td class=\"details-field\">\n      <a href=\"https:\/\/www.nembutalscams.com\/es\/scammer\/valery-diannick-collins-abongwa-valery-janssen-sam-tijuana\/\"  >Detalles<\/a>              <\/td>\n\n                    <\/tr>\n            <tr>\n    \n              <td class=\"date_recorded-field\">\n      marzo 4, 2024              <\/td>\n\n          \n              <td class=\"scam_number-field\">\n      678-250-6348              <\/td>\n\n          \n              <td class=\"details-field\">\n      <a href=\"https:\/\/www.nembutalscams.com\/es\/scammer\/horizon-express\/\"  >Detalles<\/a>              <\/td>\n\n                    <\/tr>\n            <tr>\n    \n              <td class=\"date_recorded-field\">\n      febrero 8, 2024              <\/td>\n\n          \n              <td class=\"scam_number-field\">\n      +967 78732087              <\/td>\n\n          \n              <td class=\"details-field\">\n      <a href=\"https:\/\/www.nembutalscams.com\/es\/scammer\/65e58d5b79526\/\"  >Detalles<\/a>              <\/td>\n\n                    <\/tr>\n            <tr>\n    \n              <td class=\"date_recorded-field\">\n      febrero 8, 2024              <\/td>\n\n          \n              <td class=\"scam_number-field\">\n      13478717726              <\/td>\n\n          \n              <td class=\"details-field\">\n      <a href=\"https:\/\/www.nembutalscams.com\/es\/scammer\/wado-research-chem\/\"  >Detalles<\/a>              <\/td>\n\n                    <\/tr>\n            <tr>\n    \n              <td class=\"date_recorded-field\">\n      enero 30, 2024              <\/td>\n\n          \n              <td class=\"scam_number-field\">\n      +91 75500 98431              <\/td>\n\n          \n              <td class=\"details-field\">\n      <a href=\"https:\/\/www.nembutalscams.com\/es\/scammer\/65bc1a2273eef\/\"  >Detalles<\/a>              <\/td>\n\n                    <\/tr>\n            <tr>\n    \n              <td class=\"date_recorded-field\">\n      enero 29, 2024              <\/td>\n\n          \n              <td class=\"scam_number-field\">\n      917397947365              <\/td>\n\n          \n              <td class=\"details-field\">\n      <a href=\"https:\/\/www.nembutalscams.com\/es\/scammer\/65bc1a2278aa9\/\"  >Detalles<\/a>              <\/td>\n\n                    <\/tr>\n            <tr>\n    \n              <td class=\"date_recorded-field\">\n      enero 22, 2024              <\/td>\n\n          \n              <td class=\"scam_number-field\">\n      +1 607-764-0158              <\/td>\n\n          \n              <td class=\"details-field\">\n      <a href=\"https:\/\/www.nembutalscams.com\/es\/scammer\/exit-worldwide\/\"  >Detalles<\/a>              <\/td>\n\n                    <\/tr>\n            <tr>\n    \n              <td class=\"date_recorded-field\">\n      enero 3, 2024              <\/td>\n\n          \n              <td class=\"scam_number-field\">\n      0031616337954              <\/td>\n\n          \n              <td class=\"details-field\">\n      <a href=\"https:\/\/www.nembutalscams.com\/es\/scammer\/leonard-thoone\/\"  >Detalles<\/a>              <\/td>\n\n                    <\/tr>\n            <tr>\n    \n              <td class=\"date_recorded-field\">\n      noviembre 15, 2023              <\/td>\n\n          \n              <td class=\"scam_number-field\">\n      +16572008672              <\/td>\n\n          \n              <td class=\"details-field\">\n      <a href=\"https:\/\/www.nembutalscams.com\/es\/scammer\/jack-kevorkian\/\"  >Detalles<\/a>              <\/td>\n\n                    <\/tr>\n            <tr>\n    \n              <td class=\"date_recorded-field\">\n      noviembre 3, 2023              <\/td>\n\n          \n              <td class=\"scam_number-field\">\n      +380 93 780 9667              <\/td>\n\n          \n              <td class=\"details-field\">\n      <a href=\"https:\/\/www.nembutalscams.com\/es\/scammer\/neededmedicines-com\/\"  >Detalles<\/a>              <\/td>\n\n                    <\/tr>\n            <tr>\n    \n              <td class=\"date_recorded-field\">\n      octubre 8, 2023              <\/td>\n\n          \n              <td class=\"scam_number-field\">\n      +49 1521 9157737              <\/td>\n\n          \n              <td class=\"details-field\">\n      <a href=\"https:\/\/www.nembutalscams.com\/es\/scammer\/laurence\/\"  >Detalles<\/a>              <\/td>\n\n                    <\/tr>\n            <tr>\n    \n              <td class=\"date_recorded-field\">\n      octubre 8, 2023              <\/td>\n\n          \n              <td class=\"scam_number-field\">\n      +49 1515 5748745              <\/td>\n\n          \n              <td class=\"details-field\">\n      <a href=\"https:\/\/www.nembutalscams.com\/es\/scammer\/sasan\/\"  >Detalles<\/a>              <\/td>\n\n                    <\/tr>\n            <tr>\n    \n              <td class=\"date_recorded-field\">\n      octubre 6, 2023              <\/td>\n\n          \n              <td class=\"scam_number-field\">\n      +237 683 9511 38              <\/td>\n\n          \n              <td class=\"details-field\">\n      <a href=\"https:\/\/www.nembutalscams.com\/es\/scammer\/nembutal-pentobarbital-inc\/\"  >Detalles<\/a>              <\/td>\n\n                    <\/tr>\n            <tr>\n    \n              <td class=\"date_recorded-field\">\n      septiembre 24, 2023              <\/td>\n\n          \n              <td class=\"scam_number-field\">\n      +44 20 7193 1739              <\/td>\n\n          \n              <td class=\"details-field\">\n      <a href=\"https:\/\/www.nembutalscams.com\/es\/scammer\/euthanasia-nembutal\/\"  >Detalles<\/a>              <\/td>\n\n                    <\/tr>\n            <tr>\n    \n              <td class=\"date_recorded-field\">\n      septiembre 24, 2023              <\/td>\n\n          \n              <td class=\"scam_number-field\">\n      \u202a+1\u00a0(917)\u00a0727\u20118707\u202c              <\/td>\n\n          \n              <td class=\"details-field\">\n      <a href=\"https:\/\/www.nembutalscams.com\/es\/scammer\/vkmall\/\"  >Detalles<\/a>              <\/td>\n\n                    <\/tr>\n            <tr>\n    \n              <td class=\"date_recorded-field\">\n      julio 27, 2023              <\/td>\n\n          \n              <td class=\"scam_number-field\">\n      +31 97005031719              <\/td>\n\n          \n              <td class=\"details-field\">\n      <a href=\"https:\/\/www.nembutalscams.com\/es\/scammer\/rx\/\"  >Detalles<\/a>              <\/td>\n\n                    <\/tr>\n            <tr>\n    \n              <td class=\"date_recorded-field\">\n      julio 6, 2023              <\/td>\n\n          \n              <td class=\"scam_number-field\">\n      0684003109              <\/td>\n\n          \n              <td class=\"details-field\">\n      <a href=\"https:\/\/www.nembutalscams.com\/es\/scammer\/giovanni-danico\/\"  >Detalles<\/a>              <\/td>\n\n                    <\/tr>\n            <tr>\n    \n              <td class=\"date_recorded-field\">\n      junio 13, 2023              <\/td>\n\n          \n              <td class=\"scam_number-field\">\n      +1 (210) 646-4064              <\/td>\n\n          \n              <td class=\"details-field\">\n      <a href=\"https:\/\/www.nembutalscams.com\/es\/scammer\/fake-exit-site\/\"  >Detalles<\/a>              <\/td>\n\n                    <\/tr>\n        <\/tbody>\n\n\n  <\/table>\n  <div data-action=\"pdb_list_filter\" class=\"pagination pdb-pagination \"><ul><li class=\"disabled\"><span><span title=\"Anterior\" class=\"dashicons dashicons-previous-page\"><\/span><\/span><\/li> <li class=\"currentpage\"><span>1<\/span><\/li> <li class=\"direct-page\"><a href=\"\/es\/wp-json\/wp\/v2\/pages\/359?listpage=2&amp;instance=1\" data-page=\"2\" >2<\/a><\/li><li class=\"direct-page\"><a href=\"\/es\/wp-json\/wp\/v2\/pages\/359?listpage=3&amp;instance=1\" data-page=\"3\" >3<\/a><\/li><li class=\"direct-page\"><a href=\"\/es\/wp-json\/wp\/v2\/pages\/359?listpage=4&amp;instance=1\" data-page=\"4\" >4<\/a><\/li><li class=\"direct-page\"><a href=\"\/es\/wp-json\/wp\/v2\/pages\/359?listpage=5&amp;instance=1\" data-page=\"5\" >5<\/a><\/li><li class=\"nextpage\"><a title=\"Siguiente\" href=\"\/es\/wp-json\/wp\/v2\/pages\/359?listpage=2&amp;instance=1\" data-page=\"2\" ><span class=\"dashicons dashicons-next-page\"><\/span><\/a><\/li><\/ul><\/div data-action=\"pdb_list_filter\"><\/div>\n","protected":false},"excerpt":{"rendered":"","protected":false},"author":1,"featured_media":1237,"parent":34,"menu_order":0,"comment_status":"closed","ping_status":"closed","template":"","meta":[],"yoast_head":"<!-- This site is optimized with the Yoast SEO plugin v16.0.2 - https:\/\/yoast.com\/wordpress\/plugins\/seo\/ -->\n<title>Lista de n\u00fameros de tel\u00e9fono - Estafas con Nembutal<\/title>\n<link rel=\"canonical\" href=\"https:\/\/www.nembutalscams.com\/list-scammers\/list-of-scammers-phone-numbers\/\" \/>\n<meta property=\"og:locale\" content=\"es_ES\" \/>\n<meta property=\"og:type\" content=\"article\" \/>\n<meta property=\"og:title\" content=\"[:en]List of Scammer&#039;s Phone Numbers[:de]Telefonnummern von Betr\u00fcgern[:fr]Escrocs par num\u00e9ro de t\u00e9l\u00e9phone[:nl]Lijst telefoonnummers oplichters[:it]Lista dei numeri di telefono di truffatori[:es]Lista de n\u00fameros de tel\u00e9fono[:] - Estafas con Nembutal\" \/>\n<meta property=\"og:url\" content=\"https:\/\/www.nembutalscams.com\/list-scammers\/list-of-scammers-phone-numbers\/\" \/>\n<meta property=\"og:site_name\" content=\"Estafas con Nembutal\" \/>\n<meta property=\"article:modified_time\" content=\"2020-10-22T12:09:39+00:00\" \/>\n<meta property=\"og:image\" content=\"https:\/\/www.nembutalscams.com\/wp-content\/uploads\/featured_img_new6.png\" \/>\n\t<meta property=\"og:image:width\" content=\"700\" \/>\n\t<meta property=\"og:image:height\" content=\"170\" \/>\n<meta name=\"twitter:card\" content=\"summary_large_image\" \/>\n<script type=\"application\/ld+json\" class=\"yoast-schema-graph\">{\"@context\":\"https:\/\/schema.org\",\"@graph\":[{\"@type\":\"WebSite\",\"@id\":\"https:\/\/www.nembutalscams.com\/en\/#website\",\"url\":\"https:\/\/www.nembutalscams.com\/en\/\",\"name\":\"Nembutal Scams\",\"description\":\"Nembutal Scams Neighbourhood Watch\",\"potentialAction\":[{\"@type\":\"SearchAction\",\"target\":\"https:\/\/www.nembutalscams.com\/en\/?s={search_term_string}\",\"query-input\":\"required name=search_term_string\"}],\"inLanguage\":\"es\"},{\"@type\":\"ImageObject\",\"@id\":\"https:\/\/www.nembutalscams.com\/list-scammers\/list-of-scammers-phone-numbers\/#primaryimage\",\"inLanguage\":\"es\",\"url\":\"https:\/\/www.nembutalscams.com\/wp-content\/uploads\/featured_img_new6.png\",\"width\":700,\"height\":170},{\"@type\":\"WebPage\",\"@id\":\"https:\/\/www.nembutalscams.com\/list-scammers\/list-of-scammers-phone-numbers\/#webpage\",\"url\":\"https:\/\/www.nembutalscams.com\/list-scammers\/list-of-scammers-phone-numbers\/\",\"name\":\"[:en]List of Scammer's Phone Numbers[:de]Telefonnummern von Betr\\u00fcgern[:fr]Escrocs par num\\u00e9ro de t\\u00e9l\\u00e9phone[:nl]Lijst telefoonnummers oplichters[:it]Lista dei numeri di telefono di truffatori[:es]Lista de n\\u00fameros de tel\\u00e9fono[:] - Estafas con Nembutal\",\"isPartOf\":{\"@id\":\"https:\/\/www.nembutalscams.com\/en\/#website\"},\"primaryImageOfPage\":{\"@id\":\"https:\/\/www.nembutalscams.com\/list-scammers\/list-of-scammers-phone-numbers\/#primaryimage\"},\"datePublished\":\"2020-06-14T11:32:53+00:00\",\"dateModified\":\"2020-10-22T12:09:39+00:00\",\"breadcrumb\":{\"@id\":\"https:\/\/www.nembutalscams.com\/list-scammers\/list-of-scammers-phone-numbers\/#breadcrumb\"},\"inLanguage\":\"es\",\"potentialAction\":[{\"@type\":\"ReadAction\",\"target\":[\"https:\/\/www.nembutalscams.com\/list-scammers\/list-of-scammers-phone-numbers\/\"]}]},{\"@type\":\"BreadcrumbList\",\"@id\":\"https:\/\/www.nembutalscams.com\/list-scammers\/list-of-scammers-phone-numbers\/#breadcrumb\",\"itemListElement\":[{\"@type\":\"ListItem\",\"position\":1,\"item\":{\"@type\":\"WebPage\",\"@id\":\"https:\/\/www.nembutalscams.com\/\",\"url\":\"https:\/\/www.nembutalscams.com\/\",\"name\":\"Home\"}},{\"@type\":\"ListItem\",\"position\":2,\"item\":{\"@type\":\"WebPage\",\"@id\":\"https:\/\/www.nembutalscams.com\/list-scammers\/\",\"url\":\"https:\/\/www.nembutalscams.com\/list-scammers\/\",\"name\":\"List Scammers\"}},{\"@type\":\"ListItem\",\"position\":3,\"item\":{\"@type\":\"WebPage\",\"@id\":\"https:\/\/www.nembutalscams.com\/list-scammers\/list-of-scammers-phone-numbers\/\",\"url\":\"https:\/\/www.nembutalscams.com\/list-scammers\/list-of-scammers-phone-numbers\/\",\"name\":\"List of Scammer&#8217;s Phone Numbers\"}}]}]}<\/script>\n<!-- \/ Yoast SEO plugin. -->","_links":{"self":[{"href":"https:\/\/www.nembutalscams.com\/es\/wp-json\/wp\/v2\/pages\/359"}],"collection":[{"href":"https:\/\/www.nembutalscams.com\/es\/wp-json\/wp\/v2\/pages"}],"about":[{"href":"https:\/\/www.nembutalscams.com\/es\/wp-json\/wp\/v2\/types\/page"}],"author":[{"embeddable":true,"href":"https:\/\/www.nembutalscams.com\/es\/wp-json\/wp\/v2\/users\/1"}],"replies":[{"embeddable":true,"href":"https:\/\/www.nembutalscams.com\/es\/wp-json\/wp\/v2\/comments?post=359"}],"version-history":[{"count":10,"href":"https:\/\/www.nembutalscams.com\/es\/wp-json\/wp\/v2\/pages\/359\/revisions"}],"predecessor-version":[{"id":1762,"href":"https:\/\/www.nembutalscams.com\/es\/wp-json\/wp\/v2\/pages\/359\/revisions\/1762"}],"up":[{"embeddable":true,"href":"https:\/\/www.nembutalscams.com\/es\/wp-json\/wp\/v2\/pages\/34"}],"wp:featuredmedia":[{"embeddable":true,"href":"https:\/\/www.nembutalscams.com\/es\/wp-json\/wp\/v2\/media\/1237"}],"wp:attachment":[{"href":"https:\/\/www.nembutalscams.com\/es\/wp-json\/wp\/v2\/media?parent=359"}],"curies":[{"name":"wp","href":"https:\/\/api.w.org\/{rel}","templated":true}]}}