{"id":526,"date":"2020-06-15T17:12:18","date_gmt":"2020-06-15T07:12:18","guid":{"rendered":"http:\/\/www.nembutalscams.com\/?page_id=526"},"modified":"2020-10-22T12:27:32","modified_gmt":"2020-10-22T12:27:32","slug":"faqs","status":"publish","type":"page","link":"https:\/\/www.nembutalscams.com\/es\/faqs\/","title":{"rendered":"Preguntas frecuentes"},"content":{"rendered":"<p><strong>\u00bfQu\u00e9 es una estafador de Nembutal?<\/strong><\/p>\n<p>Una estafador de Nembutal es una persona, un sitio web, etc. que pretende vender Nembutal pero que, en realidad, coge dinero y no entrega nada.<\/p>\n<p><strong>\u00bfQui\u00e9n es el propietario de Nembutalscams.com?<\/strong><\/p>\n<p>Nembutalscams.com es propiedad y est\u00e1 operado por Exit International.<\/p>\n<p><strong>\u00bfQu\u00e9 puedo hacer si ya he sido estafado?<\/strong><\/p>\n<p>Si ya le han estafado, puede denunciar el sitio web o el nombre o el correo electr\u00f3nico, etc. en este sitio web para advertir a los dem\u00e1s. Exit le agradece su servicio p\u00fablico.<\/p>\n<p><strong>\u00bfPuede ayudarme a comprar Nembutal?<\/strong><\/p>\n<p>Por razones legales, Exit International no ayuda ni puede ayudar en la compra de Nembutal as\u00ed que por favor no pregunte.<\/p>\n<p><strong>\u00bfD\u00f3nde puedo encontrar m\u00e1s informaci\u00f3n sobre Nembutal?<\/strong><\/p>\n<p>El &#8220;Manual de la P\u00edldora Apacible&#8221; contiene cuatro cap\u00edtulos sobre diferentes aspectos de Nembutal, incluyendo: historia, disponibilidad, pruebas, almacenamiento, administraci\u00f3n y estafas.<\/p>\n<p><strong>\u00bfC\u00f3mo puedo leer el &#8220;Manual de la P\u00edldora Apacible&#8221;?<\/strong><\/p>\n<p><em><a href=\"https:\/\/www.peacefulpillhandbook.com\/espanol\">www.peacefulpillhandbook.com\/espanol<\/a><\/em><\/p>\n<div style=\"width: 95%; border: 5px solid #e51a90; text-align: center; font-weight: bold; padding: 10px;\">\u00a1Advertencia! Si accidentalmente pones 2x &#8216;l&#8217;s en Peacefull, y escribes www.peacefullpill.com NO el verdadero <em><a href=\"https:\/\/www.peacefulpill.com\">www.peacefulpill.com<\/a><\/em>, te encontrar\u00e1s en otro sitio web de estafa!<\/div>\n<p><\/p>","protected":false},"excerpt":{"rendered":"<p>\u00bfQu\u00e9 es una estafador de Nembutal? Una estafador de Nembutal es una persona, un sitio web, etc. que pretende vender Nembutal pero que, en realidad, coge dinero y no entrega nada. \u00bfQui\u00e9n es el&#46;&#46;&#46;<\/p>\n","protected":false},"author":1,"featured_media":1237,"parent":0,"menu_order":0,"comment_status":"closed","ping_status":"closed","template":"","meta":[],"yoast_head":"<!-- This site is optimized with the Yoast SEO plugin v16.0.2 - https:\/\/yoast.com\/wordpress\/plugins\/seo\/ -->\n<title>Preguntas frecuentes - Estafas con Nembutal<\/title>\n<link rel=\"canonical\" href=\"https:\/\/www.nembutalscams.com\/faqs\/\" \/>\n<meta property=\"og:locale\" content=\"es_ES\" \/>\n<meta property=\"og:type\" content=\"article\" \/>\n<meta property=\"og:title\" content=\"[:en]FAQs[:de]FAQs - Fragen und Antworten[:fr]Forum aux Questions[:nl]FAQs[:it]FAQ - Domande e risposte[:es]Preguntas frecuentes[:] - Estafas con Nembutal\" \/>\n<meta property=\"og:description\" content=\"\u00bfQu\u00e9 es una estafador de Nembutal? Una estafador de Nembutal es una persona, un sitio web, etc. que pretende vender Nembutal pero que, en realidad, coge dinero y no entrega nada. \u00bfQui\u00e9n es el&#046;&#046;&#046;\" \/>\n<meta property=\"og:url\" content=\"https:\/\/www.nembutalscams.com\/faqs\/\" \/>\n<meta property=\"og:site_name\" content=\"Estafas con Nembutal\" \/>\n<meta property=\"article:modified_time\" content=\"2020-10-22T12:27:32+00:00\" \/>\n<meta property=\"og:image\" content=\"https:\/\/www.nembutalscams.com\/wp-content\/uploads\/featured_img_new6.png\" \/>\n\t<meta property=\"og:image:width\" content=\"700\" \/>\n\t<meta property=\"og:image:height\" content=\"170\" \/>\n<meta name=\"twitter:card\" content=\"summary_large_image\" \/>\n<meta name=\"twitter:label1\" content=\"Tiempo de lectura\">\n\t<meta name=\"twitter:data1\" content=\"6 minutos\">\n<script type=\"application\/ld+json\" class=\"yoast-schema-graph\">{\"@context\":\"https:\/\/schema.org\",\"@graph\":[{\"@type\":\"WebSite\",\"@id\":\"https:\/\/www.nembutalscams.com\/en\/#website\",\"url\":\"https:\/\/www.nembutalscams.com\/en\/\",\"name\":\"Nembutal Scams\",\"description\":\"Nembutal Scams Neighbourhood Watch\",\"potentialAction\":[{\"@type\":\"SearchAction\",\"target\":\"https:\/\/www.nembutalscams.com\/en\/?s={search_term_string}\",\"query-input\":\"required name=search_term_string\"}],\"inLanguage\":\"es\"},{\"@type\":\"ImageObject\",\"@id\":\"https:\/\/www.nembutalscams.com\/faqs\/#primaryimage\",\"inLanguage\":\"es\",\"url\":\"https:\/\/www.nembutalscams.com\/wp-content\/uploads\/featured_img_new6.png\",\"width\":700,\"height\":170},{\"@type\":\"WebPage\",\"@id\":\"https:\/\/www.nembutalscams.com\/faqs\/#webpage\",\"url\":\"https:\/\/www.nembutalscams.com\/faqs\/\",\"name\":\"[:en]FAQs[:de]FAQs - Fragen und Antworten[:fr]Forum aux Questions[:nl]FAQs[:it]FAQ - Domande e risposte[:es]Preguntas frecuentes[:] - Estafas con Nembutal\",\"isPartOf\":{\"@id\":\"https:\/\/www.nembutalscams.com\/en\/#website\"},\"primaryImageOfPage\":{\"@id\":\"https:\/\/www.nembutalscams.com\/faqs\/#primaryimage\"},\"datePublished\":\"2020-06-15T07:12:18+00:00\",\"dateModified\":\"2020-10-22T12:27:32+00:00\",\"breadcrumb\":{\"@id\":\"https:\/\/www.nembutalscams.com\/faqs\/#breadcrumb\"},\"inLanguage\":\"es\",\"potentialAction\":[{\"@type\":\"ReadAction\",\"target\":[\"https:\/\/www.nembutalscams.com\/faqs\/\"]}]},{\"@type\":\"BreadcrumbList\",\"@id\":\"https:\/\/www.nembutalscams.com\/faqs\/#breadcrumb\",\"itemListElement\":[{\"@type\":\"ListItem\",\"position\":1,\"item\":{\"@type\":\"WebPage\",\"@id\":\"https:\/\/www.nembutalscams.com\/\",\"url\":\"https:\/\/www.nembutalscams.com\/\",\"name\":\"Home\"}},{\"@type\":\"ListItem\",\"position\":2,\"item\":{\"@type\":\"WebPage\",\"@id\":\"https:\/\/www.nembutalscams.com\/faqs\/\",\"url\":\"https:\/\/www.nembutalscams.com\/faqs\/\",\"name\":\"FAQs\"}}]}]}<\/script>\n<!-- \/ Yoast SEO plugin. -->","_links":{"self":[{"href":"https:\/\/www.nembutalscams.com\/es\/wp-json\/wp\/v2\/pages\/526"}],"collection":[{"href":"https:\/\/www.nembutalscams.com\/es\/wp-json\/wp\/v2\/pages"}],"about":[{"href":"https:\/\/www.nembutalscams.com\/es\/wp-json\/wp\/v2\/types\/page"}],"author":[{"embeddable":true,"href":"https:\/\/www.nembutalscams.com\/es\/wp-json\/wp\/v2\/users\/1"}],"replies":[{"embeddable":true,"href":"https:\/\/www.nembutalscams.com\/es\/wp-json\/wp\/v2\/comments?post=526"}],"version-history":[{"count":26,"href":"https:\/\/www.nembutalscams.com\/es\/wp-json\/wp\/v2\/pages\/526\/revisions"}],"predecessor-version":[{"id":1769,"href":"https:\/\/www.nembutalscams.com\/es\/wp-json\/wp\/v2\/pages\/526\/revisions\/1769"}],"wp:featuredmedia":[{"embeddable":true,"href":"https:\/\/www.nembutalscams.com\/es\/wp-json\/wp\/v2\/media\/1237"}],"wp:attachment":[{"href":"https:\/\/www.nembutalscams.com\/es\/wp-json\/wp\/v2\/media?parent=526"}],"curies":[{"name":"wp","href":"https:\/\/api.w.org\/{rel}","templated":true}]}}