{"id":1272,"date":"2020-07-23T18:05:46","date_gmt":"2020-07-23T18:05:46","guid":{"rendered":"http:\/\/www.nembutalscams.com\/?page_id=1272"},"modified":"2020-10-22T11:38:40","modified_gmt":"2020-10-22T11:38:40","slug":"history","status":"publish","type":"page","link":"https:\/\/www.nembutalscams.com\/fr\/about-nembutal\/history\/","title":{"rendered":"Histoire"},"content":{"rendered":"<p>Bien que les barbituriques se soient av\u00e9r\u00e9s \u00eatre des somnif\u00e8res tr\u00e8s efficaces, un probl\u00e8me important \u00e9tait l&#8217;effet secondaire tr\u00e8s grave associ\u00e9 \u00e0 leur surdose &#8211; la mort.<\/p>\n<p>Cela s&#8217;est av\u00e9r\u00e9 particuli\u00e8rement vrai si les pilules \u00e9taient prises avec de l&#8217;alcool.<\/p>\n<p>De nombreuses personnes c\u00e9l\u00e8bres sont mortes &#8211; certaines d\u00e9lib\u00e9r\u00e9ment, d&#8217;autres par inadvertance &#8211; d&#8217;une overdose de barbituriques. Marilyn Monroe, Judy Garland et Jimmy Hendrix en sont quelques uns.<\/p>\n<p>Connus \u00e9galement sous les noms de &#8220;Pink Ladies&#8221;, &#8220;Yellow Bullets&#8221;, &#8220;Peanuts&#8221; et &#8220;Dolls&#8221;, ce n&#8217;\u00e9tait qu&#8217;une question de temps avant que les barbituriques ne perdent la faveur du corps m\u00e9dical et que de nouveaux somnif\u00e8res plus s\u00fbrs (les benzodiaz\u00e9pines) soient disponibles.<\/p>\n<p>Le Nembutal a \u00e9t\u00e9 retir\u00e9 du tableau des prescriptions en 1998, sans grand pr\u00e9avis, et l&#8217;Amytal a suivi en 2003.<\/p>\n<p>Aujourd&#8217;hui, le seul barbiturique couramment prescrit par les m\u00e9decins est le Ph\u00e9nobarbital \u00e0 action lente.<\/p>\n<p>Le ph\u00e9nobarbital occupe une niche dans la m\u00e9decine en tant qu&#8217;anticonvulsivant, mais il est un pi\u00e8tre substitut aux somnif\u00e8res sp\u00e9cifiques aux barbituriques en termes de fiabilit\u00e9 et de tranquillit\u00e9 de la mort.<\/p>\n<p>&nbsp;<\/p>\n<p><strong>Utilisation des barbituriques en pratique v\u00e9t\u00e9rinaire<\/strong><\/p>\n<p>L&#8217;usage v\u00e9t\u00e9rinaire des barbituriques persiste depuis les ann\u00e9es 1930, o\u00f9 ils sont utilis\u00e9s comme anesth\u00e9sie lors d&#8217;op\u00e9rations chirurgicales et pour l&#8217;euthanasie des animaux.<\/p>\n<p>Une forte dose administr\u00e9e par voie intraveineuse, rapidement et paisiblement, met fin \u00e0 la vie d&#8217;un animal.<\/p>\n<p>Cette forme de m\u00e9dicament teint\u00e9e en vert est commercialis\u00e9e sous le nom de Lethabarb ou Valabarb et est connue sous le nom de &#8220;r\u00eave vert&#8221;.<\/p>\n<p>La forme teint\u00e9e en rose du m\u00e9dicament v\u00e9t\u00e9rinaire est commercialis\u00e9e sous le nom de Dolethal.<\/p>\n<p><img loading=\"lazy\" class=\" wp-image-1312 aligncenter\" src=\"http:\/\/www.nembutalscams.com\/wp-content\/uploads\/Valley-of-the-dolls-208x300.jpeg\" alt=\"\" width=\"306\" height=\"441\" srcset=\"https:\/\/www.nembutalscams.com\/wp-content\/uploads\/Valley-of-the-dolls-208x300.jpeg 208w, https:\/\/www.nembutalscams.com\/wp-content\/uploads\/Valley-of-the-dolls.jpeg 670w\" sizes=\"(max-width: 306px) 100vw, 306px\" \/><\/p>","protected":false},"excerpt":{"rendered":"<p>Bien que les barbituriques se soient av\u00e9r\u00e9s \u00eatre des somnif\u00e8res tr\u00e8s efficaces, un probl\u00e8me important \u00e9tait l&#8217;effet secondaire tr\u00e8s grave associ\u00e9 \u00e0 leur surdose &#8211; la mort. Cela s&#8217;est av\u00e9r\u00e9 particuli\u00e8rement vrai si les&#46;&#46;&#46;<\/p>\n","protected":false},"author":1,"featured_media":1237,"parent":1266,"menu_order":0,"comment_status":"closed","ping_status":"closed","template":"","meta":[],"yoast_head":"<!-- This site is optimized with the Yoast SEO plugin v16.0.2 - https:\/\/yoast.com\/wordpress\/plugins\/seo\/ -->\n<title>Histoire - Escroqueries avec le Nembutal<\/title>\n<link rel=\"canonical\" href=\"https:\/\/www.nembutalscams.com\/about-nembutal\/history\/\" \/>\n<meta property=\"og:locale\" content=\"fr_FR\" \/>\n<meta property=\"og:type\" content=\"article\" \/>\n<meta property=\"og:title\" content=\"[:en]History[:de]Geschichte[:fr]Histoire[:nl]Geschiedenis[:it]Storia[:es]Historia[:] - Escroqueries avec le Nembutal\" \/>\n<meta property=\"og:description\" content=\"Bien que les barbituriques se soient av\u00e9r\u00e9s \u00eatre des somnif\u00e8res tr\u00e8s efficaces, un probl\u00e8me important \u00e9tait l&#8217;effet secondaire tr\u00e8s grave associ\u00e9 \u00e0 leur surdose &#8211; la mort. Cela s&#8217;est av\u00e9r\u00e9 particuli\u00e8rement vrai si les&#046;&#046;&#046;\" \/>\n<meta property=\"og:url\" content=\"https:\/\/www.nembutalscams.com\/about-nembutal\/history\/\" \/>\n<meta property=\"og:site_name\" content=\"Escroqueries avec le Nembutal\" \/>\n<meta property=\"article:modified_time\" content=\"2020-10-22T11:38:40+00:00\" \/>\n<meta property=\"og:image\" content=\"https:\/\/www.nembutalscams.com\/wp-content\/uploads\/featured_img_new6.png\" \/>\n\t<meta property=\"og:image:width\" content=\"700\" \/>\n\t<meta property=\"og:image:height\" content=\"170\" \/>\n<meta name=\"twitter:card\" content=\"summary_large_image\" \/>\n<meta name=\"twitter:label1\" content=\"Dur\u00e9e de lecture est.\">\n\t<meta name=\"twitter:data1\" content=\"8 minutes\">\n<script type=\"application\/ld+json\" class=\"yoast-schema-graph\">{\"@context\":\"https:\/\/schema.org\",\"@graph\":[{\"@type\":\"WebSite\",\"@id\":\"https:\/\/www.nembutalscams.com\/en\/#website\",\"url\":\"https:\/\/www.nembutalscams.com\/en\/\",\"name\":\"Escroqueries avec le Nembutal\",\"description\":\"Nembutal Scams Neighbourhood Watch\",\"potentialAction\":[{\"@type\":\"SearchAction\",\"target\":\"https:\/\/www.nembutalscams.com\/en\/?s={search_term_string}\",\"query-input\":\"required name=search_term_string\"}],\"inLanguage\":\"fr-FR\"},{\"@type\":\"ImageObject\",\"@id\":\"https:\/\/www.nembutalscams.com\/about-nembutal\/history\/#primaryimage\",\"inLanguage\":\"fr-FR\",\"url\":\"https:\/\/www.nembutalscams.com\/wp-content\/uploads\/featured_img_new6.png\",\"width\":700,\"height\":170},{\"@type\":\"WebPage\",\"@id\":\"https:\/\/www.nembutalscams.com\/about-nembutal\/history\/#webpage\",\"url\":\"https:\/\/www.nembutalscams.com\/about-nembutal\/history\/\",\"name\":\"[:en]History[:de]Geschichte[:fr]Histoire[:nl]Geschiedenis[:it]Storia[:es]Historia[:] - Escroqueries avec le Nembutal\",\"isPartOf\":{\"@id\":\"https:\/\/www.nembutalscams.com\/en\/#website\"},\"primaryImageOfPage\":{\"@id\":\"https:\/\/www.nembutalscams.com\/about-nembutal\/history\/#primaryimage\"},\"datePublished\":\"2020-07-23T18:05:46+00:00\",\"dateModified\":\"2020-10-22T11:38:40+00:00\",\"breadcrumb\":{\"@id\":\"https:\/\/www.nembutalscams.com\/about-nembutal\/history\/#breadcrumb\"},\"inLanguage\":\"fr-FR\",\"potentialAction\":[{\"@type\":\"ReadAction\",\"target\":[\"https:\/\/www.nembutalscams.com\/about-nembutal\/history\/\"]}]},{\"@type\":\"BreadcrumbList\",\"@id\":\"https:\/\/www.nembutalscams.com\/about-nembutal\/history\/#breadcrumb\",\"itemListElement\":[{\"@type\":\"ListItem\",\"position\":1,\"item\":{\"@type\":\"WebPage\",\"@id\":\"https:\/\/www.nembutalscams.com\/\",\"url\":\"https:\/\/www.nembutalscams.com\/\",\"name\":\"Home\"}},{\"@type\":\"ListItem\",\"position\":2,\"item\":{\"@type\":\"WebPage\",\"@id\":\"https:\/\/www.nembutalscams.com\/about-nembutal\/\",\"url\":\"https:\/\/www.nembutalscams.com\/about-nembutal\/\",\"name\":\"About Nembutal\"}},{\"@type\":\"ListItem\",\"position\":3,\"item\":{\"@type\":\"WebPage\",\"@id\":\"https:\/\/www.nembutalscams.com\/about-nembutal\/history\/\",\"url\":\"https:\/\/www.nembutalscams.com\/about-nembutal\/history\/\",\"name\":\"History\"}}]}]}<\/script>\n<!-- \/ Yoast SEO plugin. -->","_links":{"self":[{"href":"https:\/\/www.nembutalscams.com\/fr\/wp-json\/wp\/v2\/pages\/1272"}],"collection":[{"href":"https:\/\/www.nembutalscams.com\/fr\/wp-json\/wp\/v2\/pages"}],"about":[{"href":"https:\/\/www.nembutalscams.com\/fr\/wp-json\/wp\/v2\/types\/page"}],"author":[{"embeddable":true,"href":"https:\/\/www.nembutalscams.com\/fr\/wp-json\/wp\/v2\/users\/1"}],"replies":[{"embeddable":true,"href":"https:\/\/www.nembutalscams.com\/fr\/wp-json\/wp\/v2\/comments?post=1272"}],"version-history":[{"count":19,"href":"https:\/\/www.nembutalscams.com\/fr\/wp-json\/wp\/v2\/pages\/1272\/revisions"}],"predecessor-version":[{"id":1755,"href":"https:\/\/www.nembutalscams.com\/fr\/wp-json\/wp\/v2\/pages\/1272\/revisions\/1755"}],"up":[{"embeddable":true,"href":"https:\/\/www.nembutalscams.com\/fr\/wp-json\/wp\/v2\/pages\/1266"}],"wp:featuredmedia":[{"embeddable":true,"href":"https:\/\/www.nembutalscams.com\/fr\/wp-json\/wp\/v2\/media\/1237"}],"wp:attachment":[{"href":"https:\/\/www.nembutalscams.com\/fr\/wp-json\/wp\/v2\/media?parent=1272"}],"curies":[{"name":"wp","href":"https:\/\/api.w.org\/{rel}","templated":true}]}}