{"id":1277,"date":"2020-07-23T18:07:01","date_gmt":"2020-07-23T18:07:01","guid":{"rendered":"http:\/\/www.nembutalscams.com\/?page_id=1277"},"modified":"2020-10-22T11:43:34","modified_gmt":"2020-10-22T11:43:34","slug":"black-market","status":"publish","type":"page","link":"https:\/\/www.nembutalscams.com\/fr\/about-nembutal\/black-market\/","title":{"rendered":"Le Nembutal et le march\u00e9 noir"},"content":{"rendered":"<p>Dans les ann\u00e9es 1960, le Nembutal a \u00e9t\u00e9 exploit\u00e9 comme une drogue de d\u00e9pendance.<\/p>\n<p>En ajustant soigneusement la dose, on a constat\u00e9 que le Nembutal procurait un \u00e9tat soporifique et tranquille. C&#8217;est pourquoi les barbituriques ont \u00e9t\u00e9 appel\u00e9s &#8220;downers&#8221;.<\/p>\n<p>En tant que &#8220;downers&#8221;, ils \u00e9taient souvent m\u00e9lang\u00e9s avec des &#8220;uppers&#8221;, des drogues comme les amph\u00e9tamines.<\/p>\n<p>La marge de s\u00e9curit\u00e9 entre le sommeil souhait\u00e9 et l&#8217;euphorie \u00e9tant faible, leur utilisation pr\u00e9sentait un danger consid\u00e9rable.<\/p>\n<p>Aujourd&#8217;hui, le Nembutal est une drogue qui ne sera prise qu&#8217;une seule fois (pour une mort paisible).<\/p>\n<p>Une personne n&#8217;a besoin que d&#8217;une seule dose de Nembutal.<\/p>\n<p>C&#8217;est pourquoi le Nembutal ne se pr\u00eate pas au commerce dans la rue comme une drogue de march\u00e9 noir (au m\u00eame titre que la coca\u00efne, le fentanyl, etc.)<\/p>\n<p>En ce qui concerne Nembutal, il existe tr\u00e8s peu de sources authentiques, y compris sur le dark web.<\/p>\n<p>L&#8217;absence de commerce au march\u00e9 noir de Nembutal est l&#8217;un des facteurs qui alimentent les escroqueries.<\/p>\n<p>Les escrocs ne sont pas des marchands de march\u00e9 noir car ils ne fournissent jamais un produit.<\/p>\n<p>Au contraire, les escrocs trompent, trichent et volent tout en ne fournissant rien en retour.<\/p>\n<p><div id=\"attachment_1323\" style=\"width: 310px\" class=\"wp-caption aligncenter\"><img aria-describedby=\"caption-attachment-1323\" loading=\"lazy\" class=\"size-medium wp-image-1323\" src=\"http:\/\/www.nembutalscams.com\/wp-content\/uploads\/Silk-Road-Seizure-300x223.jpeg\" alt=\"\" width=\"300\" height=\"223\" srcset=\"https:\/\/www.nembutalscams.com\/wp-content\/uploads\/Silk-Road-Seizure-300x223.jpeg 300w, https:\/\/www.nembutalscams.com\/wp-content\/uploads\/Silk-Road-Seizure-768x571.jpeg 768w, https:\/\/www.nembutalscams.com\/wp-content\/uploads\/Silk-Road-Seizure.jpeg 968w\" sizes=\"(max-width: 300px) 100vw, 300px\" \/><p id=\"caption-attachment-1323\" class=\"wp-caption-text\">Silk Road Seizure<\/p><\/div><\/p>","protected":false},"excerpt":{"rendered":"<p>Dans les ann\u00e9es 1960, le Nembutal a \u00e9t\u00e9 exploit\u00e9 comme une drogue de d\u00e9pendance. En ajustant soigneusement la dose, on a constat\u00e9 que le Nembutal procurait un \u00e9tat soporifique et tranquille. C&#8217;est pourquoi les&#46;&#46;&#46;<\/p>\n","protected":false},"author":1,"featured_media":1237,"parent":1266,"menu_order":0,"comment_status":"closed","ping_status":"closed","template":"","meta":[],"yoast_head":"<!-- This site is optimized with the Yoast SEO plugin v16.0.2 - https:\/\/yoast.com\/wordpress\/plugins\/seo\/ -->\n<title>Le Nembutal et le march\u00e9 noir - Escroqueries avec le Nembutal<\/title>\n<link rel=\"canonical\" href=\"https:\/\/www.nembutalscams.com\/about-nembutal\/black-market\/\" \/>\n<meta property=\"og:locale\" content=\"fr_FR\" \/>\n<meta property=\"og:type\" content=\"article\" \/>\n<meta property=\"og:title\" content=\"[:en]Nembutal &amp; the Black Market[:de]Nembutal &amp; the Black Market[:fr]Le Nembutal et le march\u00e9 noir[:nl]Nembutal &amp; de zwarte markt[:it]Nembutal e il mercato nero[:es]Nembutal y el mercado negro[:] - Escroqueries avec le Nembutal\" \/>\n<meta property=\"og:description\" content=\"Dans les ann\u00e9es 1960, le Nembutal a \u00e9t\u00e9 exploit\u00e9 comme une drogue de d\u00e9pendance. En ajustant soigneusement la dose, on a constat\u00e9 que le Nembutal procurait un \u00e9tat soporifique et tranquille. C&#8217;est pourquoi les&#046;&#046;&#046;\" \/>\n<meta property=\"og:url\" content=\"https:\/\/www.nembutalscams.com\/about-nembutal\/black-market\/\" \/>\n<meta property=\"og:site_name\" content=\"Escroqueries avec le Nembutal\" \/>\n<meta property=\"article:modified_time\" content=\"2020-10-22T11:43:34+00:00\" \/>\n<meta property=\"og:image\" content=\"https:\/\/www.nembutalscams.com\/wp-content\/uploads\/featured_img_new6.png\" \/>\n\t<meta property=\"og:image:width\" content=\"700\" \/>\n\t<meta property=\"og:image:height\" content=\"170\" \/>\n<meta name=\"twitter:card\" content=\"summary_large_image\" \/>\n<meta name=\"twitter:label1\" content=\"Dur\u00e9e de lecture est.\">\n\t<meta name=\"twitter:data1\" content=\"6 minutes\">\n<script type=\"application\/ld+json\" class=\"yoast-schema-graph\">{\"@context\":\"https:\/\/schema.org\",\"@graph\":[{\"@type\":\"WebSite\",\"@id\":\"https:\/\/www.nembutalscams.com\/en\/#website\",\"url\":\"https:\/\/www.nembutalscams.com\/en\/\",\"name\":\"Escroqueries avec le Nembutal\",\"description\":\"Nembutal Scams Neighbourhood Watch\",\"potentialAction\":[{\"@type\":\"SearchAction\",\"target\":\"https:\/\/www.nembutalscams.com\/en\/?s={search_term_string}\",\"query-input\":\"required name=search_term_string\"}],\"inLanguage\":\"fr-FR\"},{\"@type\":\"ImageObject\",\"@id\":\"https:\/\/www.nembutalscams.com\/about-nembutal\/black-market\/#primaryimage\",\"inLanguage\":\"fr-FR\",\"url\":\"https:\/\/www.nembutalscams.com\/wp-content\/uploads\/featured_img_new6.png\",\"width\":700,\"height\":170},{\"@type\":\"WebPage\",\"@id\":\"https:\/\/www.nembutalscams.com\/about-nembutal\/black-market\/#webpage\",\"url\":\"https:\/\/www.nembutalscams.com\/about-nembutal\/black-market\/\",\"name\":\"[:en]Nembutal & the Black Market[:de]Nembutal & the Black Market[:fr]Le Nembutal et le march\\u00e9 noir[:nl]Nembutal & de zwarte markt[:it]Nembutal e il mercato nero[:es]Nembutal y el mercado negro[:] - Escroqueries avec le Nembutal\",\"isPartOf\":{\"@id\":\"https:\/\/www.nembutalscams.com\/en\/#website\"},\"primaryImageOfPage\":{\"@id\":\"https:\/\/www.nembutalscams.com\/about-nembutal\/black-market\/#primaryimage\"},\"datePublished\":\"2020-07-23T18:07:01+00:00\",\"dateModified\":\"2020-10-22T11:43:34+00:00\",\"breadcrumb\":{\"@id\":\"https:\/\/www.nembutalscams.com\/about-nembutal\/black-market\/#breadcrumb\"},\"inLanguage\":\"fr-FR\",\"potentialAction\":[{\"@type\":\"ReadAction\",\"target\":[\"https:\/\/www.nembutalscams.com\/about-nembutal\/black-market\/\"]}]},{\"@type\":\"BreadcrumbList\",\"@id\":\"https:\/\/www.nembutalscams.com\/about-nembutal\/black-market\/#breadcrumb\",\"itemListElement\":[{\"@type\":\"ListItem\",\"position\":1,\"item\":{\"@type\":\"WebPage\",\"@id\":\"https:\/\/www.nembutalscams.com\/\",\"url\":\"https:\/\/www.nembutalscams.com\/\",\"name\":\"Home\"}},{\"@type\":\"ListItem\",\"position\":2,\"item\":{\"@type\":\"WebPage\",\"@id\":\"https:\/\/www.nembutalscams.com\/about-nembutal\/\",\"url\":\"https:\/\/www.nembutalscams.com\/about-nembutal\/\",\"name\":\"About Nembutal\"}},{\"@type\":\"ListItem\",\"position\":3,\"item\":{\"@type\":\"WebPage\",\"@id\":\"https:\/\/www.nembutalscams.com\/about-nembutal\/black-market\/\",\"url\":\"https:\/\/www.nembutalscams.com\/about-nembutal\/black-market\/\",\"name\":\"Nembutal &#038; the Black Market\"}}]}]}<\/script>\n<!-- \/ Yoast SEO plugin. -->","_links":{"self":[{"href":"https:\/\/www.nembutalscams.com\/fr\/wp-json\/wp\/v2\/pages\/1277"}],"collection":[{"href":"https:\/\/www.nembutalscams.com\/fr\/wp-json\/wp\/v2\/pages"}],"about":[{"href":"https:\/\/www.nembutalscams.com\/fr\/wp-json\/wp\/v2\/types\/page"}],"author":[{"embeddable":true,"href":"https:\/\/www.nembutalscams.com\/fr\/wp-json\/wp\/v2\/users\/1"}],"replies":[{"embeddable":true,"href":"https:\/\/www.nembutalscams.com\/fr\/wp-json\/wp\/v2\/comments?post=1277"}],"version-history":[{"count":11,"href":"https:\/\/www.nembutalscams.com\/fr\/wp-json\/wp\/v2\/pages\/1277\/revisions"}],"predecessor-version":[{"id":1757,"href":"https:\/\/www.nembutalscams.com\/fr\/wp-json\/wp\/v2\/pages\/1277\/revisions\/1757"}],"up":[{"embeddable":true,"href":"https:\/\/www.nembutalscams.com\/fr\/wp-json\/wp\/v2\/pages\/1266"}],"wp:featuredmedia":[{"embeddable":true,"href":"https:\/\/www.nembutalscams.com\/fr\/wp-json\/wp\/v2\/media\/1237"}],"wp:attachment":[{"href":"https:\/\/www.nembutalscams.com\/fr\/wp-json\/wp\/v2\/media?parent=1277"}],"curies":[{"name":"wp","href":"https:\/\/api.w.org\/{rel}","templated":true}]}}