{"id":1287,"date":"2020-07-23T18:09:54","date_gmt":"2020-07-23T18:09:54","guid":{"rendered":"http:\/\/www.nembutalscams.com\/?page_id=1287"},"modified":"2021-04-07T08:06:40","modified_gmt":"2021-04-07T08:06:40","slug":"peaceful-pill-handbook","status":"publish","type":"page","link":"https:\/\/www.nembutalscams.com\/fr\/about-this-site\/peaceful-pill-handbook\/","title":{"rendered":"Le manuel Pilule Douce"},"content":{"rendered":"<p><em><img loading=\"lazy\" class=\"alignnone wp-image-1699 size-medium\" src=\"https:\/\/www.nembutalscams.com\/wp-content\/uploads\/skew_digital-2-242x300.png\" alt=\"\" width=\"242\" height=\"300\" srcset=\"https:\/\/www.nembutalscams.com\/wp-content\/uploads\/skew_digital-2-242x300.png 242w, https:\/\/www.nembutalscams.com\/wp-content\/uploads\/skew_digital-2.png 332w\" sizes=\"(max-width: 242px) 100vw, 242px\" \/><\/em><\/p>\n<p>Le manuel <em>Pilule Douce<\/em> contient de nombreuses informations sur le Nembutal, notamment : l&#8217;histoire, la disponibilit\u00e9, les tests, le stockage, l&#8217;administration, les escroqueries et les questions juridiques connexes qui s&#8217;appliquent aux \u00e9l\u00e9ments susmentionn\u00e9s.<\/p>\n<p>Le manuel <em>Pilule Douce<\/em> est le seul guide de choix de fin de vie qui avertit les lecteurs des escroqueries en ligne avec le Nembutal et qui publie une liste actualis\u00e9e des principaux sites web d&#8217;escroquerie, des noms, des courriels, des profils de m\u00e9dias sociaux, etc.<\/p>\n<p>Pour plus d&#8217;informations sur le manuel <em>Pilule Douce<\/em> (en ligne ou imprim\u00e9e), consultez le site : <a href=\"https:\/\/www.peacefulpillhandbook.com\/francais\">www.peacefulpillhandbook.com\/francais<\/a><\/p>\n<p><em>\u00a0<\/em><\/p>\n<p>&nbsp;<\/p>\n<p>&nbsp;<\/p>","protected":false},"excerpt":{"rendered":"<p>Le manuel Pilule Douce contient de nombreuses informations sur le Nembutal, notamment : l&#8217;histoire, la disponibilit\u00e9, les tests, le stockage, l&#8217;administration, les escroqueries et les questions juridiques connexes qui s&#8217;appliquent aux \u00e9l\u00e9ments susmentionn\u00e9s. Le&#46;&#46;&#46;<\/p>\n","protected":false},"author":1,"featured_media":1237,"parent":1281,"menu_order":0,"comment_status":"closed","ping_status":"closed","template":"","meta":[],"yoast_head":"<!-- This site is optimized with the Yoast SEO plugin v16.0.2 - https:\/\/yoast.com\/wordpress\/plugins\/seo\/ -->\n<title>Le manuel Pilule Douce - Escroqueries avec le Nembutal<\/title>\n<link rel=\"canonical\" href=\"https:\/\/www.nembutalscams.com\/about-this-site\/peaceful-pill-handbook\/\" \/>\n<meta property=\"og:locale\" content=\"fr_FR\" \/>\n<meta property=\"og:type\" content=\"article\" \/>\n<meta property=\"og:title\" content=\"[:en]Peaceful Pill Handbook[:de]Handbuch &quot;Die friedliche Pille&quot;[:fr]Le manuel Pilule Douce[:nl]Peaceful Pill Handbook[:it]La pillola della quiete[:es]El Manual de la P\u00edldora Apacible[:] - Escroqueries avec le Nembutal\" \/>\n<meta property=\"og:description\" content=\"Le manuel Pilule Douce contient de nombreuses informations sur le Nembutal, notamment : l&#8217;histoire, la disponibilit\u00e9, les tests, le stockage, l&#8217;administration, les escroqueries et les questions juridiques connexes qui s&#8217;appliquent aux \u00e9l\u00e9ments susmentionn\u00e9s. Le&#046;&#046;&#046;\" \/>\n<meta property=\"og:url\" content=\"https:\/\/www.nembutalscams.com\/about-this-site\/peaceful-pill-handbook\/\" \/>\n<meta property=\"og:site_name\" content=\"Escroqueries avec le Nembutal\" \/>\n<meta property=\"article:modified_time\" content=\"2021-04-07T08:06:40+00:00\" \/>\n<meta property=\"og:image\" content=\"http:\/\/www.nembutalscams.com\/wp-content\/uploads\/skew_digital_trans2-225x300.png\" \/>\n<meta name=\"twitter:card\" content=\"summary_large_image\" \/>\n<meta name=\"twitter:label1\" content=\"Dur\u00e9e de lecture est.\">\n\t<meta name=\"twitter:data1\" content=\"1 minute\">\n<script type=\"application\/ld+json\" class=\"yoast-schema-graph\">{\"@context\":\"https:\/\/schema.org\",\"@graph\":[{\"@type\":\"WebSite\",\"@id\":\"https:\/\/www.nembutalscams.com\/en\/#website\",\"url\":\"https:\/\/www.nembutalscams.com\/en\/\",\"name\":\"Escroqueries avec le Nembutal\",\"description\":\"Nembutal Scams Neighbourhood Watch\",\"potentialAction\":[{\"@type\":\"SearchAction\",\"target\":\"https:\/\/www.nembutalscams.com\/en\/?s={search_term_string}\",\"query-input\":\"required name=search_term_string\"}],\"inLanguage\":\"fr-FR\"},{\"@type\":\"ImageObject\",\"@id\":\"https:\/\/www.nembutalscams.com\/about-this-site\/peaceful-pill-handbook\/#primaryimage\",\"inLanguage\":\"fr-FR\",\"url\":\"https:\/\/www.nembutalscams.com\/wp-content\/uploads\/featured_img_new6.png\",\"width\":700,\"height\":170},{\"@type\":\"WebPage\",\"@id\":\"https:\/\/www.nembutalscams.com\/about-this-site\/peaceful-pill-handbook\/#webpage\",\"url\":\"https:\/\/www.nembutalscams.com\/about-this-site\/peaceful-pill-handbook\/\",\"name\":\"[:en]Peaceful Pill Handbook[:de]Handbuch \\\"Die friedliche Pille\\\"[:fr]Le manuel Pilule Douce[:nl]Peaceful Pill Handbook[:it]La pillola della quiete[:es]El Manual de la P\\u00edldora Apacible[:] - Escroqueries avec le Nembutal\",\"isPartOf\":{\"@id\":\"https:\/\/www.nembutalscams.com\/en\/#website\"},\"primaryImageOfPage\":{\"@id\":\"https:\/\/www.nembutalscams.com\/about-this-site\/peaceful-pill-handbook\/#primaryimage\"},\"datePublished\":\"2020-07-23T18:09:54+00:00\",\"dateModified\":\"2021-04-07T08:06:40+00:00\",\"breadcrumb\":{\"@id\":\"https:\/\/www.nembutalscams.com\/about-this-site\/peaceful-pill-handbook\/#breadcrumb\"},\"inLanguage\":\"fr-FR\",\"potentialAction\":[{\"@type\":\"ReadAction\",\"target\":[\"https:\/\/www.nembutalscams.com\/about-this-site\/peaceful-pill-handbook\/\"]}]},{\"@type\":\"BreadcrumbList\",\"@id\":\"https:\/\/www.nembutalscams.com\/about-this-site\/peaceful-pill-handbook\/#breadcrumb\",\"itemListElement\":[{\"@type\":\"ListItem\",\"position\":1,\"item\":{\"@type\":\"WebPage\",\"@id\":\"https:\/\/www.nembutalscams.com\/\",\"url\":\"https:\/\/www.nembutalscams.com\/\",\"name\":\"Home\"}},{\"@type\":\"ListItem\",\"position\":2,\"item\":{\"@type\":\"WebPage\",\"@id\":\"https:\/\/www.nembutalscams.com\/about-this-site\/\",\"url\":\"https:\/\/www.nembutalscams.com\/about-this-site\/\",\"name\":\"About this site\"}},{\"@type\":\"ListItem\",\"position\":3,\"item\":{\"@type\":\"WebPage\",\"@id\":\"https:\/\/www.nembutalscams.com\/about-this-site\/peaceful-pill-handbook\/\",\"url\":\"https:\/\/www.nembutalscams.com\/about-this-site\/peaceful-pill-handbook\/\",\"name\":\"Peaceful Pill Handbook\"}}]}]}<\/script>\n<!-- \/ Yoast SEO plugin. -->","_links":{"self":[{"href":"https:\/\/www.nembutalscams.com\/fr\/wp-json\/wp\/v2\/pages\/1287"}],"collection":[{"href":"https:\/\/www.nembutalscams.com\/fr\/wp-json\/wp\/v2\/pages"}],"about":[{"href":"https:\/\/www.nembutalscams.com\/fr\/wp-json\/wp\/v2\/types\/page"}],"author":[{"embeddable":true,"href":"https:\/\/www.nembutalscams.com\/fr\/wp-json\/wp\/v2\/users\/1"}],"replies":[{"embeddable":true,"href":"https:\/\/www.nembutalscams.com\/fr\/wp-json\/wp\/v2\/comments?post=1287"}],"version-history":[{"count":34,"href":"https:\/\/www.nembutalscams.com\/fr\/wp-json\/wp\/v2\/pages\/1287\/revisions"}],"predecessor-version":[{"id":1838,"href":"https:\/\/www.nembutalscams.com\/fr\/wp-json\/wp\/v2\/pages\/1287\/revisions\/1838"}],"up":[{"embeddable":true,"href":"https:\/\/www.nembutalscams.com\/fr\/wp-json\/wp\/v2\/pages\/1281"}],"wp:featuredmedia":[{"embeddable":true,"href":"https:\/\/www.nembutalscams.com\/fr\/wp-json\/wp\/v2\/media\/1237"}],"wp:attachment":[{"href":"https:\/\/www.nembutalscams.com\/fr\/wp-json\/wp\/v2\/media?parent=1287"}],"curies":[{"name":"wp","href":"https:\/\/api.w.org\/{rel}","templated":true}]}}