{"id":526,"date":"2020-06-15T17:12:18","date_gmt":"2020-06-15T07:12:18","guid":{"rendered":"http:\/\/www.nembutalscams.com\/?page_id=526"},"modified":"2020-10-22T12:27:32","modified_gmt":"2020-10-22T12:27:32","slug":"faqs","status":"publish","type":"page","link":"https:\/\/www.nembutalscams.com\/fr\/faqs\/","title":{"rendered":"Forum aux Questions"},"content":{"rendered":"<p><strong>Qu&#8217;est-ce qu&#8217;une arnaque de Nembutal ?<\/strong><\/p>\n<p>Une arnaque Nembutal est une personne, un site web, etc. qui pr\u00e9tend vendre Nembutal mais qui, en r\u00e9alit\u00e9, prend de l&#8217;argent et ne livre rien.<\/p>\n<p><strong>Qui est propri\u00e9taire de Nembutalscams.com ?<\/strong><\/p>\n<p>Nembutalscams.com est la propri\u00e9t\u00e9 d&#8217;Exit International, qui en assure le fonctionnement.<\/p>\n<p><strong>Que puis-je faire si j&#8217;ai d\u00e9j\u00e0 \u00e9t\u00e9 victime d&#8217;une escroquerie ?<\/strong><\/p>\n<p>Si vous avez \u00e9t\u00e9 victime d&#8217;une escroquerie, vous pouvez signaler le site web, le nom ou l&#8217;adresse \u00e9lectronique, etc. sur ce site web pour avertir les autres. Exit vous remercie pour votre service public.<\/p>\n<p><strong>Pouvez-vous m&#8217;aider \u00e0 acheter Nembutal ?<\/strong><\/p>\n<p>Pour des raisons juridiques, Exit International ne peut pas vous aider \u00e0 acheter Nembutal.<\/p>\n<p><strong>O\u00f9 puis-je trouver plus d&#8217;informations sur Nembutal ?<\/strong><\/p>\n<p>Le manuel en ligne <em>Pilule Douce<\/em> contient de nombreuses informations sur le Nembutal, notamment : l&#8217;histoire, la disponibilit\u00e9, les tests, le stockage, l&#8217;administration, l&#8217;escroquerie et les questions juridiques s&#8217;appliquant \u00e0 tous les aspects mentionn\u00e9s ci-dessus.<\/p>\n<p><strong>Comment puis-je lire le manuel Pilule Douce ?<\/strong><\/p>\n<p><em><a href=\"https:\/\/www.peacefulpillhandbook.com\/francais\">www.peacefulpillhandbook.com\/francais<\/a><\/em><\/p>\n<div style=\"width: 95%; border: 5px solid #e51a90; text-align: center; font-weight: bold; padding: 10px;\">Attention ! Si vous mettez accidentellement 2 &#8216;l&#8217; dans Peacefull, et tapez www.peacefullpill.com PAS le vrai <a href=\"https:\/\/www.peacefulpillhandbook.com\/francais\">www.peacefulpill.com<\/a>, vous vous retrouverez sur un autre site d&#8217;escroquerie !<\/div>\n<p><\/p>","protected":false},"excerpt":{"rendered":"<p>Qu&#8217;est-ce qu&#8217;une arnaque de Nembutal ? Une arnaque Nembutal est une personne, un site web, etc. qui pr\u00e9tend vendre Nembutal mais qui, en r\u00e9alit\u00e9, prend de l&#8217;argent et ne livre rien. Qui est propri\u00e9taire&#46;&#46;&#46;<\/p>\n","protected":false},"author":1,"featured_media":1237,"parent":0,"menu_order":0,"comment_status":"closed","ping_status":"closed","template":"","meta":[],"yoast_head":"<!-- This site is optimized with the Yoast SEO plugin v16.0.2 - https:\/\/yoast.com\/wordpress\/plugins\/seo\/ -->\n<title>Forum aux Questions - Escroqueries avec le Nembutal<\/title>\n<link rel=\"canonical\" href=\"https:\/\/www.nembutalscams.com\/faqs\/\" \/>\n<meta property=\"og:locale\" content=\"fr_FR\" \/>\n<meta property=\"og:type\" content=\"article\" \/>\n<meta property=\"og:title\" content=\"[:en]FAQs[:de]FAQs - Fragen und Antworten[:fr]Forum aux Questions[:nl]FAQs[:it]FAQ - Domande e risposte[:es]Preguntas frecuentes[:] - Escroqueries avec le Nembutal\" \/>\n<meta property=\"og:description\" content=\"Qu&#8217;est-ce qu&#8217;une arnaque de Nembutal ? Une arnaque Nembutal est une personne, un site web, etc. qui pr\u00e9tend vendre Nembutal mais qui, en r\u00e9alit\u00e9, prend de l&#8217;argent et ne livre rien. Qui est propri\u00e9taire&#046;&#046;&#046;\" \/>\n<meta property=\"og:url\" content=\"https:\/\/www.nembutalscams.com\/faqs\/\" \/>\n<meta property=\"og:site_name\" content=\"Escroqueries avec le Nembutal\" \/>\n<meta property=\"article:modified_time\" content=\"2020-10-22T12:27:32+00:00\" \/>\n<meta property=\"og:image\" content=\"https:\/\/www.nembutalscams.com\/wp-content\/uploads\/featured_img_new6.png\" \/>\n\t<meta property=\"og:image:width\" content=\"700\" \/>\n\t<meta property=\"og:image:height\" content=\"170\" \/>\n<meta name=\"twitter:card\" content=\"summary_large_image\" \/>\n<meta name=\"twitter:label1\" content=\"Dur\u00e9e de lecture est.\">\n\t<meta name=\"twitter:data1\" content=\"6 minutes\">\n<script type=\"application\/ld+json\" class=\"yoast-schema-graph\">{\"@context\":\"https:\/\/schema.org\",\"@graph\":[{\"@type\":\"WebSite\",\"@id\":\"https:\/\/www.nembutalscams.com\/en\/#website\",\"url\":\"https:\/\/www.nembutalscams.com\/en\/\",\"name\":\"Escroqueries avec le Nembutal\",\"description\":\"Nembutal Scams Neighbourhood Watch\",\"potentialAction\":[{\"@type\":\"SearchAction\",\"target\":\"https:\/\/www.nembutalscams.com\/en\/?s={search_term_string}\",\"query-input\":\"required name=search_term_string\"}],\"inLanguage\":\"fr-FR\"},{\"@type\":\"ImageObject\",\"@id\":\"https:\/\/www.nembutalscams.com\/faqs\/#primaryimage\",\"inLanguage\":\"fr-FR\",\"url\":\"https:\/\/www.nembutalscams.com\/wp-content\/uploads\/featured_img_new6.png\",\"width\":700,\"height\":170},{\"@type\":\"WebPage\",\"@id\":\"https:\/\/www.nembutalscams.com\/faqs\/#webpage\",\"url\":\"https:\/\/www.nembutalscams.com\/faqs\/\",\"name\":\"[:en]FAQs[:de]FAQs - Fragen und Antworten[:fr]Forum aux Questions[:nl]FAQs[:it]FAQ - Domande e risposte[:es]Preguntas frecuentes[:] - Escroqueries avec le Nembutal\",\"isPartOf\":{\"@id\":\"https:\/\/www.nembutalscams.com\/en\/#website\"},\"primaryImageOfPage\":{\"@id\":\"https:\/\/www.nembutalscams.com\/faqs\/#primaryimage\"},\"datePublished\":\"2020-06-15T07:12:18+00:00\",\"dateModified\":\"2020-10-22T12:27:32+00:00\",\"breadcrumb\":{\"@id\":\"https:\/\/www.nembutalscams.com\/faqs\/#breadcrumb\"},\"inLanguage\":\"fr-FR\",\"potentialAction\":[{\"@type\":\"ReadAction\",\"target\":[\"https:\/\/www.nembutalscams.com\/faqs\/\"]}]},{\"@type\":\"BreadcrumbList\",\"@id\":\"https:\/\/www.nembutalscams.com\/faqs\/#breadcrumb\",\"itemListElement\":[{\"@type\":\"ListItem\",\"position\":1,\"item\":{\"@type\":\"WebPage\",\"@id\":\"https:\/\/www.nembutalscams.com\/\",\"url\":\"https:\/\/www.nembutalscams.com\/\",\"name\":\"Home\"}},{\"@type\":\"ListItem\",\"position\":2,\"item\":{\"@type\":\"WebPage\",\"@id\":\"https:\/\/www.nembutalscams.com\/faqs\/\",\"url\":\"https:\/\/www.nembutalscams.com\/faqs\/\",\"name\":\"FAQs\"}}]}]}<\/script>\n<!-- \/ Yoast SEO plugin. -->","_links":{"self":[{"href":"https:\/\/www.nembutalscams.com\/fr\/wp-json\/wp\/v2\/pages\/526"}],"collection":[{"href":"https:\/\/www.nembutalscams.com\/fr\/wp-json\/wp\/v2\/pages"}],"about":[{"href":"https:\/\/www.nembutalscams.com\/fr\/wp-json\/wp\/v2\/types\/page"}],"author":[{"embeddable":true,"href":"https:\/\/www.nembutalscams.com\/fr\/wp-json\/wp\/v2\/users\/1"}],"replies":[{"embeddable":true,"href":"https:\/\/www.nembutalscams.com\/fr\/wp-json\/wp\/v2\/comments?post=526"}],"version-history":[{"count":26,"href":"https:\/\/www.nembutalscams.com\/fr\/wp-json\/wp\/v2\/pages\/526\/revisions"}],"predecessor-version":[{"id":1769,"href":"https:\/\/www.nembutalscams.com\/fr\/wp-json\/wp\/v2\/pages\/526\/revisions\/1769"}],"wp:featuredmedia":[{"embeddable":true,"href":"https:\/\/www.nembutalscams.com\/fr\/wp-json\/wp\/v2\/media\/1237"}],"wp:attachment":[{"href":"https:\/\/www.nembutalscams.com\/fr\/wp-json\/wp\/v2\/media?parent=526"}],"curies":[{"name":"wp","href":"https:\/\/api.w.org\/{rel}","templated":true}]}}