{"id":1270,"date":"2020-07-23T18:05:23","date_gmt":"2020-07-23T18:05:23","guid":{"rendered":"http:\/\/www.nembutalscams.com\/?page_id=1270"},"modified":"2020-10-22T11:27:52","modified_gmt":"2020-10-22T11:27:52","slug":"background-best-end-of-life-drug","status":"publish","type":"page","link":"https:\/\/www.nembutalscams.com\/it\/about-nembutal\/background-best-end-of-life-drug\/","title":{"rendered":"Cos&#8217;\u00e8 il nembutal"},"content":{"rendered":"<p>Il Pentobarbital sodico, anche noto con il nome Nembutal, \u00e8 un farmaco importante e storicamente significativo.<\/p>\n<p>Pur essendo il Nembutal \u00e8 solo uno degli oltre 50 derivati degli acidi barbiturici usati in medicina, \u00e8 il farmaco preferito per una morte dignitosa e pacifica.<\/p>\n<p>Tutti i barbiturici sono dei derivati dell&#8217;acido barbiturico, sintetizzato per la prima volta nel 1864 da <a href=\"https:\/\/it.wikipedia.org\/wiki\/Adolf_von_Baeyer\" target=\"_blank\" rel=\"noopener noreferrer\">Adolf von Baeyer<\/a>.<\/p>\n<p>Il pentobarbital \u00e8 una &#8220;condensazione&#8221; di acido malonico e di acido ureico arbiturico.<\/p>\n<p>Si crede che il Pento<strong>barb<\/strong>ital sia stato scopert un 4 dicembre, giorno di Santa Barbara, e che da questo derivi il suo nome.<\/p>\n<p>Altre forme di Pentobarbital sono il Barbital, il Veronal, l&#8217;Amytal, il Seconal e il Soneryl.<\/p>\n<p><div id=\"attachment_1304\" style=\"width: 245px\" class=\"wp-caption alignnone\"><img aria-describedby=\"caption-attachment-1304\" loading=\"lazy\" class=\"size-medium wp-image-1304\" src=\"http:\/\/www.nembutalscams.com\/wp-content\/uploads\/Alfred-Bayer-235x300.jpeg\" alt=\"\" width=\"235\" height=\"300\" srcset=\"https:\/\/www.nembutalscams.com\/wp-content\/uploads\/Alfred-Bayer-235x300.jpeg 235w, https:\/\/www.nembutalscams.com\/wp-content\/uploads\/Alfred-Bayer.jpeg 350w\" sizes=\"(max-width: 235px) 100vw, 235px\" \/><p id=\"caption-attachment-1304\" class=\"wp-caption-text\">Adolf von Baeyer<\/p><\/div><\/p>","protected":false},"excerpt":{"rendered":"<p>Il Pentobarbital sodico, anche noto con il nome Nembutal, \u00e8 un farmaco importante e storicamente significativo. Pur essendo il Nembutal \u00e8 solo uno degli oltre 50 derivati degli acidi barbiturici usati in medicina, \u00e8&#46;&#46;&#46;<\/p>\n","protected":false},"author":1,"featured_media":1237,"parent":1266,"menu_order":0,"comment_status":"closed","ping_status":"closed","template":"","meta":[],"yoast_head":"<!-- This site is optimized with the Yoast SEO plugin v16.0.2 - https:\/\/yoast.com\/wordpress\/plugins\/seo\/ -->\n<title>Cos&#039;\u00e8 il nembutal - Truffe legate al Nembutal<\/title>\n<link rel=\"canonical\" href=\"https:\/\/www.nembutalscams.com\/about-nembutal\/background-best-end-of-life-drug\/\" \/>\n<meta property=\"og:locale\" content=\"it_IT\" \/>\n<meta property=\"og:type\" content=\"article\" \/>\n<meta property=\"og:title\" content=\"[:en]Background[:de]Hintergrund[:fr]Contexte[:nl]Achtergrond[:it]Cos&#039;\u00e8 il nembutal[:es]Antecedentes[:] - Truffe legate al Nembutal\" \/>\n<meta property=\"og:description\" content=\"Il Pentobarbital sodico, anche noto con il nome Nembutal, \u00e8 un farmaco importante e storicamente significativo. Pur essendo il Nembutal \u00e8 solo uno degli oltre 50 derivati degli acidi barbiturici usati in medicina, \u00e8&#046;&#046;&#046;\" \/>\n<meta property=\"og:url\" content=\"https:\/\/www.nembutalscams.com\/about-nembutal\/background-best-end-of-life-drug\/\" \/>\n<meta property=\"og:site_name\" content=\"Truffe legate al Nembutal\" \/>\n<meta property=\"article:modified_time\" content=\"2020-10-22T11:27:52+00:00\" \/>\n<meta property=\"og:image\" content=\"https:\/\/www.nembutalscams.com\/wp-content\/uploads\/featured_img_new6.png\" \/>\n\t<meta property=\"og:image:width\" content=\"700\" \/>\n\t<meta property=\"og:image:height\" content=\"170\" \/>\n<meta name=\"twitter:card\" content=\"summary_large_image\" \/>\n<meta name=\"twitter:label1\" content=\"Tempo di lettura stimato\">\n\t<meta name=\"twitter:data1\" content=\"4 minuti\">\n<script type=\"application\/ld+json\" class=\"yoast-schema-graph\">{\"@context\":\"https:\/\/schema.org\",\"@graph\":[{\"@type\":\"WebSite\",\"@id\":\"https:\/\/www.nembutalscams.com\/en\/#website\",\"url\":\"https:\/\/www.nembutalscams.com\/en\/\",\"name\":\"Truffe con il Nembutal\",\"description\":\"Nembutal Scams Neighbourhood Watch\",\"potentialAction\":[{\"@type\":\"SearchAction\",\"target\":\"https:\/\/www.nembutalscams.com\/en\/?s={search_term_string}\",\"query-input\":\"required name=search_term_string\"}],\"inLanguage\":\"it-IT\"},{\"@type\":\"ImageObject\",\"@id\":\"https:\/\/www.nembutalscams.com\/about-nembutal\/background-best-end-of-life-drug\/#primaryimage\",\"inLanguage\":\"it-IT\",\"url\":\"https:\/\/www.nembutalscams.com\/wp-content\/uploads\/featured_img_new6.png\",\"width\":700,\"height\":170},{\"@type\":\"WebPage\",\"@id\":\"https:\/\/www.nembutalscams.com\/about-nembutal\/background-best-end-of-life-drug\/#webpage\",\"url\":\"https:\/\/www.nembutalscams.com\/about-nembutal\/background-best-end-of-life-drug\/\",\"name\":\"[:en]Background[:de]Hintergrund[:fr]Contexte[:nl]Achtergrond[:it]Cos'\\u00e8 il nembutal[:es]Antecedentes[:] - Truffe legate al Nembutal\",\"isPartOf\":{\"@id\":\"https:\/\/www.nembutalscams.com\/en\/#website\"},\"primaryImageOfPage\":{\"@id\":\"https:\/\/www.nembutalscams.com\/about-nembutal\/background-best-end-of-life-drug\/#primaryimage\"},\"datePublished\":\"2020-07-23T18:05:23+00:00\",\"dateModified\":\"2020-10-22T11:27:52+00:00\",\"breadcrumb\":{\"@id\":\"https:\/\/www.nembutalscams.com\/about-nembutal\/background-best-end-of-life-drug\/#breadcrumb\"},\"inLanguage\":\"it-IT\",\"potentialAction\":[{\"@type\":\"ReadAction\",\"target\":[\"https:\/\/www.nembutalscams.com\/about-nembutal\/background-best-end-of-life-drug\/\"]}]},{\"@type\":\"BreadcrumbList\",\"@id\":\"https:\/\/www.nembutalscams.com\/about-nembutal\/background-best-end-of-life-drug\/#breadcrumb\",\"itemListElement\":[{\"@type\":\"ListItem\",\"position\":1,\"item\":{\"@type\":\"WebPage\",\"@id\":\"https:\/\/www.nembutalscams.com\/\",\"url\":\"https:\/\/www.nembutalscams.com\/\",\"name\":\"Home\"}},{\"@type\":\"ListItem\",\"position\":2,\"item\":{\"@type\":\"WebPage\",\"@id\":\"https:\/\/www.nembutalscams.com\/about-nembutal\/\",\"url\":\"https:\/\/www.nembutalscams.com\/about-nembutal\/\",\"name\":\"About Nembutal\"}},{\"@type\":\"ListItem\",\"position\":3,\"item\":{\"@type\":\"WebPage\",\"@id\":\"https:\/\/www.nembutalscams.com\/about-nembutal\/background-best-end-of-life-drug\/\",\"url\":\"https:\/\/www.nembutalscams.com\/about-nembutal\/background-best-end-of-life-drug\/\",\"name\":\"Background\"}}]}]}<\/script>\n<!-- \/ Yoast SEO plugin. -->","_links":{"self":[{"href":"https:\/\/www.nembutalscams.com\/it\/wp-json\/wp\/v2\/pages\/1270"}],"collection":[{"href":"https:\/\/www.nembutalscams.com\/it\/wp-json\/wp\/v2\/pages"}],"about":[{"href":"https:\/\/www.nembutalscams.com\/it\/wp-json\/wp\/v2\/types\/page"}],"author":[{"embeddable":true,"href":"https:\/\/www.nembutalscams.com\/it\/wp-json\/wp\/v2\/users\/1"}],"replies":[{"embeddable":true,"href":"https:\/\/www.nembutalscams.com\/it\/wp-json\/wp\/v2\/comments?post=1270"}],"version-history":[{"count":20,"href":"https:\/\/www.nembutalscams.com\/it\/wp-json\/wp\/v2\/pages\/1270\/revisions"}],"predecessor-version":[{"id":1754,"href":"https:\/\/www.nembutalscams.com\/it\/wp-json\/wp\/v2\/pages\/1270\/revisions\/1754"}],"up":[{"embeddable":true,"href":"https:\/\/www.nembutalscams.com\/it\/wp-json\/wp\/v2\/pages\/1266"}],"wp:featuredmedia":[{"embeddable":true,"href":"https:\/\/www.nembutalscams.com\/it\/wp-json\/wp\/v2\/media\/1237"}],"wp:attachment":[{"href":"https:\/\/www.nembutalscams.com\/it\/wp-json\/wp\/v2\/media?parent=1270"}],"curies":[{"name":"wp","href":"https:\/\/api.w.org\/{rel}","templated":true}]}}