{"id":1272,"date":"2020-07-23T18:05:46","date_gmt":"2020-07-23T18:05:46","guid":{"rendered":"http:\/\/www.nembutalscams.com\/?page_id=1272"},"modified":"2020-10-22T11:38:40","modified_gmt":"2020-10-22T11:38:40","slug":"history","status":"publish","type":"page","link":"https:\/\/www.nembutalscams.com\/it\/about-nembutal\/history\/","title":{"rendered":"Storia"},"content":{"rendered":"<p>Ben presto si scopr\u00ec che barbiturici erano dei sonniferi altamente efficaci ma che avevano un serio effetto collaterale in caso di overdose: la morte, soprattutto se le pillole venivano assunte con dell&#8217;alcol.<\/p>\n<p>Molte persone famose sono morte &#8211; alcune volontariamente, altre accidentalmente- a causa di un&#8217;overdose di barbiturici: Marilyn Monroe, Judy Garland e Jimmy Hendrix sono solo qualche esempio.<\/p>\n<p>La cattiva fama dei barbiturici \u00e8 stata ulteriormente sensazionalizzata in libri e film popolari come La valle delle bambole.<\/p>\n<p>Le pillole di barbiturico erano anche note con i nomi &#8220;Pink Ladies&#8221;, &#8220;Yellow Bullets&#8221;, &#8220;Peanuts&#8221; e &#8220;Dolls&#8221; ed era solo una questione di tempo prima che la medicina se ne distaccasse e che farmaci nuovi e pi\u00f9 sicuri, come le benzodiazepine divenissero disponibii.<\/p>\n<p>Il Nembutal venne ritirato dalle liste di farmaci prescrivibili nel 1998 e l&#8217;Amytal segu\u00ec nel 2003.<\/p>\n<p>Ad oggi, l&#8217;unico barbiturico comunemente prescritto dai medici \u00e8 quello ad azione lenta fenobarbital.<\/p>\n<p>Il fenobarbital occupa una nicchia nella medicina come anticonvulsivo, ma \u00e8 un pessimo sostituto per una morte pacifica e affidabile.<\/p>\n<p>&nbsp;<\/p>\n<p><strong>L&#8217;uso dei barbiturici in veterinaria<\/strong><\/p>\n<p>L&#8217;uso veterinario dei barbiturici persiste dagli anni &#8217;30 e vengono utilizzati come anestetici durante interventi chirurgici e per l&#8217;eutanasia di animali.<\/p>\n<p>Una dose importante somministrata per via endovenosa, pone fine in modo rapido e pacifico alla vita dell&#8217;animale.<\/p>\n<p>Questa variante del farmaco \u00e8 generalmente tinta di verde ed \u00e8 commercializzata con i nomi Lethabarb o Valabarb ed \u00e8 conosciuta come &#8220;il sogno verde&#8221;.<\/p>\n<p>La forma tinta di rosa del farmaco per uso veterinario \u00e8 commercializzato con il nome Dolethal.<\/p>\n<p><img loading=\"lazy\" class=\" wp-image-1312 aligncenter\" src=\"http:\/\/www.nembutalscams.com\/wp-content\/uploads\/Valley-of-the-dolls-208x300.jpeg\" alt=\"\" width=\"306\" height=\"441\" srcset=\"https:\/\/www.nembutalscams.com\/wp-content\/uploads\/Valley-of-the-dolls-208x300.jpeg 208w, https:\/\/www.nembutalscams.com\/wp-content\/uploads\/Valley-of-the-dolls.jpeg 670w\" sizes=\"(max-width: 306px) 100vw, 306px\" \/><\/p>","protected":false},"excerpt":{"rendered":"<p>Ben presto si scopr\u00ec che barbiturici erano dei sonniferi altamente efficaci ma che avevano un serio effetto collaterale in caso di overdose: la morte, soprattutto se le pillole venivano assunte con dell&#8217;alcol. Molte persone&#46;&#46;&#46;<\/p>\n","protected":false},"author":1,"featured_media":1237,"parent":1266,"menu_order":0,"comment_status":"closed","ping_status":"closed","template":"","meta":[],"yoast_head":"<!-- This site is optimized with the Yoast SEO plugin v16.0.2 - https:\/\/yoast.com\/wordpress\/plugins\/seo\/ -->\n<title>Storia - Truffe legate al Nembutal<\/title>\n<link rel=\"canonical\" href=\"https:\/\/www.nembutalscams.com\/about-nembutal\/history\/\" \/>\n<meta property=\"og:locale\" content=\"it_IT\" \/>\n<meta property=\"og:type\" content=\"article\" \/>\n<meta property=\"og:title\" content=\"[:en]History[:de]Geschichte[:fr]Histoire[:nl]Geschiedenis[:it]Storia[:es]Historia[:] - Truffe legate al Nembutal\" \/>\n<meta property=\"og:description\" content=\"Ben presto si scopr\u00ec che barbiturici erano dei sonniferi altamente efficaci ma che avevano un serio effetto collaterale in caso di overdose: la morte, soprattutto se le pillole venivano assunte con dell&#8217;alcol. Molte persone&#046;&#046;&#046;\" \/>\n<meta property=\"og:url\" content=\"https:\/\/www.nembutalscams.com\/about-nembutal\/history\/\" \/>\n<meta property=\"og:site_name\" content=\"Truffe legate al Nembutal\" \/>\n<meta property=\"article:modified_time\" content=\"2020-10-22T11:38:40+00:00\" \/>\n<meta property=\"og:image\" content=\"https:\/\/www.nembutalscams.com\/wp-content\/uploads\/featured_img_new6.png\" \/>\n\t<meta property=\"og:image:width\" content=\"700\" \/>\n\t<meta property=\"og:image:height\" content=\"170\" \/>\n<meta name=\"twitter:card\" content=\"summary_large_image\" \/>\n<meta name=\"twitter:label1\" content=\"Tempo di lettura stimato\">\n\t<meta name=\"twitter:data1\" content=\"8 minuti\">\n<script type=\"application\/ld+json\" class=\"yoast-schema-graph\">{\"@context\":\"https:\/\/schema.org\",\"@graph\":[{\"@type\":\"WebSite\",\"@id\":\"https:\/\/www.nembutalscams.com\/en\/#website\",\"url\":\"https:\/\/www.nembutalscams.com\/en\/\",\"name\":\"Truffe con il Nembutal\",\"description\":\"Nembutal Scams Neighbourhood Watch\",\"potentialAction\":[{\"@type\":\"SearchAction\",\"target\":\"https:\/\/www.nembutalscams.com\/en\/?s={search_term_string}\",\"query-input\":\"required name=search_term_string\"}],\"inLanguage\":\"it-IT\"},{\"@type\":\"ImageObject\",\"@id\":\"https:\/\/www.nembutalscams.com\/about-nembutal\/history\/#primaryimage\",\"inLanguage\":\"it-IT\",\"url\":\"https:\/\/www.nembutalscams.com\/wp-content\/uploads\/featured_img_new6.png\",\"width\":700,\"height\":170},{\"@type\":\"WebPage\",\"@id\":\"https:\/\/www.nembutalscams.com\/about-nembutal\/history\/#webpage\",\"url\":\"https:\/\/www.nembutalscams.com\/about-nembutal\/history\/\",\"name\":\"[:en]History[:de]Geschichte[:fr]Histoire[:nl]Geschiedenis[:it]Storia[:es]Historia[:] - Truffe legate al Nembutal\",\"isPartOf\":{\"@id\":\"https:\/\/www.nembutalscams.com\/en\/#website\"},\"primaryImageOfPage\":{\"@id\":\"https:\/\/www.nembutalscams.com\/about-nembutal\/history\/#primaryimage\"},\"datePublished\":\"2020-07-23T18:05:46+00:00\",\"dateModified\":\"2020-10-22T11:38:40+00:00\",\"breadcrumb\":{\"@id\":\"https:\/\/www.nembutalscams.com\/about-nembutal\/history\/#breadcrumb\"},\"inLanguage\":\"it-IT\",\"potentialAction\":[{\"@type\":\"ReadAction\",\"target\":[\"https:\/\/www.nembutalscams.com\/about-nembutal\/history\/\"]}]},{\"@type\":\"BreadcrumbList\",\"@id\":\"https:\/\/www.nembutalscams.com\/about-nembutal\/history\/#breadcrumb\",\"itemListElement\":[{\"@type\":\"ListItem\",\"position\":1,\"item\":{\"@type\":\"WebPage\",\"@id\":\"https:\/\/www.nembutalscams.com\/\",\"url\":\"https:\/\/www.nembutalscams.com\/\",\"name\":\"Home\"}},{\"@type\":\"ListItem\",\"position\":2,\"item\":{\"@type\":\"WebPage\",\"@id\":\"https:\/\/www.nembutalscams.com\/about-nembutal\/\",\"url\":\"https:\/\/www.nembutalscams.com\/about-nembutal\/\",\"name\":\"About Nembutal\"}},{\"@type\":\"ListItem\",\"position\":3,\"item\":{\"@type\":\"WebPage\",\"@id\":\"https:\/\/www.nembutalscams.com\/about-nembutal\/history\/\",\"url\":\"https:\/\/www.nembutalscams.com\/about-nembutal\/history\/\",\"name\":\"History\"}}]}]}<\/script>\n<!-- \/ Yoast SEO plugin. -->","_links":{"self":[{"href":"https:\/\/www.nembutalscams.com\/it\/wp-json\/wp\/v2\/pages\/1272"}],"collection":[{"href":"https:\/\/www.nembutalscams.com\/it\/wp-json\/wp\/v2\/pages"}],"about":[{"href":"https:\/\/www.nembutalscams.com\/it\/wp-json\/wp\/v2\/types\/page"}],"author":[{"embeddable":true,"href":"https:\/\/www.nembutalscams.com\/it\/wp-json\/wp\/v2\/users\/1"}],"replies":[{"embeddable":true,"href":"https:\/\/www.nembutalscams.com\/it\/wp-json\/wp\/v2\/comments?post=1272"}],"version-history":[{"count":19,"href":"https:\/\/www.nembutalscams.com\/it\/wp-json\/wp\/v2\/pages\/1272\/revisions"}],"predecessor-version":[{"id":1755,"href":"https:\/\/www.nembutalscams.com\/it\/wp-json\/wp\/v2\/pages\/1272\/revisions\/1755"}],"up":[{"embeddable":true,"href":"https:\/\/www.nembutalscams.com\/it\/wp-json\/wp\/v2\/pages\/1266"}],"wp:featuredmedia":[{"embeddable":true,"href":"https:\/\/www.nembutalscams.com\/it\/wp-json\/wp\/v2\/media\/1237"}],"wp:attachment":[{"href":"https:\/\/www.nembutalscams.com\/it\/wp-json\/wp\/v2\/media?parent=1272"}],"curies":[{"name":"wp","href":"https:\/\/api.w.org\/{rel}","templated":true}]}}