{"id":2023,"date":"2022-05-25T12:00:50","date_gmt":"2022-05-25T12:00:50","guid":{"rendered":"https:\/\/www.nembutalscams.com\/?page_id=2023"},"modified":"2022-05-25T12:01:02","modified_gmt":"2022-05-25T12:01:02","slug":"comments","status":"publish","type":"page","link":"https:\/\/www.nembutalscams.com\/it\/comments\/","title":{"rendered":"Ultimi commenti"},"content":{"rendered":"<div class=\"show-all-comments\"><ul class=custom-comments>    <li>\n        <div class=\"avatar-custom\"><\/div>\n        <div class=\"custom-comment-wrap\">\n            <h4 class=\"custom-comment-meta\">\n                 <span class=\"custom-comment-author\"><\/span>\n                @ \n                                    <span class = \"custom-comment-on-title\"><a href = \"https:\/\/www.nembutalscams.com\/it\/scammer\/nembutalgroup-comnl\/\" target = \"_blank\">nembutalgroup.com\/NL<\/a><\/span>\n                    \n            <\/h4>\n            <blockquote><p>Ich bin hoch erfreut \u00fcber diese Warnung! Ich bin erst ein Mal auf einen \u00e4hnlichen Dreck hereingefallen (THC \/ ebenfalls Niederlande) und hatte sogleich den richtigen Verdacht, den ihre Warnung jetzt deutlich best\u00e4tigt. Vielen Dank daf\u00fcr! \ud83d\udd96\ud83e\udd28<\/p>\n<\/blockquote>\n                        \n                            <span class=\"custom-comment-link\">2026\/01\/29 at 6:54 pm<\/span>    \n                        <\/div>\n    <\/li>\n    <\/li><!-- #comment-## -->\n    <li>\n        <div class=\"avatar-custom\"><\/div>\n        <div class=\"custom-comment-wrap\">\n            <h4 class=\"custom-comment-meta\">\n                 <span class=\"custom-comment-author\"><\/span>\n                @ \n                                    <span class = \"custom-comment-on-title\"><a href = \"https:\/\/www.nembutalscams.com\/it\/scammer\/nembutal-mann\/\" target = \"_blank\">Nembutal Mann<\/a><\/span>\n                    \n            <\/h4>\n            <blockquote><p>i was about to buy the powder from them but thought it was too good to be true, so i don&#8217;t know<\/p>\n<\/blockquote>\n                        \n                            <span class=\"custom-comment-link\">2026\/01\/15 at 12:10 am<\/span>    \n                        <\/div>\n    <\/li>\n    <\/li><!-- #comment-## -->\n    <li>\n        <div class=\"avatar-custom\"><\/div>\n        <div class=\"custom-comment-wrap\">\n            <h4 class=\"custom-comment-meta\">\n                 <span class=\"custom-comment-author\"><\/span>\n                @ \n                                    <span class = \"custom-comment-on-title\"><a href = \"https:\/\/www.nembutalscams.com\/it\/scammer\/end-of-life-insight\/\" target = \"_blank\">End Of Life Insight<\/a><\/span>\n                    \n            <\/h4>\n            <blockquote><p>La rete logistica che usano \u00e8 EZ logistik o EZ logistiek, con sede in Olanda. Il funzionario che firma \u00e8 John Kaegan. Ogni volta che paghi per un documento, subito dopo arrivano con la richiesta di soldi per un altro documento. L&#8217;unica soluzione \u00e8 smettere di aver paura di aver commesso un reato e bloccare le loro mail ed il loro numero telefonico +45 31815390. FATE ATTENZIONE SONO PERICOLOSISSIMI MANIPOLANO LA MENTE DEI MALATI DISPERATI<\/p>\n<\/blockquote>\n                        \n                            <span class=\"custom-comment-link\">2025\/12\/22 at 10:54 pm<\/span>    \n                        <\/div>\n    <\/li>\n    <\/li><!-- #comment-## -->\n    <li>\n        <div class=\"avatar-custom\"><\/div>\n        <div class=\"custom-comment-wrap\">\n            <h4 class=\"custom-comment-meta\">\n                 <span class=\"custom-comment-author\"><\/span>\n                @ \n                                    <span class = \"custom-comment-on-title\"><a href = \"https:\/\/www.nembutalscams.com\/it\/scammer\/end-of-life-insight-2\/\" target = \"_blank\">End of Life Insight<\/a><\/span>\n                    \n            <\/h4>\n            <blockquote><p>PERICOLOSISSIMI. Inducono i malati di cancro a comprare NEMBUTAL per suicidarsi senza dolore. A me hanno rubato 7000 euro, 1109 per il nembutal, 903 per multa doganale, 1500 per assicurazione per rispedizione in germania, 3000 euro per corrompere il funzionario doganale addetto alle analisi. Sotto minaccia di 22 anni di carcere e 380000 euro di multa. MASSIMA ATTENZIONE!!!!<\/p>\n<\/blockquote>\n                        \n                            <span class=\"custom-comment-link\">2025\/12\/21 at 10:08 pm<\/span>    \n                        <\/div>\n    <\/li>\n    <\/li><!-- #comment-## -->\n    <li>\n        <div class=\"avatar-custom\"><\/div>\n        <div class=\"custom-comment-wrap\">\n            <h4 class=\"custom-comment-meta\">\n                 <span class=\"custom-comment-author\"><\/span>\n                @ \n                                    <span class = \"custom-comment-on-title\"><a href = \"https:\/\/www.nembutalscams.com\/it\/scammer\/end-of-life-insight\/\" target = \"_blank\">End Of Life Insight<\/a><\/span>\n                    \n            <\/h4>\n            <blockquote><p>Sei stato fortunato. A me hanno spillato pi\u00f9 di 7000 euro: 1100 per il nembutal, 930 per multa doganale per generi consumabili non dichiarati, 1500 euro di assicurazione per la rispedizione al mittente, 3000 euro per falsificare il certificato di analisi. PERICOLOSISSIMI.<\/p>\n<\/blockquote>\n                        \n                            <span class=\"custom-comment-link\">2025\/12\/21 at 10:02 pm<\/span>    \n                        <\/div>\n    <\/li>\n    <\/li><!-- #comment-## -->\n    <li>\n        <div class=\"avatar-custom\"><\/div>\n        <div class=\"custom-comment-wrap\">\n            <h4 class=\"custom-comment-meta\">\n                 <span class=\"custom-comment-author\"><\/span>\n                @ \n                                    <span class = \"custom-comment-on-title\"><a href = \"https:\/\/www.nembutalscams.com\/it\/scammer\/end-of-life-insight\/\" target = \"_blank\">End Of Life Insight<\/a><\/span>\n                    \n            <\/h4>\n            <blockquote><p>ATTENZIONE!!! MI HANNO SPILLATO 7000 EURO PER NEMBUTAL SOTTO MINACCIA DI 22 ANNI DI ARRESTO E 380000 EURO DI MULTA. SONO PERICOLOSISSIMI. FATE ATTENZIONE!!!<\/p>\n<\/blockquote>\n                        \n                            <span class=\"custom-comment-link\">2025\/12\/21 at 8:23 pm<\/span>    \n                        <\/div>\n    <\/li>\n    <\/li><!-- #comment-## -->\n    <li>\n        <div class=\"avatar-custom\"><\/div>\n        <div class=\"custom-comment-wrap\">\n            <h4 class=\"custom-comment-meta\">\n                 <span class=\"custom-comment-author\"><\/span>\n                @ \n                                    <span class = \"custom-comment-on-title\"><a href = \"https:\/\/www.nembutalscams.com\/it\/scammer\/end-of-life-insight\/\" target = \"_blank\">End Of Life Insight<\/a><\/span>\n                    \n            <\/h4>\n            <blockquote><p>Confermo, anche io sono stato truffato da questo sito. Ho pagato 1109 euro per il nembutal, 903 euro per multa doganale svizzera per importazione di sostanze di consumo non certificato, 1500 euro di assicurazione rimborsabile per rispedire il pacco in svizzera, 3000 euro per corrompere il funzionario doganale addetto all&#8217;analisi della sostanza. SONO PERICOLOSISSIMI, CONOSCONO TECNICHE DI MANIPOLAZIONE MENTALE AVANZATA. HANNO APPROFITTATO DI UN MALATO DI CANCRO PER SPILLARGLI TUTTI I RISPARMI. STATE LONTANI MI RACCOMANDO!!!!!<\/p>\n<\/blockquote>\n                        \n                            <span class=\"custom-comment-link\">2025\/12\/21 at 8:20 pm<\/span>    \n                        <\/div>\n    <\/li>\n    <\/li><!-- #comment-## -->\n    <li>\n        <div class=\"avatar-custom\"><\/div>\n        <div class=\"custom-comment-wrap\">\n            <h4 class=\"custom-comment-meta\">\n                 <span class=\"custom-comment-author\"><\/span>\n                @ \n                                    <span class = \"custom-comment-on-title\"><a href = \"https:\/\/www.nembutalscams.com\/it\/scammer\/nembutal-mann\/\" target = \"_blank\">Nembutal Mann<\/a><\/span>\n                    \n            <\/h4>\n            <blockquote><p>wollte nembutal per Vorkasse,<br \/>\nhabe \u00fcberwiesen,<br \/>\nh\u00f6re nichts mehr nembutalmann<br \/>\nPeter M\u00fcller BRD<\/p>\n<\/blockquote>\n                        \n                            <span class=\"custom-comment-link\">2025\/12\/01 at 7:26 pm<\/span>    \n                        <\/div>\n    <\/li>\n    <\/li><!-- #comment-## -->\n    <li>\n        <div class=\"avatar-custom\"><\/div>\n        <div class=\"custom-comment-wrap\">\n            <h4 class=\"custom-comment-meta\">\n                 <span class=\"custom-comment-author\"><\/span>\n                @ \n                                    <span class = \"custom-comment-on-title\"><a href = \"https:\/\/www.nembutalscams.com\/it\/scammer\/peaceulllpill-scam-spelling-error\/\" target = \"_blank\">PeaceulllPill ((Scam - Spelling Error)<\/a><\/span>\n                    \n            <\/h4>\n            <blockquote><p>They are still trying to actively scam, be warned!<\/p>\n<\/blockquote>\n                        \n                            <span class=\"custom-comment-link\">2025\/10\/20 at 4:24 am<\/span>    \n                        <\/div>\n    <\/li>\n    <\/li><!-- #comment-## -->\n    <li>\n        <div class=\"avatar-custom\"><\/div>\n        <div class=\"custom-comment-wrap\">\n            <h4 class=\"custom-comment-meta\">\n                 <span class=\"custom-comment-author\"><\/span>\n                @ \n                                    <span class = \"custom-comment-on-title\"><a href = \"https:\/\/www.nembutalscams.com\/it\/scammer\/end-of-life-insight\/\" target = \"_blank\">End Of Life Insight<\/a><\/span>\n                    \n            <\/h4>\n            <blockquote><p>\u4f55\u5ea6\u304b\u30e1\u30fc\u30eb\u306e\u3084\u308a\u3068\u308a\u3092\u3057\u307e\u3057\u305f\u304c\u3001\u3044\u3064\u3057\u304b\u30a2\u30c9\u30ec\u30b9\u304c\u7121\u52b9\u306b\u306a\u3063\u3066\u30e1\u30fc\u30eb\u304c\u5c4a\u304b\u306a\u304f\u306a\u308a\u307e\u3057\u305f\u3002<br \/>\n\u78ba\u304b\u306b\u8a50\u6b3a\u30b5\u30a4\u30c8\u306e\u3088\u3046\u3067\u3059\u3002<\/p>\n<\/blockquote>\n                        \n                            <span class=\"custom-comment-link\">2025\/09\/19 at 11:52 am<\/span>    \n                        <\/div>\n    <\/li>\n    <\/li><!-- #comment-## -->\n    <li>\n        <div class=\"avatar-custom\"><\/div>\n        <div class=\"custom-comment-wrap\">\n            <h4 class=\"custom-comment-meta\">\n                 <span class=\"custom-comment-author\"><\/span>\n                @ \n                                    <span class = \"custom-comment-on-title\"><a href = \"https:\/\/www.nembutalscams.com\/it\/scammer\/nembutal-group\/\" target = \"_blank\">Nembutal Group<\/a><\/span>\n                    \n            <\/h4>\n            <blockquote><p>Dear Client,<br \/>\nAccepting Greetings From Prime Logistics Courier Services.<br \/>\nWe Have Received a Parcel From Sven Nijhuis<br \/>\nDescription Below.<br \/>\nTO BE DELIVERED TO THE ADDRESS BELOW.<br \/>\n(xxxx)<\/p>\n<p>NOTIFY PARTY:<br \/>\nReceiver Names: (xxxxx)<br \/>\nExpected Delivery Date: 2025-07-18<br \/>\nExpected Delivery time: 12:30 &#8211; 17:30<br \/>\nPRODUCTS DESCRIPTION BELOW: Discreet<br \/>\nPLEASE KINDLY CONFIRM THE DELIVERY DETAILS ABOVE AND ALSO PRODUCTS.<br \/>\nPLEASE USE THE WEBSITE BELOW AND THE TRACKING NUMBER TO TRACK YOUR<br \/>\nSHIPMENT.<br \/>\nTracking Number: xxxxx<br \/>\nWebsite: https:\/\/prime-logistics-service.com\/tracking\/<br \/>\nAFTER TRACKING YOUR PACKAGE AND ALL DETAILS ARE CORRECT PLEASE KINDLY<br \/>\nSEND US AN EMAIL OF CONFIRMATION SO THAT WE CAN PROCEED WITH FURTHER<br \/>\nDIRECTIVES AND INFORMATION ON HOW THE DELIVERY WILL BE CARRIED OUT.<br \/>\nTHANKS FOR YOUR UNDERSTANDING AND COLLABORATION IN USING OUR SERVICES TO<br \/>\nGET THE PRODUCTS SENT OVER TO YOUR ADDRESS.<br \/>\nSTAY TO ENJOY OUR SERVICES.<\/p>\n<p>&#8212;&#8212;&#8212;-<br \/>\nDear Client,<br \/>\nGreetings from Prime Logistics.<br \/>\nYour package is currently pending customs inspection to ensure it meets<br \/>\nall necessary requirements for delivery to your address. The package has<br \/>\nbeen registered with our agency and shipped discreetly, meaning its<br \/>\ncontent is not disclosed. As a result, customs authorities require an<br \/>\nEMA (European Medicines Agency) certification from you. Please inform us<br \/>\nif you possess an EMA certification so that we can attach it to your<br \/>\npackage. If you do not have this certification, kindly let us know, and<br \/>\nwe will provide guidance on how to obtain one.<br \/>\nWe wish to inform you that we intended to proceed with the delivery to<br \/>\nyour address as planned. However, the customs authorities have requested<br \/>\nto conduct an investigation and search to ensure the package&#8217;s contents<br \/>\nare safe for human consumption and not harmful in any way.<br \/>\nThe customs authorities have requested an EMA Certificate for the<br \/>\npackage. This certification will enable the customs department to<br \/>\nrelease the package once the document is presented. If you have this<br \/>\ncertificate, we advise you to forward it to us as soon as possible so<br \/>\nthat we can negotiate the release of the package immediately.<br \/>\nPlease notify us if you do not have this certificate, so that we can<br \/>\ntake appropriate action promptly.<br \/>\nThank you, and we look forward to your prompt response so that we can<br \/>\nproceed.<br \/>\nSincerely,<br \/>\nPrime Logistics Management<br \/>\n&#8212;&#8212;-<br \/>\nDear Client,<br \/>\nWe always ensure the safety of every client.<br \/>\nAccept Calvary Greetings From Prime Logistics.<br \/>\nWe need an EMA Certification certificate before the products can get to<br \/>\nyour address or location.<br \/>\nThis certificate is required for the individual receiving the product.<br \/>\nThe fact that you are buying from the seller simply means you should<br \/>\nhave a copy of this certificate. You as a buyer should have this to<br \/>\nprotect you. So, when buying, there wouldn&#8217;t be any problem when<br \/>\nshipping the package like we are facing now. So you need to get the EMA<br \/>\nCertification before the customs suspect the package and start<br \/>\ninvestigating the content.<br \/>\nEach country\/state has different traffic barriers and laws for shipping<br \/>\nsuch a package and your package requires this to be delivered to your<br \/>\nstate without any problems from customs.<br \/>\nSo, since you said you don&#8217;t have one, you need the certificate so that<br \/>\nwe can attach it to your package and move forward with the delivery at<br \/>\nthe estimated and stipulated delivery time. As a result of that, they<br \/>\nrequested an EMA Certification.This will enable the customs department<br \/>\nto release the package once the document is presented and the package<br \/>\nwon&#8217;t be checked as it will be deemed safe.<br \/>\nWe are here to make sure your package is delivered over to your address<br \/>\nwithout any problems and give you directives until the package is<br \/>\ndelivered over to your address in a very safe and secure manner.<br \/>\nWe can process an EMA Certification for you but it will require some<br \/>\nmoney which is 98% refundable with 2% used to cover the process cost.<br \/>\nThe certificate has a valid period of 2 years which you can buy and ship<br \/>\nanywhere in the world without any problem. The cost of getting the EMA<br \/>\nCertification processed is 1550 Euros. The money will be refunded to you<br \/>\nupon delivery of the package at your address.<br \/>\nIn a maximum of 24 hours, we can process the EMA Certification once we<br \/>\nreceive the transfer from you.<br \/>\nPlease kindly confirm and let us know so that we can send you details<br \/>\nand directives on how you can make the transfer.<br \/>\nThanks and stay in contact with us for better communication and stay to<br \/>\nenjoy our services.<br \/>\nManagement.<\/p>\n<\/blockquote>\n                        \n                            <span class=\"custom-comment-link\">2025\/09\/01 at 10:45 pm<\/span>    \n                        <\/div>\n    <\/li>\n    <\/li><!-- #comment-## -->\n    <li>\n        <div class=\"avatar-custom\"><\/div>\n        <div class=\"custom-comment-wrap\">\n            <h4 class=\"custom-comment-meta\">\n                 <span class=\"custom-comment-author\"><\/span>\n                @ \n                                    <span class = \"custom-comment-on-title\"><a href = \"https:\/\/www.nembutalscams.com\/it\/scammer\/silver-corporation-international\/\" target = \"_blank\">Silver Corporation International<\/a><\/span>\n                    \n            <\/h4>\n            <blockquote><p>er schreibt das er seri\u00f6s ist. nur l\u00fcge  l\u00fcge l\u00fcge<br \/>\naufpasse nur Betr\u00fcger<\/p>\n<\/blockquote>\n                        \n                            <span class=\"custom-comment-link\">2025\/08\/18 at 6:58 pm<\/span>    \n                        <\/div>\n    <\/li>\n    <\/li><!-- #comment-## -->\n    <li>\n        <div class=\"avatar-custom\"><\/div>\n        <div class=\"custom-comment-wrap\">\n            <h4 class=\"custom-comment-meta\">\n                 <span class=\"custom-comment-author\"><\/span>\n                @ \n                                    <span class = \"custom-comment-on-title\"><a href = \"https:\/\/www.nembutalscams.com\/it\/scammer\/silver-corporation-international\/\" target = \"_blank\">Silver Corporation International<\/a><\/span>\n                    \n            <\/h4>\n            <blockquote><p>er kann &#8220;seri\u00f6s&#8221; reden&#8230; aber nur reden<\/p>\n<\/blockquote>\n                        \n                            <span class=\"custom-comment-link\">2025\/08\/15 at 3:24 pm<\/span>    \n                        <\/div>\n    <\/li>\n    <\/li><!-- #comment-## -->\n    <li>\n        <div class=\"avatar-custom\"><\/div>\n        <div class=\"custom-comment-wrap\">\n            <h4 class=\"custom-comment-meta\">\n                 <span class=\"custom-comment-author\"><\/span>\n                @ \n                                    <span class = \"custom-comment-on-title\"><a href = \"https:\/\/www.nembutalscams.com\/it\/scammer\/derile-oscar\/\" target = \"_blank\">Derile OSCAR<\/a><\/span>\n                    \n            <\/h4>\n            <blockquote><p>Stop scamming peaple<\/p>\n<\/blockquote>\n                        \n                            <span class=\"custom-comment-link\">2025\/08\/04 at 5:48 pm<\/span>    \n                        <\/div>\n    <\/li>\n    <\/li><!-- #comment-## -->\n    <li>\n        <div class=\"avatar-custom\"><\/div>\n        <div class=\"custom-comment-wrap\">\n            <h4 class=\"custom-comment-meta\">\n                 <span class=\"custom-comment-author\"><\/span>\n                @ \n                                    <span class = \"custom-comment-on-title\"><a href = \"https:\/\/www.nembutalscams.com\/it\/scammer\/euthanasiagroup-inc\/\" target = \"_blank\">Euthanasiagroup.inc<\/a><\/span>\n                    \n            <\/h4>\n            <blockquote><p>&#8230;super freundlich, sehr glaubw\u00fcrdig und exzellente T\u00e4uschung bis zur<br \/>\n Bezahlung !!!!<br \/>\n          Dann gibt es Leute nicht mehr !    Keine Antworten<br \/>\nauf allen zur Verf\u00fcgung stehenden M\u00f6glichkeiten !!!<br \/>\nEs sind die gr\u00f6\u00dften Verbrecher, wie Sie mit den sensiblen Thema umgehen !!<br \/>\nLeider ist man selber Schuld , wenn man diesen Strohhalm sucht !!!!!!!<\/p>\n<\/blockquote>\n                        \n                            <span class=\"custom-comment-link\">2025\/07\/05 at 6:27 am<\/span>    \n                        <\/div>\n    <\/li>\n    <\/li><!-- #comment-## -->\n<\/ul><div class=custom-navigation><\/div><\/div>\n","protected":false},"excerpt":{"rendered":"","protected":false},"author":1,"featured_media":1237,"parent":0,"menu_order":0,"comment_status":"closed","ping_status":"closed","template":"","meta":[],"yoast_head":"<!-- This site is optimized with the Yoast SEO plugin v16.0.2 - https:\/\/yoast.com\/wordpress\/plugins\/seo\/ -->\n<title>Ultimi commenti - Truffe legate al Nembutal<\/title>\n<link rel=\"canonical\" href=\"https:\/\/www.nembutalscams.com\/comments\/\" \/>\n<meta property=\"og:locale\" content=\"it_IT\" \/>\n<meta property=\"og:type\" content=\"article\" \/>\n<meta property=\"og:title\" content=\"[:en]Latest Comments[:de]Letzte Kommentare[:fr]Derniers commentaires[:nl]Laatste opmerkingen[:it]Ultimi commenti[:es]\u00daltimos comentarios[:] - Truffe legate al Nembutal\" \/>\n<meta property=\"og:url\" content=\"https:\/\/www.nembutalscams.com\/comments\/\" \/>\n<meta property=\"og:site_name\" content=\"Truffe legate al Nembutal\" \/>\n<meta property=\"article:modified_time\" content=\"2022-05-25T12:01:02+00:00\" \/>\n<meta name=\"twitter:card\" content=\"summary_large_image\" \/>\n<meta name=\"twitter:label1\" content=\"Tempo di lettura stimato\">\n\t<meta name=\"twitter:data1\" content=\"1 minuto\">\n<script type=\"application\/ld+json\" class=\"yoast-schema-graph\">{\"@context\":\"https:\/\/schema.org\",\"@graph\":[{\"@type\":\"WebSite\",\"@id\":\"https:\/\/www.nembutalscams.com\/en\/#website\",\"url\":\"https:\/\/www.nembutalscams.com\/en\/\",\"name\":\"Truffe con il Nembutal\",\"description\":\"Nembutal Scams Neighbourhood Watch\",\"potentialAction\":[{\"@type\":\"SearchAction\",\"target\":\"https:\/\/www.nembutalscams.com\/en\/?s={search_term_string}\",\"query-input\":\"required name=search_term_string\"}],\"inLanguage\":\"it-IT\"},{\"@type\":\"ImageObject\",\"@id\":\"https:\/\/www.nembutalscams.com\/comments\/#primaryimage\",\"inLanguage\":\"it-IT\",\"url\":\"https:\/\/www.nembutalscams.com\/wp-content\/uploads\/featured_img_new6.png\",\"width\":700,\"height\":170},{\"@type\":\"WebPage\",\"@id\":\"https:\/\/www.nembutalscams.com\/comments\/#webpage\",\"url\":\"https:\/\/www.nembutalscams.com\/comments\/\",\"name\":\"[:en]Latest Comments[:de]Letzte Kommentare[:fr]Derniers commentaires[:nl]Laatste opmerkingen[:it]Ultimi commenti[:es]\\u00daltimos comentarios[:] - Truffe legate al Nembutal\",\"isPartOf\":{\"@id\":\"https:\/\/www.nembutalscams.com\/en\/#website\"},\"primaryImageOfPage\":{\"@id\":\"https:\/\/www.nembutalscams.com\/comments\/#primaryimage\"},\"datePublished\":\"2022-05-25T12:00:50+00:00\",\"dateModified\":\"2022-05-25T12:01:02+00:00\",\"breadcrumb\":{\"@id\":\"https:\/\/www.nembutalscams.com\/comments\/#breadcrumb\"},\"inLanguage\":\"it-IT\",\"potentialAction\":[{\"@type\":\"ReadAction\",\"target\":[\"https:\/\/www.nembutalscams.com\/comments\/\"]}]},{\"@type\":\"BreadcrumbList\",\"@id\":\"https:\/\/www.nembutalscams.com\/comments\/#breadcrumb\",\"itemListElement\":[{\"@type\":\"ListItem\",\"position\":1,\"item\":{\"@type\":\"WebPage\",\"@id\":\"https:\/\/www.nembutalscams.com\/\",\"url\":\"https:\/\/www.nembutalscams.com\/\",\"name\":\"Home\"}},{\"@type\":\"ListItem\",\"position\":2,\"item\":{\"@type\":\"WebPage\",\"@id\":\"https:\/\/www.nembutalscams.com\/comments\/\",\"url\":\"https:\/\/www.nembutalscams.com\/comments\/\",\"name\":\"Latest Comments\"}}]}]}<\/script>\n<!-- \/ Yoast SEO plugin. -->","_links":{"self":[{"href":"https:\/\/www.nembutalscams.com\/it\/wp-json\/wp\/v2\/pages\/2023"}],"collection":[{"href":"https:\/\/www.nembutalscams.com\/it\/wp-json\/wp\/v2\/pages"}],"about":[{"href":"https:\/\/www.nembutalscams.com\/it\/wp-json\/wp\/v2\/types\/page"}],"author":[{"embeddable":true,"href":"https:\/\/www.nembutalscams.com\/it\/wp-json\/wp\/v2\/users\/1"}],"replies":[{"embeddable":true,"href":"https:\/\/www.nembutalscams.com\/it\/wp-json\/wp\/v2\/comments?post=2023"}],"version-history":[{"count":4,"href":"https:\/\/www.nembutalscams.com\/it\/wp-json\/wp\/v2\/pages\/2023\/revisions"}],"predecessor-version":[{"id":2027,"href":"https:\/\/www.nembutalscams.com\/it\/wp-json\/wp\/v2\/pages\/2023\/revisions\/2027"}],"wp:featuredmedia":[{"embeddable":true,"href":"https:\/\/www.nembutalscams.com\/it\/wp-json\/wp\/v2\/media\/1237"}],"wp:attachment":[{"href":"https:\/\/www.nembutalscams.com\/it\/wp-json\/wp\/v2\/media?parent=2023"}],"curies":[{"name":"wp","href":"https:\/\/api.w.org\/{rel}","templated":true}]}}