{"id":526,"date":"2020-06-15T17:12:18","date_gmt":"2020-06-15T07:12:18","guid":{"rendered":"http:\/\/www.nembutalscams.com\/?page_id=526"},"modified":"2020-10-22T12:27:32","modified_gmt":"2020-10-22T12:27:32","slug":"faqs","status":"publish","type":"page","link":"https:\/\/www.nembutalscams.com\/it\/faqs\/","title":{"rendered":"FAQ &#8211; Domande e risposte"},"content":{"rendered":"<p><strong>Cos&#8217;\u00e8 una truffa di Nembutal?<\/strong><\/p>\n<p>Una truffa (scam in inglese) con il Nembutal \u00e8 una persona, un sito web, ecc. che promette di vendere del Nembutal ma che in realt\u00e0 incassa il denaro e non consegna nulla.<\/p>\n<p><strong>A chi appartiene Nembutalscams.com?<\/strong><\/p>\n<p>Nembutalscams.com appartiene ed \u00e8 gestito da Exit International.<\/p>\n<p><strong>Cosa posso fare se sono gi\u00e0 stato truffato?<\/strong><\/p>\n<p>Se sei stato truffato puoi denunciare il sito web, il nome, l&#8217;indirizzo email, ecc. del truffatore su questo sito in modo da allertare gli altri. Exit International ringrazia per questo servizio pubblico.<\/p>\n<p><strong>Potete aiutarmi a acquistare il Nembutal?<\/strong><\/p>\n<p>Per motovi legali Exit International non pu\u00f2 assistere in nessun modo nell&#8217;acquisto del Nembutal, \u00e8 inutile chiedere.<\/p>\n<p><strong>Dove posso trovare maggiori informazioni sul Nembutal?<br \/>\n<\/strong><\/p>\n<p>Il manuale &#8220;La pillola della quiete&#8221; (versione in italiano del &#8220;<em>Peaceful Pill eHandbook&#8221;) <\/em>contiene quattro capitoli che trattano dei vari aspetti del Nembutal, tra cui: la storia, la disponibilit\u00f2. i test, la conservazione, la somministrazione, le truffe e tutti gli aspetti legali.<\/p>\n<p><strong>Come posso leggere il manuale &#8220;La pillola della quiete?<\/strong><\/p>\n<p><em><a href=\"https:\/\/www.peacefulpillhandbook.com\/italiano\/\">www.peacefulpillhandbook.com\/italiano<\/a><\/em><\/p>\n<div style=\"width: 95%; border: 5px solid #e51a90; text-align: center; font-weight: bold; padding: 10px;\">Attenzione! Se per sbaglio scrivi due &#8220;L&#8221; nella parola Peacefull, e digiti www.peacefullpill.com e NON la versione corretta\u00a0 <em><a href=\"https:\/\/www.peacefulpill.com\">www.peacefulpill.com<\/a><\/em>, ti ritroverai sul sito di uno dei tanti truffatori!<\/div>\n<p><\/p>","protected":false},"excerpt":{"rendered":"<p>Cos&#8217;\u00e8 una truffa di Nembutal? Una truffa (scam in inglese) con il Nembutal \u00e8 una persona, un sito web, ecc. che promette di vendere del Nembutal ma che in realt\u00e0 incassa il denaro e&#46;&#46;&#46;<\/p>\n","protected":false},"author":1,"featured_media":1237,"parent":0,"menu_order":0,"comment_status":"closed","ping_status":"closed","template":"","meta":[],"yoast_head":"<!-- This site is optimized with the Yoast SEO plugin v16.0.2 - https:\/\/yoast.com\/wordpress\/plugins\/seo\/ -->\n<title>FAQ - Domande e risposte - Truffe legate al Nembutal<\/title>\n<link rel=\"canonical\" href=\"https:\/\/www.nembutalscams.com\/faqs\/\" \/>\n<meta property=\"og:locale\" content=\"it_IT\" \/>\n<meta property=\"og:type\" content=\"article\" \/>\n<meta property=\"og:title\" content=\"[:en]FAQs[:de]FAQs - Fragen und Antworten[:fr]Forum aux Questions[:nl]FAQs[:it]FAQ - Domande e risposte[:es]Preguntas frecuentes[:] - Truffe legate al Nembutal\" \/>\n<meta property=\"og:description\" content=\"Cos&#8217;\u00e8 una truffa di Nembutal? Una truffa (scam in inglese) con il Nembutal \u00e8 una persona, un sito web, ecc. che promette di vendere del Nembutal ma che in realt\u00e0 incassa il denaro e&#046;&#046;&#046;\" \/>\n<meta property=\"og:url\" content=\"https:\/\/www.nembutalscams.com\/faqs\/\" \/>\n<meta property=\"og:site_name\" content=\"Truffe legate al Nembutal\" \/>\n<meta property=\"article:modified_time\" content=\"2020-10-22T12:27:32+00:00\" \/>\n<meta property=\"og:image\" content=\"https:\/\/www.nembutalscams.com\/wp-content\/uploads\/featured_img_new6.png\" \/>\n\t<meta property=\"og:image:width\" content=\"700\" \/>\n\t<meta property=\"og:image:height\" content=\"170\" \/>\n<meta name=\"twitter:card\" content=\"summary_large_image\" \/>\n<meta name=\"twitter:label1\" content=\"Tempo di lettura stimato\">\n\t<meta name=\"twitter:data1\" content=\"6 minuti\">\n<script type=\"application\/ld+json\" class=\"yoast-schema-graph\">{\"@context\":\"https:\/\/schema.org\",\"@graph\":[{\"@type\":\"WebSite\",\"@id\":\"https:\/\/www.nembutalscams.com\/en\/#website\",\"url\":\"https:\/\/www.nembutalscams.com\/en\/\",\"name\":\"Truffe con il Nembutal\",\"description\":\"Nembutal Scams Neighbourhood Watch\",\"potentialAction\":[{\"@type\":\"SearchAction\",\"target\":\"https:\/\/www.nembutalscams.com\/en\/?s={search_term_string}\",\"query-input\":\"required name=search_term_string\"}],\"inLanguage\":\"it-IT\"},{\"@type\":\"ImageObject\",\"@id\":\"https:\/\/www.nembutalscams.com\/faqs\/#primaryimage\",\"inLanguage\":\"it-IT\",\"url\":\"https:\/\/www.nembutalscams.com\/wp-content\/uploads\/featured_img_new6.png\",\"width\":700,\"height\":170},{\"@type\":\"WebPage\",\"@id\":\"https:\/\/www.nembutalscams.com\/faqs\/#webpage\",\"url\":\"https:\/\/www.nembutalscams.com\/faqs\/\",\"name\":\"[:en]FAQs[:de]FAQs - Fragen und Antworten[:fr]Forum aux Questions[:nl]FAQs[:it]FAQ - Domande e risposte[:es]Preguntas frecuentes[:] - Truffe legate al Nembutal\",\"isPartOf\":{\"@id\":\"https:\/\/www.nembutalscams.com\/en\/#website\"},\"primaryImageOfPage\":{\"@id\":\"https:\/\/www.nembutalscams.com\/faqs\/#primaryimage\"},\"datePublished\":\"2020-06-15T07:12:18+00:00\",\"dateModified\":\"2020-10-22T12:27:32+00:00\",\"breadcrumb\":{\"@id\":\"https:\/\/www.nembutalscams.com\/faqs\/#breadcrumb\"},\"inLanguage\":\"it-IT\",\"potentialAction\":[{\"@type\":\"ReadAction\",\"target\":[\"https:\/\/www.nembutalscams.com\/faqs\/\"]}]},{\"@type\":\"BreadcrumbList\",\"@id\":\"https:\/\/www.nembutalscams.com\/faqs\/#breadcrumb\",\"itemListElement\":[{\"@type\":\"ListItem\",\"position\":1,\"item\":{\"@type\":\"WebPage\",\"@id\":\"https:\/\/www.nembutalscams.com\/\",\"url\":\"https:\/\/www.nembutalscams.com\/\",\"name\":\"Home\"}},{\"@type\":\"ListItem\",\"position\":2,\"item\":{\"@type\":\"WebPage\",\"@id\":\"https:\/\/www.nembutalscams.com\/faqs\/\",\"url\":\"https:\/\/www.nembutalscams.com\/faqs\/\",\"name\":\"FAQs\"}}]}]}<\/script>\n<!-- \/ Yoast SEO plugin. -->","_links":{"self":[{"href":"https:\/\/www.nembutalscams.com\/it\/wp-json\/wp\/v2\/pages\/526"}],"collection":[{"href":"https:\/\/www.nembutalscams.com\/it\/wp-json\/wp\/v2\/pages"}],"about":[{"href":"https:\/\/www.nembutalscams.com\/it\/wp-json\/wp\/v2\/types\/page"}],"author":[{"embeddable":true,"href":"https:\/\/www.nembutalscams.com\/it\/wp-json\/wp\/v2\/users\/1"}],"replies":[{"embeddable":true,"href":"https:\/\/www.nembutalscams.com\/it\/wp-json\/wp\/v2\/comments?post=526"}],"version-history":[{"count":26,"href":"https:\/\/www.nembutalscams.com\/it\/wp-json\/wp\/v2\/pages\/526\/revisions"}],"predecessor-version":[{"id":1769,"href":"https:\/\/www.nembutalscams.com\/it\/wp-json\/wp\/v2\/pages\/526\/revisions\/1769"}],"wp:featuredmedia":[{"embeddable":true,"href":"https:\/\/www.nembutalscams.com\/it\/wp-json\/wp\/v2\/media\/1237"}],"wp:attachment":[{"href":"https:\/\/www.nembutalscams.com\/it\/wp-json\/wp\/v2\/media?parent=526"}],"curies":[{"name":"wp","href":"https:\/\/api.w.org\/{rel}","templated":true}]}}