{"id":1277,"date":"2020-07-23T18:07:01","date_gmt":"2020-07-23T18:07:01","guid":{"rendered":"http:\/\/www.nembutalscams.com\/?page_id=1277"},"modified":"2020-10-22T11:43:34","modified_gmt":"2020-10-22T11:43:34","slug":"black-market","status":"publish","type":"page","link":"https:\/\/www.nembutalscams.com\/nl\/about-nembutal\/black-market\/","title":{"rendered":"Nembutal &#038; de zwarte markt"},"content":{"rendered":"<p>In de jaren zestig werd Nembutal gebruikt als een verslavende drug.<\/p>\n<p>Door de hoeveelheid zorgvuldig te doseren, gaf Nembutal een euforisch en rustgevend gevoel. Dit is waarom barbituraten bekend werden als \u2018downers\u2019.<\/p>\n<p>Downers als drugs worden vaak gecombineerd met \u2018uppers\u2019 zoals amfetaminen.<\/p>\n<p>Met slechts een kleine veiligheidsmarge voor het gewenste euforische gevoel was er een aanzienlijk gevaar bij het gebruik van een overdosis.<\/p>\n<p>Nembutal is vandaag de dag alleen nog een medicijn dat maar \u00e9\u00e9n keer wordt ingenomen (voor een vreedzame dood). Men heeft hiervoor maar \u00e9\u00e9n dosis Nembutal nodig. Daarom wordt Nembutal niet meer verhandeld als drug op de zwarte markt (zoals coca\u00efne, fentanyl en andere partydrugs).<\/p>\n<p>Er zijn weinig leveranciers van Nembutal, ook niet op het dark web.<\/p>\n<p>Dit gebrek aan beschikbaarheid op de zwarte markt zorgt ervoor dat er online vele vormen van Nembutal-oplichting zijn ontstaan.Deze oplichters zijn geen dealers op de zwarte markt omdat ze nooit een product leveren.In plaats daarvan lichten ze aspirant-kopers op, en bedriegen en bedreigen ze hen zonder iets te leveren. Omdat de oplichters concreet geen medicijnen leveren, kan dat de reden zijn waarom de FBI zich niet op hen, maar op de echte leveranciers richten.<\/p>\n<p><div id=\"attachment_1323\" style=\"width: 310px\" class=\"wp-caption aligncenter\"><img aria-describedby=\"caption-attachment-1323\" loading=\"lazy\" class=\"size-medium wp-image-1323\" src=\"http:\/\/www.nembutalscams.com\/wp-content\/uploads\/Silk-Road-Seizure-300x223.jpeg\" alt=\"\" width=\"300\" height=\"223\" srcset=\"https:\/\/www.nembutalscams.com\/wp-content\/uploads\/Silk-Road-Seizure-300x223.jpeg 300w, https:\/\/www.nembutalscams.com\/wp-content\/uploads\/Silk-Road-Seizure-768x571.jpeg 768w, https:\/\/www.nembutalscams.com\/wp-content\/uploads\/Silk-Road-Seizure.jpeg 968w\" sizes=\"(max-width: 300px) 100vw, 300px\" \/><p id=\"caption-attachment-1323\" class=\"wp-caption-text\">Silk Road beslaglegging<\/p><\/div><\/p>","protected":false},"excerpt":{"rendered":"<p>In de jaren zestig werd Nembutal gebruikt als een verslavende drug. Door de hoeveelheid zorgvuldig te doseren, gaf Nembutal een euforisch en rustgevend gevoel. Dit is waarom barbituraten bekend werden als \u2018downers\u2019. Downers als&#46;&#46;&#46;<\/p>\n","protected":false},"author":1,"featured_media":1237,"parent":1266,"menu_order":0,"comment_status":"closed","ping_status":"closed","template":"","meta":[],"yoast_head":"<!-- This site is optimized with the Yoast SEO plugin v16.0.2 - https:\/\/yoast.com\/wordpress\/plugins\/seo\/ -->\n<title>Nembutal &amp; de zwarte markt - Nembutal oplichting<\/title>\n<link rel=\"canonical\" href=\"https:\/\/www.nembutalscams.com\/about-nembutal\/black-market\/\" \/>\n<meta property=\"og:locale\" content=\"nl_NL\" \/>\n<meta property=\"og:type\" content=\"article\" \/>\n<meta property=\"og:title\" content=\"[:en]Nembutal &amp; the Black Market[:de]Nembutal &amp; the Black Market[:fr]Le Nembutal et le march\u00e9 noir[:nl]Nembutal &amp; de zwarte markt[:it]Nembutal e il mercato nero[:es]Nembutal y el mercado negro[:] - Nembutal oplichting\" \/>\n<meta property=\"og:description\" content=\"In de jaren zestig werd Nembutal gebruikt als een verslavende drug. Door de hoeveelheid zorgvuldig te doseren, gaf Nembutal een euforisch en rustgevend gevoel. Dit is waarom barbituraten bekend werden als \u2018downers\u2019. Downers als&#046;&#046;&#046;\" \/>\n<meta property=\"og:url\" content=\"https:\/\/www.nembutalscams.com\/about-nembutal\/black-market\/\" \/>\n<meta property=\"og:site_name\" content=\"Nembutal oplichting\" \/>\n<meta property=\"article:modified_time\" content=\"2020-10-22T11:43:34+00:00\" \/>\n<meta property=\"og:image\" content=\"https:\/\/www.nembutalscams.com\/wp-content\/uploads\/featured_img_new6.png\" \/>\n\t<meta property=\"og:image:width\" content=\"700\" \/>\n\t<meta property=\"og:image:height\" content=\"170\" \/>\n<meta name=\"twitter:card\" content=\"summary_large_image\" \/>\n<meta name=\"twitter:label1\" content=\"Geschatte leestijd\">\n\t<meta name=\"twitter:data1\" content=\"6 minuten\">\n<script type=\"application\/ld+json\" class=\"yoast-schema-graph\">{\"@context\":\"https:\/\/schema.org\",\"@graph\":[{\"@type\":\"WebSite\",\"@id\":\"https:\/\/www.nembutalscams.com\/en\/#website\",\"url\":\"https:\/\/www.nembutalscams.com\/en\/\",\"name\":\"Nembutal Scams\",\"description\":\"Nembutal Scams Neighbourhood Watch\",\"potentialAction\":[{\"@type\":\"SearchAction\",\"target\":\"https:\/\/www.nembutalscams.com\/en\/?s={search_term_string}\",\"query-input\":\"required name=search_term_string\"}],\"inLanguage\":\"nl\"},{\"@type\":\"ImageObject\",\"@id\":\"https:\/\/www.nembutalscams.com\/about-nembutal\/black-market\/#primaryimage\",\"inLanguage\":\"nl\",\"url\":\"https:\/\/www.nembutalscams.com\/wp-content\/uploads\/featured_img_new6.png\",\"width\":700,\"height\":170},{\"@type\":\"WebPage\",\"@id\":\"https:\/\/www.nembutalscams.com\/about-nembutal\/black-market\/#webpage\",\"url\":\"https:\/\/www.nembutalscams.com\/about-nembutal\/black-market\/\",\"name\":\"[:en]Nembutal & the Black Market[:de]Nembutal & the Black Market[:fr]Le Nembutal et le march\\u00e9 noir[:nl]Nembutal & de zwarte markt[:it]Nembutal e il mercato nero[:es]Nembutal y el mercado negro[:] - Nembutal oplichting\",\"isPartOf\":{\"@id\":\"https:\/\/www.nembutalscams.com\/en\/#website\"},\"primaryImageOfPage\":{\"@id\":\"https:\/\/www.nembutalscams.com\/about-nembutal\/black-market\/#primaryimage\"},\"datePublished\":\"2020-07-23T18:07:01+00:00\",\"dateModified\":\"2020-10-22T11:43:34+00:00\",\"breadcrumb\":{\"@id\":\"https:\/\/www.nembutalscams.com\/about-nembutal\/black-market\/#breadcrumb\"},\"inLanguage\":\"nl\",\"potentialAction\":[{\"@type\":\"ReadAction\",\"target\":[\"https:\/\/www.nembutalscams.com\/about-nembutal\/black-market\/\"]}]},{\"@type\":\"BreadcrumbList\",\"@id\":\"https:\/\/www.nembutalscams.com\/about-nembutal\/black-market\/#breadcrumb\",\"itemListElement\":[{\"@type\":\"ListItem\",\"position\":1,\"item\":{\"@type\":\"WebPage\",\"@id\":\"https:\/\/www.nembutalscams.com\/\",\"url\":\"https:\/\/www.nembutalscams.com\/\",\"name\":\"Home\"}},{\"@type\":\"ListItem\",\"position\":2,\"item\":{\"@type\":\"WebPage\",\"@id\":\"https:\/\/www.nembutalscams.com\/about-nembutal\/\",\"url\":\"https:\/\/www.nembutalscams.com\/about-nembutal\/\",\"name\":\"About Nembutal\"}},{\"@type\":\"ListItem\",\"position\":3,\"item\":{\"@type\":\"WebPage\",\"@id\":\"https:\/\/www.nembutalscams.com\/about-nembutal\/black-market\/\",\"url\":\"https:\/\/www.nembutalscams.com\/about-nembutal\/black-market\/\",\"name\":\"Nembutal &#038; the Black Market\"}}]}]}<\/script>\n<!-- \/ Yoast SEO plugin. -->","_links":{"self":[{"href":"https:\/\/www.nembutalscams.com\/nl\/wp-json\/wp\/v2\/pages\/1277"}],"collection":[{"href":"https:\/\/www.nembutalscams.com\/nl\/wp-json\/wp\/v2\/pages"}],"about":[{"href":"https:\/\/www.nembutalscams.com\/nl\/wp-json\/wp\/v2\/types\/page"}],"author":[{"embeddable":true,"href":"https:\/\/www.nembutalscams.com\/nl\/wp-json\/wp\/v2\/users\/1"}],"replies":[{"embeddable":true,"href":"https:\/\/www.nembutalscams.com\/nl\/wp-json\/wp\/v2\/comments?post=1277"}],"version-history":[{"count":11,"href":"https:\/\/www.nembutalscams.com\/nl\/wp-json\/wp\/v2\/pages\/1277\/revisions"}],"predecessor-version":[{"id":1757,"href":"https:\/\/www.nembutalscams.com\/nl\/wp-json\/wp\/v2\/pages\/1277\/revisions\/1757"}],"up":[{"embeddable":true,"href":"https:\/\/www.nembutalscams.com\/nl\/wp-json\/wp\/v2\/pages\/1266"}],"wp:featuredmedia":[{"embeddable":true,"href":"https:\/\/www.nembutalscams.com\/nl\/wp-json\/wp\/v2\/media\/1237"}],"wp:attachment":[{"href":"https:\/\/www.nembutalscams.com\/nl\/wp-json\/wp\/v2\/media?parent=1277"}],"curies":[{"name":"wp","href":"https:\/\/api.w.org\/{rel}","templated":true}]}}